{"id":2165,"date":"2018-01-17T12:08:25","date_gmt":"2018-01-17T11:08:25","guid":{"rendered":"http:\/\/wsse.krakow.pl\/page\/?page_id=2165"},"modified":"2018-01-17T12:20:52","modified_gmt":"2018-01-17T11:20:52","slug":"dzialania","status":"publish","type":"page","link":"https:\/\/wsse.krakow.pl\/page\/dzialania\/","title":{"rendered":"Dzia\u0142ania"},"content":{"rendered":"<p><strong><li class=\"categories\">Kategorie<ul>\t<li class=\"cat-item cat-item-53\"><a href=\"https:\/\/wsse.krakow.pl\/page\/category\/wsse\/obszary-dzialan\/arkusze-oceny-obiektu\/\" title=\"\r\n\tArkusze oceny obiektu\r\n\r\n\tSzanowni Pa\u0144stwo!\r\n\r\n\tPrzedstawiamy Pa\u0144stwu opracowany przez Pa\u0144stwow\u0105 Inspekcj\u0119 Sanitarn\u0105 wojew\u00f3dztwa ma\u0142opolskiego materia\u0142 dotycz\u0105cy identyfikacji i oceny ryzyka w obszarze nadzoru sanitarnego. Dotyczy wszystkich kontrolowanych kategorii obiekt\u00f3w. Opracowany materia\u0142 ma na celu ujednolicenie i&nbsp;usprawnienie podejmowanych dzia\u0142a\u0144 w trakcie przeprowadzania kontroli sanitarnych w ca\u0142ym wojew\u00f3dztwie.\r\n\r\n\tW zak\u0142adce \u201eArkusze oceny obiektu\u201d zosta\u0142y umieszczone arkusze, kt\u00f3re s\u0105 wykorzystywane podczas kontroli przez pracownik\u00f3w Inspekcji Sanitarnej.\r\n\r\n\tOpublikowane arkusze stanowi\u0105 doskona\u0142e narz\u0119dzie pomocnicze dla podmiot\u00f3w, przedsi\u0119biorc\u00f3w, w\u0142a\u015bcicieli obiekt\u00f3w, zarz\u0105dc\u00f3w do przeprowadzenia we w\u0142asnym zakresie samooceny stanu sanitarno-higienicznego swojego obiektu.\r\n\r\n\tSamocen\u0119 prosz\u0119 zacz\u0105\u0107 od wyboru swojego rodzaju obiektu, kt\u00f3ry znajduje si\u0119 w danym obszarze nadzoru sanitarnego np.: szko\u0142a b\u0119dzie si\u0119 znajdowa\u0142a w Nadzorze Higieny Dzieci i M\u0142odzie\u017cy, Dom Pomocy Spo\u0142ecznej b\u0119dzie si\u0119 znajdowa\u0142 w Nadzorze Higieny Komunalnej, itp.\r\n\r\n\tNast\u0119pnie po otwarciu danego pliku proces samooceny prosz\u0119 rozpocz\u0105\u0107 od zapoznania si\u0119 z wykazem nieprawid\u0142owo\u015bci w danym obszarze kontroli. Do ka\u017cdej nieprawid\u0142owo\u015bci jest wskazanie podstawy prawnej, kt\u00f3ra reguluje odpowiednie post\u0119powanie administracyjne lub mandatowe w przypadku, gdy nieprawid\u0142owo\u015b\u0107 zostanie stwierdzona. Analiza poszczeg\u00f3lnych punkt\u00f3w pozwoli Pa\u0144stwu stwierdzi\u0107, kt\u00f3ry obszar nie spe\u0142nia okre\u015blonych przepisami prawa wymog\u00f3w. Je\u017celi taka sytuacja b\u0119dzie mia\u0142a miejsce mog\u0105 Pa\u0144stwo podj\u0105\u0107 dzia\u0142ania naprawcze we w\u0142asnym zakresie celem jej eliminacji.\r\n\r\n\tZach\u0119camy do zapoznania si\u0119 z za\u0142\u0105czonym materia\u0142em i wykorzystywa\u0107 dla weryfikacji, czy Pa\u0144stwa obiekt zapewnia w\u0142a\u015bciwe wymogi sanitarno-higieniczne. Dla u\u0142atwienia w ka\u017cdym obszarze zosta\u0142a zamieszczony materia\u0142 informacyjny do za\u0142\u0105czonych tabel.\r\n\r\n\tB\u0119dziemy wdzi\u0119czni za przekazywanie nam swoich uwag oraz opinii dla ka\u017cdego arkusza i przes\u0142anie ich na adres: nj@wsse.krakow.pl. Pa\u0144stwa uwagi i spostrze\u017cenia pomog\u0105 nam w doskonaleniu realizowanych przez nas zada\u0144. &nbsp;\r\n\r\n\tSerdeczne zapraszamy!\r\n\">Arkusze oceny obiektu<\/a>\n<\/li>\n\t<li class=\"cat-item cat-item-36\"><a href=\"https:\/\/wsse.krakow.pl\/page\/category\/wsse\/obszary-dzialan\/uslugi-laboratoryjne\/\">Us\u0142ugi Laboratoryjne<\/a>\n<\/li>\n\t<li class=\"cat-item cat-item-61\"><a href=\"https:\/\/wsse.krakow.pl\/page\/category\/wsse\/obszary-dzialan\/swiatowe-dni-mlodziezy\/\" title=\"\r\n\t\u015awiatowe Dni M\u0142odzie\u017cy\r\n\r\n\t\u015awiatowe Dni M\u0142odzie\u017cy to spotkania organizowane dla m\u0142odych katolik\u00f3w, odbywaj\u0105ce si\u0119 co dwa-trzy lata. Tradycj\u0119 t\u0119 zapocz\u0105tkowa\u0142 w 1985 roku&nbsp; Jan Pawe\u0142 II.\r\n\r\n\tDecyzj\u0105 Papie\u017ca Franciszka, w 2016 roku \u015awiatowe Dni M\u0142odzie\u017cy odb\u0119d\u0105 si\u0119 w Krakowie w dniach 26 \u2013 31 lipca, pod has\u0142em \u201eB\u0142ogos\u0142awieni mi\u0142osierni, albowiem oni mi\u0142osierdzia dost\u0105pi\u0105\u201d.\r\n\r\n\tW trakcie \u015awiatowych Dni M\u0142odzie\u017cy odbywaj\u0105 si\u0119 wydarzenia centralne oraz wydarzenia towarzysz\u0105ce.\r\n\r\n\tWydarzenia centralne:\r\n\t26 lipca (wtorek) \u2013 Msza \u015awi\u0119ta na Otwarcie \u015aDM\r\n\t28 lipca (czwartek) \u2013 Ceremonia Powitania \u2013 pierwsze spotkanie z Ojcem \u015awi\u0119tym\r\n\t29 lipca (pi\u0105tek) \u2013 Droga Krzy\u017cowa\r\n\t30 lipca (sobota) \u2013 Czuwanie z Ojcem \u015awi\u0119tym\r\n\t31 lipca (niedziela) \u2013 Msza \u015awi\u0119ta Pos\u0142ania\r\n\t\r\n\tWydarzenia towarzysz\u0105ce to:\r\n\t- katechezy\r\n\t- Festiwal M\u0142odych\r\n\t- Centrum Powo\u0142aniowe\r\n\t- Spotkania wolontariuszy z Papie\u017cem\r\n\t\r\n\tStrony powi\u0105zane ze \u015awiatowymi Dniami M\u0142odzie\u017cy:\r\n\thttp:\/\/www.krakow2016.com\r\n\">\u015awiatowe Dni M\u0142odzie\u017cy<\/a>\n<\/li>\n\t<li class=\"cat-item cat-item-60\"><a href=\"https:\/\/wsse.krakow.pl\/page\/category\/wsse\/obszary-dzialan\/sac\/\" title=\"\r\n\tAplikacja kontrolna SAC\r\n\r\n\tStatystyczna Aplikacja Kontrolna (SAC) jest narz\u0119dziem informatycznym wspomagaj\u0105cym przeprowadzanie kontroli obiekt\u00f3w.\r\n\r\n\tCelem wdra\u017cania aplikacji kontrolnej jest:\r\n\r\n\t\u00b7&nbsp;&nbsp;&nbsp;&nbsp;&nbsp;&nbsp;&nbsp;&nbsp; Standaryzacja i usprawnienie procesu kontroli\r\n\r\n\t\u00b7&nbsp;&nbsp;&nbsp;&nbsp;&nbsp;&nbsp;&nbsp;&nbsp; Jedna baza danych\r\n\r\n\t\u00b7&nbsp;&nbsp;&nbsp;&nbsp;&nbsp;&nbsp;&nbsp;&nbsp; Bie\u017c\u0105cy monitoring\r\n\r\n\t\u00b7&nbsp;&nbsp;&nbsp;&nbsp;&nbsp;&nbsp;&nbsp;&nbsp; Usprawnienie procesu sprawozdawczego\r\n\r\n\t\u00b7&nbsp;&nbsp;&nbsp;&nbsp;&nbsp;&nbsp;&nbsp;&nbsp; U\u0142atwienie przeprowadzania analiz\r\n\r\n\tDane zebrane w aplikacji kontrolnej dostarcz\u0105 danych statystycznych, materia\u0142\u00f3w do przeprowadzania analiz, ocen ryzyka i pozwol\u0105 na usprawnienie rozpocz\u0119tego procesu standaryzacji systemu nadzoru i podj\u0119cie dzia\u0142a\u0144 edukacyjnych w obszarach, w kt\u00f3rych najcz\u0119\u015bciej wyst\u0119puj\u0105 nieprawid\u0142owo\u015bci oraz efektywne i skuteczne planowanie \u015brodk\u00f3w na dzia\u0142ania inspekcji sanitarnej.\r\n\r\n\tPracownik Pa\u0144stwowej Inspekcji Sanitarnej przeprowadzaj\u0105cy kontrole obiektu korzystaj\u0105c z laptopa loguje si\u0119 do aplikacji kontrolnej i na bie\u017c\u0105co zapisuje ca\u0142y proces pocz\u0105wszy od przeprowadzenia analizy ryzyka a\u017c do ustale\u0144 pokontrolnych. Nast\u0119pnie protok\u00f3\u0142 kontroli jest drukowany na miejscu kontrolowanego obiektu.\r\n\r\n\tPrzedsi\u0119biorca mo\u017ce dokona\u0107 samooceny stanu sanitarno-higienicznego swojego obiektu i stwierdzi\u0107, kt\u00f3ry obszar nie spe\u0142nia okre\u015blonych przepisami prawa wymog\u00f3w. Je\u017celi taka sytuacja b\u0119dzie mia\u0142a miejsce mog\u0105 Pa\u0144stwo podj\u0105\u0107 dzia\u0142ania naprawcze we w\u0142asnym zakresie celem jej eliminacji.\r\n\r\n\tMo\u017cliwo\u015b\u0107 dokonania samooceny przez przedsi\u0119biorc\u0119 jest mo\u017cliwa po uzyskaniu wraz z zawiadomieniem o zamiarze wszcz\u0119cia kontroli, indywidualnego loginu i has\u0142a.\r\n\r\n\tPoni\u017cej znajduje si\u0119 Instrukcja postepowania w zakresie dokonania samokontroli.\r\n\">Aplikacja kontrolna SAC<\/a>\n<\/li>\n\t<li class=\"cat-item cat-item-26\"><a href=\"https:\/\/wsse.krakow.pl\/page\/category\/wsse\/obszary-dzialan\/nadzor-sanitarny\/\" title=\"Zasadniczym celem dzia\u0142alno\u015bci Dzia\u0142u Nadzoru Sanitarnego, zgodnie z ustaw\u0105 o Pa\u0144stwowej Inspekcji Sanitarnej,  jest ochrona zdrowia przed niekorzystnym wp\u0142ywem czynnik\u00f3w  \u015brodowiska w kt\u00f3rym \u017cyjemy i zapobieganie powstawaniu chor\u00f3b. Nasze dzia\u0142ania prowadzone s\u0105 w obszarach, kt\u00f3re maj\u0105 zabezpiecza\u0107 realizacj\u0119 wspomnianego celu i dotycz\u0105:\r\n\r\n\r\n- sprawowania zapobiegawczego nadzoru sanitarnego, polegaj\u0105cego m.in. na uzgadnianiu plan\u00f3w zagospodarowania przestrzennego i wymaga\u0144 higieniczno-sanitarnych okre\u015blonych dla budownictwa,\r\n- sprawowania bie\u017c\u0105cego nadzoru sanitarnego nad przestrzeganiem przepis\u00f3w higienicznych i zdrowotnych okre\u015blonych dla poszczeg\u00f3lnych obszar\u00f3w naszego \u017cycia, takich jak \u015brodowisko domowe, szko\u0142a, praca czy szeroko rozumiana \u017cywno\u015b\u0107 i \u017cywienie,\r\n- prowadzenia dzia\u0142alno\u015bci zapobiegawczej i przeciwepidemicznej w zakresie chor\u00f3b zaka\u017anych i chor\u00f3b wynikaj\u0105cych z warunk\u00f3w pracy.\r\n\r\n\u00a0\r\n\">Nadz\u00f3r Sanitarny<\/a>\n<\/li>\n\t<li class=\"cat-item cat-item-52\"><a href=\"https:\/\/wsse.krakow.pl\/page\/category\/wsse\/obszary-dzialan\/szczepienia\/\" title=\"https:\/\/wsse.krakow.pl\/page\/dzialania\/szczepienia\/\">Szczepienia<\/a>\n<\/li>\n\t<li class=\"cat-item cat-item-40\"><a href=\"https:\/\/wsse.krakow.pl\/page\/category\/wsse\/obszary-dzialan\/promocja-zdrowia\/\" title=\"[categories hide_title_if_empty=0 hide_empty=0 orderby=count depth=1 child_of=40]\r\n\r\n\r\n\u201eWiedza bez dzia\u0142ania jest pusta, ale te\u017c  dzia\u0142anie bez wiedzy jest \u015blepe.\u201d\r\n\r\n\r\nJensen 1994\r\nWsp\u00f3\u0142czesna epidemia chor\u00f3b cywilizacyjnych jest wyzwaniem dla ka\u017cdego systemu ochrony zdrowia. Najwa\u017cniejsze czynniki, kt\u00f3re maj\u0105 wp\u0142yw na nasze zdrowie to te zwi\u0105zane ze stylem \u017cycia i na kt\u00f3re mamy wp\u0142yw.\r\nTylko powszechna, akceptowana i racjonalna profilaktyka schorze\u0144 najbardziej spo\u0142ecznie obci\u0105\u017caj\u0105cych, powi\u0105zana z edukacj\u0105 spo\u0142eczn\u0105 i promocj\u0105 zdrowego stylu \u017cycia mo\u017ce by\u0107 skutecznie opanowa\u0107 t\u0105 epidemi\u0119.\r\nPromocj\u0119 zdrowia rozumiemy jako tworzenie warunk\u00f3w u\u0142atwiaj\u0105cych  i zach\u0119caj\u0105cych do prozdrowotnego stylu \u017cycia. Dzia\u0142ania z zakresu promocji zdrowia maj\u0105 na celu zwi\u0119kszanie kontroli nad swoim zdrowiem. Obok profilaktyki i edukacji zdrowotnej jest jednym z podstawowych element\u00f3w zdrowia publicznego.\r\nEdukacja zdrowotna jest procesem w kt\u00f3rym ludzie ucz\u0105 si\u0119 jak dba\u0107 o w\u0142asne zdrowie. Obejmuje propagowanie prozdrowotnych przekona\u0144 i postaw i ukierunkowana jest na czynniki maj\u0105ce najwi\u0119kszy wp\u0142yw na nasze zdrowie. Do tych czynnik\u00f3w mo\u017cemy zaliczy\u0107:\r\n\r\n\r\n \tpalenie tytoniu\r\n \tbrak lub ma\u0142a aktywno\u015b\u0107 fizyczna\r\n \tniew\u0142a\u015bciwa dieta\r\n \tnadmierne spo\u017cycie soli\r\n\r\nObok dostarczania wiedzy z zakresu zdrowia niezb\u0119dne s\u0105 dzia\u0142ania u\u0142atwiaj\u0105ce podejmowanie prozdrowotnych decyzji. Do takich dzia\u0142a\u0144 nale\u017c\u0105 mi\u0119dzy innymi:\r\n\r\n\r\n \tzakaz palenia w miejscach publicznych\r\n \tpropagowanie mody na niepalenie\r\n \tzwi\u0119kszenie powszechnej dost\u0119pno\u015bci do soli o obni\u017conej zawarto\u015bci sodu i produkt\u00f3w spo\u017cywczych o obni\u017conej zawarto\u015bci soli\r\n \ttworzenie \u015bcie\u017cek rowerowych, wypo\u017cyczalni rower\u00f3w, klub\u00f3w sportowych, itp.\r\n\r\nPa\u0144stwowa Inspekcja Sanitarna sprawuje zapobiegawczy i bie\u017c\u0105cy nadz\u00f3r sanitarny w celu zapobiegania powstawania chor\u00f3b oraz prowadz\u0105c do tej pory dzia\u0142ania przeciw-epidemiczne w zakresie chor\u00f3b zaka\u017anych. W ci\u0105gu dziesi\u0119cioleci funkcjonowania tej s\u0142u\u017cby zagro\u017cenia zdrowia publicznego uleg\u0142y daleko id\u0105cym zmianom. Poprawy zdrowotno\u015bci nale\u017cy oczekiwa\u0107 nie poprzez medycyn\u0119, ale poprzez dzia\u0142ania w zakresie zdrowia publicznego. W tym kierunku nale\u017cy pilnie skierowa\u0107 polityk\u0119 zdrowotn\u0105. Obecnie najwi\u0119ksze zagro\u017cenie \u017cycia stwarzaj\u0105 powszechnie wyst\u0119puj\u0105ce choroby niezka\u017ane. Skuteczn\u0105 walk\u0119 z nimi mo\u017cna podj\u0105\u0107 realizuj\u0105c r\u00f3\u017cnego rodzaju programy zdrowotne. Dzia\u0142ania takie realizuje Pa\u0144stwowa Inspekcja Sanitarna. Zobacz realizowane przez nas programy zdrowotne.\r\n\r\n\">Promocja Zdrowia<\/a>\n<\/li>\n<\/ul><\/li><\/strong><\/p>\n","protected":false},"excerpt":{"rendered":"","protected":false},"author":1,"featured_media":0,"parent":0,"menu_order":0,"comment_status":"closed","ping_status":"closed","template":"","meta":{"_monsterinsights_skip_tracking":false,"_monsterinsights_sitenote_active":false,"_monsterinsights_sitenote_note":"","_monsterinsights_sitenote_category":0,"footnotes":""},"class_list":["post-2165","page","type-page","status-publish","hentry"],"_links":{"self":[{"href":"https:\/\/wsse.krakow.pl\/page\/wp-json\/wp\/v2\/pages\/2165","targetHints":{"allow":["GET"]}}],"collection":[{"href":"https:\/\/wsse.krakow.pl\/page\/wp-json\/wp\/v2\/pages"}],"about":[{"href":"https:\/\/wsse.krakow.pl\/page\/wp-json\/wp\/v2\/types\/page"}],"author":[{"embeddable":true,"href":"https:\/\/wsse.krakow.pl\/page\/wp-json\/wp\/v2\/users\/1"}],"replies":[{"embeddable":true,"href":"https:\/\/wsse.krakow.pl\/page\/wp-json\/wp\/v2\/comments?post=2165"}],"version-history":[{"count":2,"href":"https:\/\/wsse.krakow.pl\/page\/wp-json\/wp\/v2\/pages\/2165\/revisions"}],"predecessor-version":[{"id":2167,"href":"https:\/\/wsse.krakow.pl\/page\/wp-json\/wp\/v2\/pages\/2165\/revisions\/2167"}],"wp:attachment":[{"href":"https:\/\/wsse.krakow.pl\/page\/wp-json\/wp\/v2\/media?parent=2165"}],"curies":[{"name":"wp","href":"https:\/\/api.w.org\/{rel}","templated":true}]}}