{"id":2168,"date":"2018-01-17T12:10:40","date_gmt":"2018-01-17T11:10:40","guid":{"rendered":"http:\/\/wsse.krakow.pl\/page\/?page_id=2168"},"modified":"2018-09-26T13:26:29","modified_gmt":"2018-09-26T11:26:29","slug":"arkusze-oceny-obiektu","status":"publish","type":"page","link":"https:\/\/wsse.krakow.pl\/page\/arkusze-oceny-obiektu\/","title":{"rendered":"Arkusze oceny obiektu"},"content":{"rendered":"<p><strong>Szanowni Pa\u0144stwo!<\/strong><\/p>\n<p style=\"text-align: justify;\" align=\"justify\">Przedstawiamy Pa\u0144stwu opracowany przez Pa\u0144stwow\u0105 Inspekcj\u0119 Sanitarn\u0105 wojew\u00f3dztwa ma\u0142opolskiego materia\u0142 dotycz\u0105cy identyfikacji i oceny ryzyka w obszarze nadzoru sanitarnego. Dotyczy wszystkich kontrolowanych kategorii obiekt\u00f3w. Opracowany materia\u0142 ma na celu ujednolicenie i usprawnienie podejmowanych dzia\u0142a\u0144 w trakcie przeprowadzania kontroli sanitarnych w ca\u0142ym wojew\u00f3dztwie.<\/p>\n<p style=\"text-align: justify;\" align=\"justify\">W zak\u0142adce \u201eArkusze oceny obiektu\u201d zosta\u0142y umieszczone arkusze, kt\u00f3re s\u0105 wykorzystywane podczas kontroli przez pracownik\u00f3w Inspekcji Sanitarnej.<\/p>\n<p style=\"text-align: justify;\" align=\"justify\">Opublikowane arkusze stanowi\u0105 doskona\u0142e narz\u0119dzie pomocnicze dla podmiot\u00f3w, przedsi\u0119biorc\u00f3w, w\u0142a\u015bcicieli obiekt\u00f3w, zarz\u0105dc\u00f3w do przeprowadzenia we w\u0142asnym zakresie <u>samooceny<\/u> stanu sanitarno-higienicznego swojego obiektu.<\/p>\n<p style=\"text-align: justify;\" align=\"justify\">Samoocen\u0119 prosz\u0119 zacz\u0105\u0107 od wyboru swojego rodzaju obiektu, kt\u00f3ry znajduje si\u0119 w danym obszarze nadzoru sanitarnego np.: szko\u0142a b\u0119dzie si\u0119 znajdowa\u0142a w Nadzorze Higieny Dzieci i M\u0142odzie\u017cy, Dom Pomocy Spo\u0142ecznej b\u0119dzie si\u0119 znajdowa\u0142 w Nadzorze Higieny Komunalnej, itp.<\/p>\n<p style=\"text-align: justify;\" align=\"justify\">Nast\u0119pnie po otwarciu danego pliku proces samooceny prosz\u0119 rozpocz\u0105\u0107 od zapoznania si\u0119 z wykazem nieprawid\u0142owo\u015bci w danym obszarze kontroli. Do ka\u017cdej nieprawid\u0142owo\u015bci jest wskazanie podstawy prawnej, kt\u00f3ra reguluje odpowiednie post\u0119powanie administracyjne lub mandatowe w przypadku, gdy nieprawid\u0142owo\u015b\u0107 zostanie stwierdzona. Analiza poszczeg\u00f3lnych punkt\u00f3w pozwoli Pa\u0144stwu stwierdzi\u0107, kt\u00f3ry obszar nie spe\u0142nia okre\u015blonych przepisami prawa wymog\u00f3w. Je\u017celi taka sytuacja b\u0119dzie mia\u0142a miejsce mog\u0105 Pa\u0144stwo podj\u0105\u0107 dzia\u0142ania naprawcze we w\u0142asnym zakresie celem jej eliminacji.<\/p>\n<p style=\"text-align: justify;\" align=\"justify\">Zach\u0119camy do zapoznania si\u0119 z za\u0142\u0105czonym materia\u0142em i wykorzystywa\u0107 dla weryfikacji, czy Pa\u0144stwa obiekt zapewnia w\u0142a\u015bciwe wymogi sanitarno-higieniczne. Dla u\u0142atwienia w ka\u017cdym obszarze zosta\u0142a zamieszczony materia\u0142 informacyjny do za\u0142\u0105czonych tabel.<\/p>\n<p style=\"text-align: justify;\" align=\"justify\">B\u0119dziemy wdzi\u0119czni za przekazywanie nam swoich uwag oraz opinii dla ka\u017cdego arkusza i przes\u0142anie ich na adres: <span id=\"cloakdb8b87a11e6b360db6944615cdf0d893\"><a href=\"mailto:nj@wsse.krakow.pl\">nj@wsse.krakow.pl<\/a><\/span>. Pa\u0144stwa uwagi i spostrze\u017cenia pomog\u0105 nam w doskonaleniu realizowanych przez nas zada\u0144.<\/p>\n<p><strong>Serdeczne zapraszamy!<\/strong><\/p>\n<ul>\n<li class=\"cat-item cat-item-54\"><a title=\"Instrukcja wype\u0142niania i pos\u0142ugiwania si\u0119 Arkuszami oceny ryzyka w obszarze Nadzoru Higieny \u017bywno\u015bci i \u017bywienia.pdf Do pobrania: HZZ_standaryzacja_Produkcja-materialow-i-wyrobow-do-kontaktu-z-zywnoscia_1_08_2017.xls HZZ_standaryzacja_PRODUKCJA ZYWNOSCI__1_08_2017.xls HZZ_standaryzacja_ZYWIENIE ZBIOROWE_1_08_2017.xls HZZ_standaryzacja_OBROT ZYWNOSCIA_1_08_2017.xls\" href=\"https:\/\/wsse.krakow.pl\/page\/category\/wsse\/obszary-dzialan\/arkusze-oceny-obiektu\/nadzor-higieny-zywienia-zywnosci-i-przedmiotow-uzytku-publicznego\/\"><strong>Nadz\u00f3r Higieny \u017bywienia, \u017bywno\u015bci i Przedmiot\u00f3w U\u017cytku<\/strong><\/a><\/li>\n<li class=\"cat-item cat-item-56\"><strong><a title=\"Instrukcja wype\u0142niania i pos\u0142ugiwania si\u0119 Arkuszami oceny ryzyka w obszarze Nadzoru Higieny Komunalnej.pdf Do pobrania: HK_28_USTEPY PUBLICZNE_01_08_2017. I.xls HK_27_TRASY I SZLAKI TURYSTYCZNE_01_08_2017.I.xls HK_26_TERENY REKREACYJNE_01_08_2017.xls HK_25_TARGOWISKA_01_08_2017. I.xls HK_24_SRODKI TRANSPORTU_01_08_2017. I.xls HK_22_STUDNIE PUBLICZNE_01_08_2017. I.xls HK_21_STACJE PALIW_01_08_2017. I.xls HK_16_OBIEKTY WCZASOWO-TURYSTYCZNE_01_08_2017 I.xls HK_15_OBIEKTY SPORTOWE_01_08_2017 I.xls HK_14_OBIEKTY KULTURALNO-WIDOWISKOWE_01_08_2017.xls HK _13_NOCLEGOWNIA_01_08_2017.xls HK _12_KAPIELISKA,MIEJSCA DO KAPIELI_01_08_2017.xls HK _11_INNE PODMIOTY ZAOPATRZENIA W WODE_01_08_2017.xls HK _10_HOTELE_01_08_2017.xls HK _8_ODNOWA BIOLOGICZNA_01_08_2017.xls HK _7_GABINETY KOSMETYCZNE_01_08_2017.xls HK _5_DWORCE_01_08_2017.xls HK _4_DOM PRZEDPOGRZEBOWY_01_08_2017.xls HK _2_CMENTARZ_01_08_2017.xls HK_18_PRALNIE SZPITALNE_01_08_2017I.xls HK_30_FRYZJER_ 01_08_2017.xls HK_20_PRZEDSIEBIORSTWA WOD-KAN 01_08_2017.xls HK_29_ZAKLAD KARNY_01_04_2015.xls HK_23_SZPITAL_01_04_2015.xls HK_19_PROSEKTORIUM_01_04_2015.xls HK_17_PRALNIE_01_04_2015.xls HK_9_HOSPICJUM_01_04_2015.xls HK_3_DPS_01_04_2015.xls HK_1_BASEN_01_04_2015.xls\" href=\"https:\/\/wsse.krakow.pl\/page\/category\/wsse\/obszary-dzialan\/arkusze-oceny-obiektu\/nadzor-higieny-komunalnej\/\">Nadz\u00f3r Higieny Komunalnej<\/a><\/strong><\/li>\n<li class=\"cat-item cat-item-57\"><strong><a title=\"Instrukcja wype\u0142niania i pos\u0142ugiwania si\u0119 Arkuszami oceny ryzyka w obszarze Nadzoru Higieny Pracy.pdf Do pobrania: HP_warunki BHP_17_07_2017_short.xls HP_warunki BHP_17_07_2017_full.xls \u00a0\" href=\"https:\/\/wsse.krakow.pl\/page\/category\/wsse\/obszary-dzialan\/arkusze-oceny-obiektu\/nadzor-higieny-pracy\/\">Nadz\u00f3r Higieny Pracy<\/a><\/strong><\/li>\n<li class=\"cat-item cat-item-59\"><strong><a title=\"Instrukcja wype\u0142niania i pos\u0142ugiwania si\u0119 Arkuszami kontroli w obszarze Nadzoru Higieny Radiacyjnej.pdf Pliki do pobrania HR_Formularze kontrolne_01_08_2017.xls \" href=\"https:\/\/wsse.krakow.pl\/page\/category\/wsse\/obszary-dzialan\/arkusze-oceny-obiektu\/nadzor-higieny-radiacyjnej\/\">Nadz\u00f3r Higieny Radiacyjnej<\/a><\/strong><\/li>\n<li class=\"cat-item cat-item-55\"><strong><a title=\"Instrukcja wype\u0142niania arkuszy oceny ryzyka w obszarze Nadzoru Epidemiologii.pdf Do pobrania: EP_22 SOR 1_08_2017.xls EP_12 Oddzial Zunifikowany 1_08_2017.xls EP_11 Oddzial Psychitaryczny 1_08_2017.xls EP_10 Oddzial Poloznictwa i Neonatologii z Zespolem Porodowym 1_08_2017.xls EP_9 Oddzial Leczenia Alkoholowych Zespolow Abstynencyjnych 1_08_2017.xls EP_8 Oddzial Gruzlicy i Chorob Pluc 1_08_2017.xls EP_7 Oddzial dzieciecy 1_08_2017.xls EP_6 Oddzial chorob zakaznych 1_08_2017.xls EP_2 Centralna Sterylizacja 1_08_2017.xls EP_1 Blok operacyjny 1_08_2017.xls EP_5 Izba Przyjec 1_08_2017.xls EP_26 Zaklad Rehabilitacyjny 1_08_2017.xls EP_28 Zaklad Przyrodoleczniczy 1_08_2017.xls EP_29 Zaklad Opiekunczo-Leczniczy 1_08_2017.xls EP_25 Szpital Uzdrowiskowy 1_08_2017.xls EP_27 Stacja krwiodastwa 1_08_2017.xls EP_24 Szpital Jednodniowy 1_08_2017.xls EP_16 Przychodnia i Osrodek Zdrowia 1_08_2017.xls EP_21 Sanatorium 1_08_2017.xls EP_23 Stacja Dializ 1_08_2017.xls EP_17 Przychodnia uzdrowiskowa 1_08_2017.xls EP_14 Pracownia Badan Endoskopowych 1_08_2017.xls EP_15 Praktyka pielegniarek i poloznych 1_08_2017.xls EP_19 Punkt poboru 1_08_2017.xls EP_13 Zespol Ratownictwa Medycznego - karetka 1_08_2017.xls EP_4 Gabinet zabiegowy 1_08_2017.xls EP_3 Gabinet niezabiegowy 1_08_2017.xls \" href=\"http:\/\/wsse.krakow.pl\/page\/nadzor-epidemiologii\/\">Nadz\u00f3r Epidemiologii<\/a><\/strong><\/li>\n<li class=\"cat-item cat-item-58\"><strong><a title=\"Instrukcja wype\u0142niania i pos\u0142ugiwania si\u0119 Arkuszami oceny ryzyka w obszarze Nadzoru Higieny Dzieci i M\u0142odzie\u017cy.pdf Pliki do pobrania HDiM_1_ bloki sportowe_01_04_2017.xls HDiM_2_chemia_2017.xls ARKUSZE-RYZYKA-HDiM-opiekunczo-wychowawcze-NZ-2017.xls HDiM_4_domy studenckie_2017.xls HDiM_5_inna forma wychowania przedszkolnego_2017.xls HDiM_6_internaty i bursy_2017.xls HDiM_7_meble edukacyjne_2017.xls HDiM_8_obozy pod namiotami_2017.xls HDiM_9_placowka pracy pozaszkolnej_2017.xls HDiM_10_schronisko_2017.xls HDiM_11_szkola wyzsza_2017.xls HDiM_12_szkola_2017.xls HDiM_13_wypoczynek w miejscu zamieszkania_2017.xls HDiM_14_wypoczynek wyjazdowy_2017.xls HDiM_15_przedszkole_2017.xls HDiM_16_zlobek-klub od 14.07.14_2017.xls HDiM_17_ zlobek klub do 2011__2017.xls \" href=\"https:\/\/wsse.krakow.pl\/page\/category\/wsse\/obszary-dzialan\/arkusze-oceny-obiektu\/nadzor-higieny-dzieci-i-mlodziezy\/\">Nadz\u00f3r Higieny Dzieci i M\u0142odzie\u017cy<\/a><\/strong><\/li>\n<\/ul>\n<p>&nbsp;<\/p>\n","protected":false},"excerpt":{"rendered":"<p>Szanowni Pa\u0144stwo! Przedstawiamy Pa\u0144stwu opracowany przez Pa\u0144stwow\u0105 Inspekcj\u0119 Sanitarn\u0105 wojew\u00f3dztwa ma\u0142opolskiego materia\u0142 dotycz\u0105cy identyfikacji i oceny ryzyka w obszarze nadzoru sanitarnego. Dotyczy wszystkich kontrolowanych kategorii obiekt\u00f3w. Opracowany materia\u0142 ma na celu ujednolicenie i usprawnienie podejmowanych dzia\u0142a\u0144 w trakcie przeprowadzania kontroli sanitarnych w ca\u0142ym wojew\u00f3dztwie. W zak\u0142adce \u201eArkusze oceny obiektu\u201d zosta\u0142y umieszczone arkusze, kt\u00f3re s\u0105 wykorzystywane [&hellip;]<\/p>\n","protected":false},"author":1,"featured_media":0,"parent":0,"menu_order":0,"comment_status":"closed","ping_status":"closed","template":"","meta":{"_monsterinsights_skip_tracking":false,"_monsterinsights_sitenote_active":false,"_monsterinsights_sitenote_note":"","_monsterinsights_sitenote_category":0,"footnotes":""},"class_list":["post-2168","page","type-page","status-publish","hentry"],"_links":{"self":[{"href":"https:\/\/wsse.krakow.pl\/page\/wp-json\/wp\/v2\/pages\/2168","targetHints":{"allow":["GET"]}}],"collection":[{"href":"https:\/\/wsse.krakow.pl\/page\/wp-json\/wp\/v2\/pages"}],"about":[{"href":"https:\/\/wsse.krakow.pl\/page\/wp-json\/wp\/v2\/types\/page"}],"author":[{"embeddable":true,"href":"https:\/\/wsse.krakow.pl\/page\/wp-json\/wp\/v2\/users\/1"}],"replies":[{"embeddable":true,"href":"https:\/\/wsse.krakow.pl\/page\/wp-json\/wp\/v2\/comments?post=2168"}],"version-history":[{"count":17,"href":"https:\/\/wsse.krakow.pl\/page\/wp-json\/wp\/v2\/pages\/2168\/revisions"}],"predecessor-version":[{"id":3282,"href":"https:\/\/wsse.krakow.pl\/page\/wp-json\/wp\/v2\/pages\/2168\/revisions\/3282"}],"wp:attachment":[{"href":"https:\/\/wsse.krakow.pl\/page\/wp-json\/wp\/v2\/media?parent=2168"}],"curies":[{"name":"wp","href":"https:\/\/api.w.org\/{rel}","templated":true}]}}