{"id":2172,"date":"2018-01-17T12:19:01","date_gmt":"2018-01-17T11:19:01","guid":{"rendered":"http:\/\/wsse.krakow.pl\/page\/?page_id=2172"},"modified":"2020-10-13T15:20:06","modified_gmt":"2020-10-13T13:20:06","slug":"punkty-przyjmowania-probek","status":"publish","type":"page","link":"https:\/\/wsse.krakow.pl\/page\/punkty-przyjmowania-probek\/","title":{"rendered":"Punkty przyjmowania pr\u00f3bek"},"content":{"rendered":"<h5><span style=\"color: #008000;\"><strong>PUNKT PRZYJMOWANIA PR\u00d3BEK<br \/>\nBadania Wirusologiczne, Bakteriologiczne i Paso\u017cyt\u00f3w jelitowych<br \/>\n<\/strong><\/span><span style=\"color: #424242;\"><strong><u>parter OKIENKO nr 16<\/u><\/strong><\/span><\/h5>\n<table>\n<tbody>\n<tr>\n<td width=\"376\"><span style=\"color: #424242;\"><strong>Badania sanitarno-epidemiologiczne (badania na nosicielstwo)<br \/>\n<\/strong><\/span><\/td>\n<td width=\"217\"><span style=\"color: #424242;\">poniedzia\u0142ek &#8211;\u00a0 \u015broda<\/span><br \/>\n<span style=\"color: #424242;\"> 7:30 \u2013 11:00<\/span><\/td>\n<\/tr>\n<tr>\n<td width=\"376\"><span style=\"color: #424242;\"><strong>Badanie w kierunku paso\u017cyt\u00f3w jelitowych<\/strong><\/span><\/td>\n<td width=\"217\"><span style=\"color: #424242;\">poniedzia\u0142ek \u2013 pi\u0105tek<\/span><br \/>\n<span style=\"color: #424242;\"> 7:30 \u2013 13:00<\/span><\/td>\n<\/tr>\n<tr>\n<td width=\"376\"><span style=\"color: #424242;\"><strong>Badania wirusologiczne<\/strong><\/span><\/td>\n<td width=\"217\"><span style=\"color: #424242;\">poniedzia\u0142ek \u2013 pi\u0105tek<\/span><br \/>\n<span style=\"color: #424242;\"> 7:30 \u2013 14:00<\/span><\/td>\n<\/tr>\n<tr>\n<td width=\"376\"><span style=\"color: #424242;\"><strong>Testy Sporal<\/strong><\/span><\/td>\n<td width=\"217\"><span style=\"color: #424242;\">poniedzia\u0142ek \u2013 \u015broda<\/span><br \/>\n<span style=\"color: #424242;\"> 12:00 \u2013 14:00<\/span><br \/>\n<span style=\"color: #424242;\"> czwartek \u2013 pi\u0105tek<\/span><br \/>\n<span style=\"color: #424242;\"> 7:30 \u2013 13:00<\/span><\/td>\n<\/tr>\n<\/tbody>\n<\/table>\n<p><strong>\u00a0<\/strong><\/p>\n<h5><span style=\"color: #008000;\"><strong>PUNKT WYDAWANIA WYNIK\u00d3W<br \/>\n<\/strong><strong>Badania Wirusologiczne, Bakteriologiczne i Paso\u017cyt\u00f3w jelitowych<br \/>\n<\/strong><\/span><span style=\"color: #424242;\"><strong><u>parter OKIENKO nr 18<\/u> <\/strong><\/span><\/h5>\n<table>\n<tbody>\n<tr>\n<td width=\"376\"><span style=\"color: #424242;\"><strong>poniedzia\u0142ek \u2013 \u015broda \u00a0\u00a0 <\/strong><\/span><\/td>\n<td width=\"217\"><span style=\"color: #424242;\">12:00 \u2013 15:00<\/span><\/td>\n<\/tr>\n<tr>\n<td width=\"376\"><strong><span style=\"color: #000000;\"><span style=\"color: #424242;\">czwartek \u2013 pi\u0105tek \u00a0\u00a0<\/span>\u00a0\u00a0\u00a0\u00a0\u00a0\u00a0<\/span>\u00a0 <\/strong><\/td>\n<td width=\"217\"><span style=\"color: #424242;\">7:30 \u2013 15:00<\/span><\/td>\n<\/tr>\n<\/tbody>\n<\/table>\n<p><strong>\u00a0<\/strong><\/p>\n<h5><span style=\"color: #008000;\"><strong>PUNKT PRZYJMOWANIA PR\u00d3BEK<br \/>\nBadania \u017bywno\u015bci<br \/>\n<span style=\"color: #424242;\"><u>parter POK\u00d3J nr 15<\/u><\/span><\/strong><\/span><\/h5>\n<table>\n<tbody>\n<tr>\n<td width=\"376\"><span style=\"color: #424242;\"><strong>Badania mikrobiologiczne<\/strong><\/span><\/td>\n<td width=\"217\"><span style=\"color: #424242;\">poniedzia\u0142ek &#8211;\u00a0 \u015broda<\/span><br \/>\n<span style=\"color: #424242;\"> 7:30 \u2013 14:00<\/span><\/td>\n<\/tr>\n<tr>\n<td width=\"376\"><span style=\"color: #424242;\"><strong>Badanie fizykochemiczne<\/strong><\/span><\/td>\n<td width=\"217\"><span style=\"color: #424242;\">poniedzia\u0142ek \u2013 pi\u0105tek<\/span><br \/>\n<span style=\"color: #424242;\"> 7:30 \u2013 14:00<\/span><\/td>\n<\/tr>\n<tr>\n<td width=\"376\"><span style=\"color: #424242;\"><strong>Badania materia\u0142\u00f3w i wyrob\u00f3w do kontaktu z \u017cywno\u015bci\u0105<\/strong><\/span><\/td>\n<td width=\"217\"><span style=\"color: #424242;\">poniedzia\u0142ek \u2013 pi\u0105tek<\/span><br \/>\n<span style=\"color: #424242;\"> 7:30 \u2013 14:00<\/span><\/td>\n<\/tr>\n<tr>\n<td width=\"376\"><span style=\"color: #424242;\"><strong>Badania kosmetyk\u00f3w<\/strong><\/span><\/td>\n<td width=\"217\"><span style=\"color: #424242;\">poniedzia\u0142ek \u2013 pi\u0105tek<\/span><br \/>\n<span style=\"color: #424242;\"> 7:30 \u2013 14:00<\/span><\/td>\n<\/tr>\n<\/tbody>\n<\/table>\n","protected":false},"excerpt":{"rendered":"<p>PUNKT PRZYJMOWANIA PR\u00d3BEK Badania Wirusologiczne, Bakteriologiczne i Paso\u017cyt\u00f3w jelitowych parter OKIENKO nr 16 Badania sanitarno-epidemiologiczne (badania na nosicielstwo) poniedzia\u0142ek &#8211;\u00a0 \u015broda 7:30 \u2013 11:00 Badanie w kierunku paso\u017cyt\u00f3w jelitowych poniedzia\u0142ek \u2013 pi\u0105tek 7:30 \u2013 13:00 Badania wirusologiczne poniedzia\u0142ek \u2013 pi\u0105tek 7:30 \u2013 14:00 Testy Sporal poniedzia\u0142ek \u2013 \u015broda 12:00 \u2013 14:00 czwartek \u2013 pi\u0105tek 7:30 [&hellip;]<\/p>\n","protected":false},"author":29,"featured_media":0,"parent":0,"menu_order":0,"comment_status":"closed","ping_status":"closed","template":"","meta":{"_monsterinsights_skip_tracking":false,"_monsterinsights_sitenote_active":false,"_monsterinsights_sitenote_note":"","_monsterinsights_sitenote_category":0,"footnotes":""},"class_list":["post-2172","page","type-page","status-publish","hentry"],"_links":{"self":[{"href":"https:\/\/wsse.krakow.pl\/page\/wp-json\/wp\/v2\/pages\/2172","targetHints":{"allow":["GET"]}}],"collection":[{"href":"https:\/\/wsse.krakow.pl\/page\/wp-json\/wp\/v2\/pages"}],"about":[{"href":"https:\/\/wsse.krakow.pl\/page\/wp-json\/wp\/v2\/types\/page"}],"author":[{"embeddable":true,"href":"https:\/\/wsse.krakow.pl\/page\/wp-json\/wp\/v2\/users\/29"}],"replies":[{"embeddable":true,"href":"https:\/\/wsse.krakow.pl\/page\/wp-json\/wp\/v2\/comments?post=2172"}],"version-history":[{"count":11,"href":"https:\/\/wsse.krakow.pl\/page\/wp-json\/wp\/v2\/pages\/2172\/revisions"}],"predecessor-version":[{"id":9299,"href":"https:\/\/wsse.krakow.pl\/page\/wp-json\/wp\/v2\/pages\/2172\/revisions\/9299"}],"wp:attachment":[{"href":"https:\/\/wsse.krakow.pl\/page\/wp-json\/wp\/v2\/media?parent=2172"}],"curies":[{"name":"wp","href":"https:\/\/api.w.org\/{rel}","templated":true}]}}