{"id":2265,"date":"2018-01-18T10:44:49","date_gmt":"2018-01-18T09:44:49","guid":{"rendered":"http:\/\/wsse.krakow.pl\/page\/?page_id=2265"},"modified":"2020-12-15T13:24:14","modified_gmt":"2020-12-15T12:24:14","slug":"uslugi-laboratoryjne","status":"publish","type":"page","link":"https:\/\/wsse.krakow.pl\/page\/uslugi-laboratoryjne\/","title":{"rendered":"Us\u0142ugi laboratoryjne"},"content":{"rendered":"<h3 style=\"text-align: center;\"><span style=\"color: #ff0000;\">UWAGA: WA\u017bNA INFORMACJA!<\/span><\/h3>\n<h3 style=\"text-align: center;\"><span style=\"color: #ff0000;\"><strong>Od 29 pa\u017adziernika 2020 r.<\/strong> niniejsza strona jest <strong>STRON\u0104 ARCHIWALN\u0104!<\/strong><\/span><\/h3>\n<h5 style=\"text-align: center;\">Prawid\u0142owy adres strony WSSE w Krakowie:<\/h5>\n<h1 style=\"text-align: center;\"><a href=\"https:\/\/www.gov.pl\/web\/wsse-krakow\/\"><strong>https:\/\/www.gov.pl\/web\/wsse-krakow\/<\/strong><\/a><\/h1>\n<hr \/>\n<p><strong>Kierownik Dzia\u0142u Laboratoryjnego<br \/>\n<\/strong>mgr in\u017c. Marta Zieli\u0144ska<br \/>\ntel. 12 25 49 554<br \/>\ne-mail: <a href=\"mailto:m.zielinska@wsse.krakow.pl\">m.zielinska@wsse.krakow.pl<\/a><\/p>\n<p><strong>Sekretariat Dzia\u0142u Laboratoryjnego<\/strong><br \/>\ntel. 12 25 49 404<br \/>\ne-mail: <a href=\"mailto:dzlab@wsse.krakow.pl\">dzlab@wsse.krakow.pl<\/a><\/p>\n<hr \/>\n<p><strong>Badania i pomiary wykonywane s\u0105 w trzech lokalizacjach:<\/strong><\/p>\n<p><a href=\"http:\/\/wsse.krakow.pl\/page\/uslugi-laboratoryjne\/wojewodzka-stacja-sanitarno-epidemiologiczna-badania-laboratoryjne\/,\"><strong><u>KRAK\u00d3W &#8211; <\/u><\/strong><u>ul. Pr\u0105dnicka 76, 31-202 Krak\u00f3w<br \/>\nWojew\u00f3dzka Stacja Sanitarno-Epidemiologiczna w Krakowie<br \/>\n<\/u><\/a><\/p>\n<p><a href=\"http:\/\/wsse.krakow.pl\/page\/uslugi-laboratoryjne\/oddzial-laboratoryjny-w-tarnowie\/\"><strong><u>TARN\u00d3W &#8211; <\/u><\/strong><u>ul. Mo\u015bcickiego 10, 33-100 Tarn\u00f3w<br \/>\nOddzia\u0142 Laboratoryjny w Tarnowie<br \/>\n<\/u><\/a><\/p>\n<p><a href=\"http:\/\/wsse.krakow.pl\/page\/uslugi-laboratoryjne\/oddzial-laboratoryjny-w-wadowicach-badania-laboratoryjne\/\"><strong><u>WADOWICE &#8211; <\/u><\/strong><u>ul. Teatralna 2, 34-100 Wadowice<br \/>\nOddzia\u0142 Laboratoryjny w Wadowicach<\/u><\/a><\/p>\n<p>&nbsp;<\/p>\n<p style=\"text-align: justify;\">Dzia\u0142 Laboratoryjny Wojew\u00f3dzkiej Stacji Sanitarno &#8211; Epidemiologicznej w Krakowie, realizuje zadania Ma\u0142opolskiego Pa\u0144stwowego Wojew\u00f3dzkiego Inspektora Sanitarnego poprzez wykonywanie bada\u0144 laboratoryjnych i pomiar\u00f3w, kt\u00f3re s\u0142u\u017c\u0105 ochronie zdrowia ludzkiego przed wp\u0142ywem szkodliwo\u015bci i uci\u0105\u017cliwo\u015bci \u015brodowiska oraz zapobieganiu powstawania chor\u00f3b zaka\u017anych i zawodowych.<\/p>\n<p style=\"text-align: justify;\">Badania wykonywane s\u0105 przez do\u015bwiadczony i kompetentny personel, \u00a0zgodnie z polskimi i mi\u0119dzynarodowymi normami oraz w\u0142asnymi procedurami badawczymi, z wykorzystaniem najnowszych technik badawczych, zgodnie z systemem zarz\u0105dzania i dobr\u0105 praktyk\u0105 laboratoryjn\u0105, a jako\u015b\u0107 \u015bwiadczonych us\u0142ug potwierdzana jest w krajowych i mi\u0119dzynarodowych badaniach bieg\u0142o\u015bci.<\/p>\n<p style=\"text-align: justify;\">Laboratorium spe\u0142nia wymagania normy PN-EN ISO\/IEC 17025:2018-02 \u201eOg\u00f3lne wymagania dotycz\u0105ce kompetencji laboratori\u00f3w badawczych i wzorcuj\u0105cych\u201d i posiada akredytacj\u0119 Polskiego Centrum Akredytacji.<\/p>\n<p><u><a href=\"https:\/\/wsse.krakow.pl\/page\/wp-content\/uploads\/2020\/05\/CERTYFIKAT-AKREDYTACJI-AB-601-03.2020.pdf\">Certyfikat Akredytacji Nr AB 601<\/a><br \/>\n<a href=\"https:\/\/wsse.krakow.pl\/page\/wp-content\/uploads\/2020\/04\/AB-601-wyd.19-z-23.03.2020.pdf\">Zakres akredytacji<\/a><br \/>\n<\/u><\/p>\n<hr \/>\n<p>&nbsp;<\/p>\n","protected":false},"excerpt":{"rendered":"<p>UWAGA: WA\u017bNA INFORMACJA! Od 29 pa\u017adziernika 2020 r. niniejsza strona jest STRON\u0104 ARCHIWALN\u0104! Prawid\u0142owy adres strony WSSE w Krakowie: https:\/\/www.gov.pl\/web\/wsse-krakow\/ Kierownik Dzia\u0142u Laboratoryjnego mgr in\u017c. Marta Zieli\u0144ska tel. 12 25 49 554 e-mail: m.zielinska@wsse.krakow.pl Sekretariat Dzia\u0142u Laboratoryjnego tel. 12 25 49 404 e-mail: dzlab@wsse.krakow.pl Badania i pomiary wykonywane s\u0105 w trzech lokalizacjach: KRAK\u00d3W &#8211; ul. [&hellip;]<\/p>\n","protected":false},"author":29,"featured_media":0,"parent":0,"menu_order":0,"comment_status":"closed","ping_status":"closed","template":"","meta":{"_monsterinsights_skip_tracking":false,"_monsterinsights_sitenote_active":false,"_monsterinsights_sitenote_note":"","_monsterinsights_sitenote_category":0,"footnotes":""},"class_list":["post-2265","page","type-page","status-publish","hentry"],"_links":{"self":[{"href":"https:\/\/wsse.krakow.pl\/page\/wp-json\/wp\/v2\/pages\/2265","targetHints":{"allow":["GET"]}}],"collection":[{"href":"https:\/\/wsse.krakow.pl\/page\/wp-json\/wp\/v2\/pages"}],"about":[{"href":"https:\/\/wsse.krakow.pl\/page\/wp-json\/wp\/v2\/types\/page"}],"author":[{"embeddable":true,"href":"https:\/\/wsse.krakow.pl\/page\/wp-json\/wp\/v2\/users\/29"}],"replies":[{"embeddable":true,"href":"https:\/\/wsse.krakow.pl\/page\/wp-json\/wp\/v2\/comments?post=2265"}],"version-history":[{"count":51,"href":"https:\/\/wsse.krakow.pl\/page\/wp-json\/wp\/v2\/pages\/2265\/revisions"}],"predecessor-version":[{"id":9558,"href":"https:\/\/wsse.krakow.pl\/page\/wp-json\/wp\/v2\/pages\/2265\/revisions\/9558"}],"wp:attachment":[{"href":"https:\/\/wsse.krakow.pl\/page\/wp-json\/wp\/v2\/media?parent=2265"}],"curies":[{"name":"wp","href":"https:\/\/api.w.org\/{rel}","templated":true}]}}