{"id":2313,"date":"2018-01-19T09:36:20","date_gmt":"2018-01-19T08:36:20","guid":{"rendered":"http:\/\/wsse.krakow.pl\/page\/?page_id=2313"},"modified":"2019-01-10T13:53:39","modified_gmt":"2019-01-10T12:53:39","slug":"szczepienia","status":"publish","type":"page","link":"https:\/\/wsse.krakow.pl\/page\/dzialania\/szczepienia\/","title":{"rendered":"Szczepienia"},"content":{"rendered":"<p style=\"text-align: justify;\">W Polsce szczepienia ochronne s\u0105 realizowane zgodnie z obowi\u0105zuj\u0105cym Programem Szczepie\u0144 Ochronnych (tzw. kalendarzem szczepie\u0144), kt\u00f3ry co roku jest aktualizowany. Zakres i organizacja szczepie\u0144 w Polsce jest oparta na nast\u0119puj\u0105cych podstawach prawnych:<br \/>\n&#8211; <em>Ustawa z dnia 5 grudnia 2008 r. o zapobieganiu oraz zwalczaniu zaka\u017ce\u0144 i chor\u00f3b zaka\u017anych u ludzi<\/em>\u00a0 (t.j. Dz. U. z 2018 r. poz. 151 z p\u00f3\u017an.zm.),<br \/>\n&#8211; <em>Rozporz\u0105dzenie Ministra Zdrowia z dnia 18 sierpnia 2011 r. w sprawie obowi\u0105zkowych szczepie\u0144 ochronnych<\/em> (tekst jednolity: Dz. U. z 2016 r., poz. 849 z p\u00f3\u017an. zm.) oraz <em>Rozporz\u0105dzenie Ministra Zdrowia z dnia\u00a0 21 kwietnia 2017 r. w sprawie zapotrzebowania na szczepionki s\u0142u\u017c\u0105ce do przeprowadzania szczepie\u0144 obowi\u0105zkowych\u00a0 <\/em>i zawarte w Dz.<em>U. z 2017 r., poz. 848<\/em>,<br \/>\n&#8211; <em>Komunikat G\u0142\u00f3wnego Inspektora Sanitarnego z dnia 25 pa\u017adziernika 2018r. w sprawie Programu Szczepie\u0144 Ochronnych na rok 2019, og\u0142oszony w Dzienniku Urz\u0119dowym Ministra Zdrowia<\/em> (Dz. U. z 2018 r. poz. 151 i 1669)\u00a0 i udost\u0119pniony na stronie internetowej G\u0142\u00f3wnego Inspektoratu Sanitarnego, pod adresem:<\/p>\n<p style=\"text-align: justify;\"><a href=\"https:\/\/gis.gov.pl\/zdrowie\/szczepienia-obowiazkowe\/\">https:\/\/gis.gov.pl\/zdrowie\/szczepienia-obowiazkowe\/<\/a><\/p>\n<p style=\"text-align: justify;\">W Komunikacie tym okre\u015blone zosta\u0142y zasady i zakres wykonywanych szczepie\u0144 ochronnych. Komunikat ten zawiera informacje dotycz\u0105ce szczepie\u0144 bezp\u0142atnych (obowi\u0105zkowych) realizowanych w ramach powszechnego ubezpieczenia zdrowotnego oraz szczepie\u0144 odp\u0142atnych (tzw. zalecanych)\u2013 nierefundowanych z bud\u017cetu pa\u0144stwa.<\/p>\n<p align=\"center\"><strong>Schemat szczepie\u0144<\/strong><\/p>\n<p>\u00a0<a href=\"http:\/\/wsse.krakow.pl\/page\/wp-content\/uploads\/2018\/01\/wlasciwy-kalendarz-szczepien-na-strone2.jpg.png\" data-rel=\"lightbox-image-0\" data-rl_title=\"\" data-rl_caption=\"\"><img loading=\"lazy\" decoding=\"async\" class=\"aligncenter\" title=\"\" src=\"http:\/\/wsse.krakow.pl\/page\/wp-content\/uploads\/2018\/01\/wlasciwy-kalendarz-szczepien-na-strone2.jpg.png\" alt=\"schemat szczepie\u0144 - obrazek\" width=\"572\" height=\"234\" \/><\/a><\/p>\n<p>&nbsp;<\/p>\n<hr \/>\n\n<!-- NOTE: If you need to make changes to this file, copy it to your current theme's main\n\tdirectory so your changes won't be overwritten when the plugin is upgraded. -->\n\n<!-- Post Wrap Start-->\n<div class=\"post hentry ivycat-post\">\n\n\t<!-- \tThis outputs the post TITLE -->\n\t<h2 class=\"entry-title\"><a href=\"https:\/\/wsse.krakow.pl\/page\/20-26-kwietnia-europejski-tydzien-szczepien-2020\/\">20-26 kwietnia: Europejski Tydzie\u0144 Szczepie\u0144 2020<\/a><\/h2>\n\n\t<!-- \tThis outputs the post EXCERPT.  To display full content including images and html,\n\t\treplace the_excerpt(); with the_content();  below. -->\n\t<div class=\"entry-summary\">\n\t\t<p>W dniach 20-26 kwietnia 2020 r. obchodzimy ju\u017c po raz 15. Europejski Tydzie\u0144 Szczepie\u0144. Celem tej inicjatywy jest podkre\u015blenie roli szczepie\u0144 w zapobieganiu chorobom zaka\u017anym, ochronie zdrowia i \u017cycia. Europejski Tydzie\u0144 Szczepie\u0144 2020 przebiega pod has\u0142em: \u201eSzczepionki Pracuj\u0105 dla Wszystkich\u201d Obchody Europejskiego Tygodnia Szczepie\u0144 zosta\u0142y zainicjowane przez \u015awiatow\u0105 Organizacj\u0119 Zdrowia (WHO) i do dzi\u015b s\u0105 [&hellip;]<\/p>\n\t<\/div>\n\n\t<!--\tThis outputs the post META information -->\n\t<div class=\"entry-utility\">\n\t\t\t\t\t<span class=\"cat-links\">\n\t\t\t\t<span class=\"entry-utility-prep entry-utility-prep-cat-links\">Posted in<\/span> <a href=\"https:\/\/wsse.krakow.pl\/page\/category\/wsse\/obszary-dzialan\/szczepienia\/\" rel=\"category tag\">Szczepienia<\/a>, <a href=\"https:\/\/wsse.krakow.pl\/page\/category\/wsse\/\" rel=\"category tag\">WSSE-widoczne w aktualnosciach<\/a>\t\t\t<\/span>\n\t\t\t<span class=\"meta-sep\">|<\/span>\n\t\t\t\t\t\t<span class=\"comments-link\">\n\t\t\t<span>Mo\u017cliwo\u015b\u0107 komentowania <span class=\"screen-reader-text\">20-26 kwietnia: Europejski Tydzie\u0144 Szczepie\u0144 2020<\/span> zosta\u0142a wy\u0142\u0105czona<\/span>\t\t<\/span>\n\t\t\t<\/div>\n<\/div>\n<!-- \/\/ Post Wrap End -->\n\n<!-- NOTE: If you need to make changes to this file, copy it to your current theme's main\n\tdirectory so your changes won't be overwritten when the plugin is upgraded. -->\n\n<!-- Post Wrap Start-->\n<div class=\"post hentry ivycat-post\">\n\n\t<!-- \tThis outputs the post TITLE -->\n\t<h2 class=\"entry-title\"><a href=\"https:\/\/wsse.krakow.pl\/page\/komunikat-malopolskiego-lekarza-weterynarii-w-krakowie\/\">Komunikat Ma\u0142opolskiego Lekarza Weterynarii w Krakowie<\/a><\/h2>\n\n\t<!-- \tThis outputs the post EXCERPT.  To display full content including images and html,\n\t\treplace the_excerpt(); with the_content();  below. -->\n\t<div class=\"entry-summary\">\n\t\t<p>K O M U N I K A T MA\u0141OPOLSKIEGO WOJEW\u00d3DZKIEGO LEKARZA WETERYNARII W KRAKOWIE Ma\u0142opolski Wojew\u00f3dzki Lekarz Weterynarii zawiadamia, \u017ce na terenie wojew\u00f3dztwa ma\u0142opolskiego w dniach od 4 do 13 kwietnia 2019 r. zostanie przeprowadzone ochronne szczepienie lis\u00f3w wolno \u017cyj\u0105cych przeciw w\u015bciekli\u017anie. Szczepienie lis\u00f3w b\u0119dzie wykonane za pomoc\u0105 przyn\u0119t zawieraj\u0105cych szczepionk\u0119 doustn\u0105, kt\u00f3ra zostanie [&hellip;]<\/p>\n\t<\/div>\n\n\t<!--\tThis outputs the post META information -->\n\t<div class=\"entry-utility\">\n\t\t\t\t\t<span class=\"cat-links\">\n\t\t\t\t<span class=\"entry-utility-prep entry-utility-prep-cat-links\">Posted in<\/span> <a href=\"https:\/\/wsse.krakow.pl\/page\/category\/bez-kategorii\/\" rel=\"category tag\">Bez kategorii<\/a>, <a href=\"https:\/\/wsse.krakow.pl\/page\/category\/wsse\/obszary-dzialan\/arkusze-oceny-obiektu\/nadzor-epidemiologii\/\" rel=\"category tag\">Nadz\u00f3r Epidemiologii<\/a>, <a href=\"https:\/\/wsse.krakow.pl\/page\/category\/wsse\/obszary-dzialan\/szczepienia\/\" rel=\"category tag\">Szczepienia<\/a>\t\t\t<\/span>\n\t\t\t<span class=\"meta-sep\">|<\/span>\n\t\t\t\t\t\t\t<span class=\"tag-links\">\n\t\t\t\t<span class=\"entry-utility-prep entry-utility-prep-tag-links\">Tagged<\/span> <a href=\"https:\/\/wsse.krakow.pl\/page\/tag\/lisy\/\" rel=\"tag\">lisy<\/a>, <a href=\"https:\/\/wsse.krakow.pl\/page\/tag\/szczepienia\/\" rel=\"tag\">szczepienia<\/a>, <a href=\"https:\/\/wsse.krakow.pl\/page\/tag\/wscieklizna\/\" rel=\"tag\">w\u015bcieklizna<\/a>\t\t\t<\/span>\n\t\t\t<span class=\"meta-sep\">|<\/span>\n\t\t\t\t<span class=\"comments-link\">\n\t\t\t<span>Mo\u017cliwo\u015b\u0107 komentowania <span class=\"screen-reader-text\">Komunikat Ma\u0142opolskiego Lekarza Weterynarii w Krakowie<\/span> zosta\u0142a wy\u0142\u0105czona<\/span>\t\t<\/span>\n\t\t\t<\/div>\n<\/div>\n<!-- \/\/ Post Wrap End -->\n\n<!-- NOTE: If you need to make changes to this file, copy it to your current theme's main\n\tdirectory so your changes won't be overwritten when the plugin is upgraded. -->\n\n<!-- Post Wrap Start-->\n<div class=\"post hentry ivycat-post\">\n\n\t<!-- \tThis outputs the post TITLE -->\n\t<h2 class=\"entry-title\"><a href=\"https:\/\/wsse.krakow.pl\/page\/szczepienia-info\/\">Szczepienia.info<\/a><\/h2>\n\n\t<!-- \tThis outputs the post EXCERPT.  To display full content including images and html,\n\t\treplace the_excerpt(); with the_content();  below. -->\n\t<div class=\"entry-summary\">\n\t\t<p>Narodowy Instytut Zdrowia Publicznego \u2013 Pa\u0144stwowy Zak\u0142ad Higieny informuje, \u017ce od pocz\u0105tku wrze\u015bnia 2017 r. dzia\u0142a\u00a0 strona internetowa: www.szczepienia.info. Celem istnienia strony jest przekazywanie bezstronnych, obiektywnych informacji na temat szczepionek i szczepie\u0144. Portal nale\u017cy do sieci Vaccine Safety Net (VSN) i posiada akredytacj\u0119 WHO jako platforma wiedzy na temat szczepie\u0144 dla rodzic\u00f3w i os\u00f3b zainteresowanych [&hellip;]<\/p>\n\t<\/div>\n\n\t<!--\tThis outputs the post META information -->\n\t<div class=\"entry-utility\">\n\t\t\t\t\t<span class=\"cat-links\">\n\t\t\t\t<span class=\"entry-utility-prep entry-utility-prep-cat-links\">Posted in<\/span> <a href=\"https:\/\/wsse.krakow.pl\/page\/category\/wsse\/obszary-dzialan\/szczepienia\/\" rel=\"category tag\">Szczepienia<\/a>\t\t\t<\/span>\n\t\t\t<span class=\"meta-sep\">|<\/span>\n\t\t\t\t\t\t<span class=\"comments-link\">\n\t\t\t<span>Mo\u017cliwo\u015b\u0107 komentowania <span class=\"screen-reader-text\">Szczepienia.info<\/span> zosta\u0142a wy\u0142\u0105czona<\/span>\t\t<\/span>\n\t\t\t<\/div>\n<\/div>\n<!-- \/\/ Post Wrap End -->\n\n<!-- NOTE: If you need to make changes to this file, copy it to your current theme's main\n\tdirectory so your changes won't be overwritten when the plugin is upgraded. -->\n\n<!-- Post Wrap Start-->\n<div class=\"post hentry ivycat-post\">\n\n\t<!-- \tThis outputs the post TITLE -->\n\t<h2 class=\"entry-title\"><a href=\"https:\/\/wsse.krakow.pl\/page\/szczepienia-ochronne-jak-zachecic-nieprzekonanych\/\">Szczepienia ochronne \u2013 jak zach\u0119ci\u0107 nieprzekonanych<\/a><\/h2>\n\n\t<!-- \tThis outputs the post EXCERPT.  To display full content including images and html,\n\t\treplace the_excerpt(); with the_content();  below. -->\n\t<div class=\"entry-summary\">\n\t\t<p>Ministerstwo Zdrowia i Instytut Matki i Dziecka w ramach dzia\u0142a\u0144 podejmowanych na rzecz promocji szczepie\u0144, skierowanej do lekarzy rodzinnych i pediatr\u00f3w, organizuj\u0105 konferencj\u0119 naukowo-szkoleniow\u0105 pn. \u201eSzczepienia ochronne \u2013 jak zach\u0119ci\u0107 nieprzekonanych\u201d. Konferencja odb\u0119dzie si\u0119 w sobot\u0119, 29 wrze\u015bnia 2018 roku w Instytucie Matki i Dziecka, przy ulicy Kasprzaka 17a w Warszawie. Informacja o konferencji zosta\u0142a [&hellip;]<\/p>\n\t<\/div>\n\n\t<!--\tThis outputs the post META information -->\n\t<div class=\"entry-utility\">\n\t\t\t\t\t<span class=\"cat-links\">\n\t\t\t\t<span class=\"entry-utility-prep entry-utility-prep-cat-links\">Posted in<\/span> <a href=\"https:\/\/wsse.krakow.pl\/page\/category\/wsse\/obszary-dzialan\/szczepienia\/\" rel=\"category tag\">Szczepienia<\/a>\t\t\t<\/span>\n\t\t\t<span class=\"meta-sep\">|<\/span>\n\t\t\t\t\t\t\t<span class=\"tag-links\">\n\t\t\t\t<span class=\"entry-utility-prep entry-utility-prep-tag-links\">Tagged<\/span> <a href=\"https:\/\/wsse.krakow.pl\/page\/tag\/instytut-matki-i-dziecka\/\" rel=\"tag\">instytut matki i dziecka<\/a>, <a href=\"https:\/\/wsse.krakow.pl\/page\/tag\/konferencja\/\" rel=\"tag\">konferencja<\/a>, <a href=\"https:\/\/wsse.krakow.pl\/page\/tag\/ministerstwo-zdrowia\/\" rel=\"tag\">ministerstwo zdrowia<\/a>, <a href=\"https:\/\/wsse.krakow.pl\/page\/tag\/szczepienia\/\" rel=\"tag\">szczepienia<\/a>\t\t\t<\/span>\n\t\t\t<span class=\"meta-sep\">|<\/span>\n\t\t\t\t<span class=\"comments-link\">\n\t\t\t<span>Mo\u017cliwo\u015b\u0107 komentowania <span class=\"screen-reader-text\">Szczepienia ochronne \u2013 jak zach\u0119ci\u0107 nieprzekonanych<\/span> zosta\u0142a wy\u0142\u0105czona<\/span>\t\t<\/span>\n\t\t\t<\/div>\n<\/div>\n<!-- \/\/ Post Wrap End -->\n\n<!-- NOTE: If you need to make changes to this file, copy it to your current theme's main\n\tdirectory so your changes won't be overwritten when the plugin is upgraded. -->\n\n<!-- Post Wrap Start-->\n<div class=\"post hentry ivycat-post\">\n\n\t<!-- \tThis outputs the post TITLE -->\n\t<h2 class=\"entry-title\"><a href=\"https:\/\/wsse.krakow.pl\/page\/specjalistyczne-poradnie-dot-szczepien-w-woj-malopolskim\/\">Specjalistyczne poradnie dot. szczepie\u0144 w woj. ma\u0142opolskim<\/a><\/h2>\n\n\t<!-- \tThis outputs the post EXCERPT.  To display full content including images and html,\n\t\treplace the_excerpt(); with the_content();  below. -->\n\t<div class=\"entry-summary\">\n\t\t<p>Wykaz podmiot\u00f3w leczniczych, w kt\u00f3rych udzielane s\u0105 konsultacje specjalistyczne z zakresu szczepie\u0144 ochronnych: Wojew\u00f3dzki Specjalistyczny Szpital Dzieci\u0119cy im. \u015aw. Ludwika Poradnia Chor\u00f3b Zaka\u017anych &#8211; Szczepie\u0144 31-503 Krak\u00f3w ul. Strzelecka 2 A tel.: 12 619 86 00 Krakowski Szpital Specjalistyczny im. Jana Paw\u0142a II Wojew\u00f3dzka Poradnia Szczepie\u0144 Ochronnych 31-202 Krak\u00f3w ul. Pr\u0105dnicka 80 tel.: 12 614 [&hellip;]<\/p>\n\t<\/div>\n\n\t<!--\tThis outputs the post META information -->\n\t<div class=\"entry-utility\">\n\t\t\t\t\t<span class=\"cat-links\">\n\t\t\t\t<span class=\"entry-utility-prep entry-utility-prep-cat-links\">Posted in<\/span> <a href=\"https:\/\/wsse.krakow.pl\/page\/category\/wsse\/obszary-dzialan\/szczepienia\/\" rel=\"category tag\">Szczepienia<\/a>\t\t\t<\/span>\n\t\t\t<span class=\"meta-sep\">|<\/span>\n\t\t\t\t\t\t<span class=\"comments-link\">\n\t\t\t<span>Mo\u017cliwo\u015b\u0107 komentowania <span class=\"screen-reader-text\">Specjalistyczne poradnie dot. szczepie\u0144 w woj. ma\u0142opolskim<\/span> zosta\u0142a wy\u0142\u0105czona<\/span>\t\t<\/span>\n\t\t\t<\/div>\n<\/div>\n<!-- \/\/ Post Wrap End -->\n\n<!-- NOTE: If you need to make changes to this file, copy it to your current theme's main\n\tdirectory so your changes won't be overwritten when the plugin is upgraded. -->\n\n<!-- Post Wrap Start-->\n<div class=\"post hentry ivycat-post\">\n\n\t<!-- \tThis outputs the post TITLE -->\n\t<h2 class=\"entry-title\"><a href=\"https:\/\/wsse.krakow.pl\/page\/aktualny-wykaz-placowek-wykonujacych-szczepienia-p-wsciekliznie-w-woj-malopolskim\/\">Aktualny wykaz plac\u00f3wek wykonuj\u0105cych  szczepienia p\/w\u015bciekli\u017anie w woj. ma\u0142opolskim<\/a><\/h2>\n\n\t<!-- \tThis outputs the post EXCERPT.  To display full content including images and html,\n\t\treplace the_excerpt(); with the_content();  below. -->\n\t<div class=\"entry-summary\">\n\t\t<p> \t&nbsp;<\/p>\n\t<\/div>\n\n\t<!--\tThis outputs the post META information -->\n\t<div class=\"entry-utility\">\n\t\t\t\t\t<span class=\"cat-links\">\n\t\t\t\t<span class=\"entry-utility-prep entry-utility-prep-cat-links\">Posted in<\/span> <a href=\"https:\/\/wsse.krakow.pl\/page\/category\/wsse\/obszary-dzialan\/szczepienia\/\" rel=\"category tag\">Szczepienia<\/a>\t\t\t<\/span>\n\t\t\t<span class=\"meta-sep\">|<\/span>\n\t\t\t\t\t\t<span class=\"comments-link\">\n\t\t\t<span>Mo\u017cliwo\u015b\u0107 komentowania <span class=\"screen-reader-text\">Aktualny wykaz plac\u00f3wek wykonuj\u0105cych  szczepienia p\/w\u015bciekli\u017anie w woj. ma\u0142opolskim<\/span> zosta\u0142a wy\u0142\u0105czona<\/span>\t\t<\/span>\n\t\t\t<\/div>\n<\/div>\n<!-- \/\/ Post Wrap End -->\n\n<!-- NOTE: If you need to make changes to this file, copy it to your current theme's main\n\tdirectory so your changes won't be overwritten when the plugin is upgraded. -->\n\n<!-- Post Wrap Start-->\n<div class=\"post hentry ivycat-post\">\n\n\t<!-- \tThis outputs the post TITLE -->\n\t<h2 class=\"entry-title\"><a href=\"https:\/\/wsse.krakow.pl\/page\/czy-warto-sie-szczepic\/\">Czy warto si\u0119 szczepi\u0107?<\/a><\/h2>\n\n\t<!-- \tThis outputs the post EXCERPT.  To display full content including images and html,\n\t\treplace the_excerpt(); with the_content();  below. -->\n\t<div class=\"entry-summary\">\n\t\t<p style=\"text-align: justify;\"> \tSzczepienia ochronne stanowi\u0105 jedn\u0105 z najskuteczniejszych metod zapobiegania chorobom zaka\u017anym. Trzeba jednak wzi\u0105\u0107 pod uwag\u0119, \u017ce nie wszystkie osoby mog\u0105 korzysta\u0107 z tej metody profilaktyki, wskutek istnienia przeciwwskaza\u0144 medycznych, uniemo\u017cliwiaj\u0105cym poddanie si\u0119 szczepieniu ochronnemu. Dotyczy to m.in. os\u00f3b chorych na nowotwory oraz inne choroby przebiegaj\u0105ce z obni\u017ceniem odporno\u015bci. Ponadto nieliczne osoby, pomimo zastosowanego szczepienia, nie wytwarzaj\u0105 odporno\u015bci poszczepiennej. W tej sytuacji prowadzenie powszechnych szczepie\u0144 obowi\u0105zkowych, zapewnia w odniesieniu do wielu chor\u00f3b r\u00f3wnie\u017c ochron\u0119 osobom nieszczepionym, poprzez powstanie tzw. odporno\u015bci zbiorowiskowej. Jednak\u017ce aby osi\u0105gn\u0105\u0107 znacz\u0105ce efekty dla ca\u0142ych populacji, programy masowych szczepie\u0144 musz\u0105 by\u0107 wieloletnie i obejmowa\u0107 du\u017c\u0105 cz\u0119\u015b\u0107 os\u00f3b, kt\u00f3re s\u0105 nara\u017cone na zachorowanie na dan\u0105 chorob\u0119 zaka\u017an\u0105. Na widoczne efekty tak przyj\u0119tych strategii szczepie\u0144 trzeba czasem czeka\u0107 kilka lat, chocia\u017c odporno\u015b\u0107 indywidualn\u0105 osoby szczepione uzyskuj\u0105 w ci\u0105gu kilku dni lub tygodni po szczepieniu.<\/p>\n\t<\/div>\n\n\t<!--\tThis outputs the post META information -->\n\t<div class=\"entry-utility\">\n\t\t\t\t\t<span class=\"cat-links\">\n\t\t\t\t<span class=\"entry-utility-prep entry-utility-prep-cat-links\">Posted in<\/span> <a href=\"https:\/\/wsse.krakow.pl\/page\/category\/wsse\/obszary-dzialan\/szczepienia\/\" rel=\"category tag\">Szczepienia<\/a>\t\t\t<\/span>\n\t\t\t<span class=\"meta-sep\">|<\/span>\n\t\t\t\t\t\t<span class=\"comments-link\">\n\t\t\t<span>Mo\u017cliwo\u015b\u0107 komentowania <span class=\"screen-reader-text\">Czy warto si\u0119 szczepi\u0107?<\/span> zosta\u0142a wy\u0142\u0105czona<\/span>\t\t<\/span>\n\t\t\t<\/div>\n<\/div>\n<!-- \/\/ Post Wrap End -->\n\n","protected":false},"excerpt":{"rendered":"<p>W Polsce szczepienia ochronne s\u0105 realizowane zgodnie z obowi\u0105zuj\u0105cym Programem Szczepie\u0144 Ochronnych (tzw. kalendarzem szczepie\u0144), kt\u00f3ry co roku jest aktualizowany. Zakres i organizacja szczepie\u0144 w Polsce jest oparta na nast\u0119puj\u0105cych podstawach prawnych: &#8211; Ustawa z dnia 5 grudnia 2008 r. o zapobieganiu oraz zwalczaniu zaka\u017ce\u0144 i chor\u00f3b zaka\u017anych u ludzi\u00a0 (t.j. Dz. U. z 2018 [&hellip;]<\/p>\n","protected":false},"author":1,"featured_media":0,"parent":2165,"menu_order":0,"comment_status":"closed","ping_status":"closed","template":"","meta":{"_monsterinsights_skip_tracking":false,"_monsterinsights_sitenote_active":false,"_monsterinsights_sitenote_note":"","_monsterinsights_sitenote_category":0,"footnotes":""},"class_list":["post-2313","page","type-page","status-publish","hentry"],"_links":{"self":[{"href":"https:\/\/wsse.krakow.pl\/page\/wp-json\/wp\/v2\/pages\/2313","targetHints":{"allow":["GET"]}}],"collection":[{"href":"https:\/\/wsse.krakow.pl\/page\/wp-json\/wp\/v2\/pages"}],"about":[{"href":"https:\/\/wsse.krakow.pl\/page\/wp-json\/wp\/v2\/types\/page"}],"author":[{"embeddable":true,"href":"https:\/\/wsse.krakow.pl\/page\/wp-json\/wp\/v2\/users\/1"}],"replies":[{"embeddable":true,"href":"https:\/\/wsse.krakow.pl\/page\/wp-json\/wp\/v2\/comments?post=2313"}],"version-history":[{"count":6,"href":"https:\/\/wsse.krakow.pl\/page\/wp-json\/wp\/v2\/pages\/2313\/revisions"}],"predecessor-version":[{"id":3536,"href":"https:\/\/wsse.krakow.pl\/page\/wp-json\/wp\/v2\/pages\/2313\/revisions\/3536"}],"up":[{"embeddable":true,"href":"https:\/\/wsse.krakow.pl\/page\/wp-json\/wp\/v2\/pages\/2165"}],"wp:attachment":[{"href":"https:\/\/wsse.krakow.pl\/page\/wp-json\/wp\/v2\/media?parent=2313"}],"curies":[{"name":"wp","href":"https:\/\/api.w.org\/{rel}","templated":true}]}}