{"id":2344,"date":"2018-01-19T14:17:06","date_gmt":"2018-01-19T13:17:06","guid":{"rendered":"http:\/\/wsse.krakow.pl\/page\/?page_id=2344"},"modified":"2023-04-04T13:46:58","modified_gmt":"2023-04-04T11:46:58","slug":"wojewodzka-stacja-sanitarno-epidemiologiczna-w-krakowie","status":"publish","type":"page","link":"https:\/\/wsse.krakow.pl\/page\/wojewodzka-stacja-sanitarno-epidemiologiczna-w-krakowie\/","title":{"rendered":"Wojew\u00f3dzka Stacja Sanitarno-Epidemiologiczna w Krakowie"},"content":{"rendered":"<p class=\"mailtip-jck\"><img decoding=\"async\" class=\"alignleft size-full wp-image-9596\" src=\"https:\/\/wsse.krakow.pl\/page\/wp-content\/uploads\/2023\/04\/logo-Panstwowa_Insp_Sanit-1.svg\" alt=\"\" \/>ul. Pr\u0105dnicka 76, 31-202 Krak\u00f3w<br \/>\ne-mail: <span id=\"cloak067ebe296c8010deb1f54c1ed5cad0d5\"><a href=\"mailto:wsse.krakow@pis.gov.pl\">wsse@wsse.krakow.pl<\/a><\/span><\/p>\n<p class=\"mailtip-jck\">Identyfikator ePUAP: \/wssekrakow\/skrytka<\/p>\n<p class=\"pintip-jck\"><strong>NIP:<\/strong> 677-10-27-767<br \/>\n<strong>REGON:<\/strong> 000297394<\/p>\n<p class=\"lightbulbtip-jck\"><strong>Godziny pracy<\/strong><br \/>\nponiedzia\u0142ek &#8211; pi\u0105tek: 7:30 &#8211; 15:05<\/p>\n<p class=\"infotip-jck\"><strong>Punkt informacyjny &#8211; Dziennik Podawczy:<\/strong><br \/>\nponiedzia\u0142ek &#8211; pi\u0105tek 7:30 &#8211; 15:05<\/p>\n<p>&nbsp;<\/p>\n<p><strong>Masz pytanie dot. koronawirusa ? Napisz do nas:\u00a0 <\/strong><span id=\"cloak0561efa3bb7082299cb9a5591f08a1d2\"><a href=\"mailto:koronawirus@wsse.krakow.pl\">koronawirus@wsse.krakow.pl<\/a><\/span><\/p>\n<p>&nbsp;<\/p>\n<p><strong>Sekretariat Ma\u0142opolskiego Pa\u0144stwowego Wojew\u00f3dzkiego Inspektora Sanitarnego<\/strong><br \/>\n<span id=\"cloak0561efa3bb7082299cb9a5591f08a1d2\"><a href=\"mailto:sekretariat@wsse.krakow.pl\">sekretariat@wsse.krakow.pl<\/a><\/span><\/p>\n<p><strong>Sekretariat Zast\u0119pcy Ma\u0142opolskiego Pa\u0144stwowego Wojew\u00f3dzkiego Inspektora Sanitarnego<\/strong><br \/>\n<span id=\"cloak86f8f1dd58f1ec89fe76cdbbead42f77\"><a href=\"mailto:sekretariat@wsse.krakow.pl\">sekretariat@wsse.krakow.pl<\/a><\/span><\/p>\n<p><strong>Kontakt dla przedstawicieli medi\u00f3w<\/strong><br \/>\n<span id=\"cloakcbeba85598b6a130ebc95ca642e643f8\"><a href=\"mailto:rzecznik@wsse.krakow.pl\">rzecznik@wsse.krakow.pl<\/a><\/span><\/p>\n<p><strong>Kierownik Dzia\u0142u Zdrowia Publicznego i Promocji Zdrowia<\/strong><br \/>\n<span id=\"cloakcae9065bf12aceabf40733fc4de9bd9f\"><a href=\"mailto:oz@wsse.krakow.pl\">oz@wsse.krakow.pl<\/a><\/span><\/p>\n<p><strong>Dzia\u0142 Zdrowia Publicznego i Promocji Zdrowia<\/strong><br \/>\n<span id=\"cloak81a3615ee9f14bbc3e42f57bae38c69a\"><a href=\"mailto:oz@wsse.krakow.pl\">oz@wsse.krakow.pl<\/a><\/span><\/p>\n<p><strong>Kierownik Oddzia\u0142u Nadzoru Epidemiologii<\/strong><br \/>\n<span id=\"cloakc7da6b0446e2fd69392290b6de2fb08f\"><a href=\"mailto:ep@wsse.krakow.pl\">ep@wsse.krakow.pl<\/a><\/span><span id=\"cloak7dd4b523107199005c0cf066b806946c\"><\/span><\/p>\n<p><strong>Kierownik Oddzia\u0142u Nadzoru Higieny \u017bywno\u015bci, \u017bywienia i Proces\u00f3w Nauczania<\/strong><br \/>\n<span id=\"cloak8ea60d7e26866d1d98210d90b9d39f7e\"><a href=\"mailto:hz@wsse.krakow.pl\">hz@wsse.krakow.pl<\/a><\/span><\/p>\n<p><strong>Oddzia\u0142 Nadzoru Higieny \u017bywno\u015bci, \u017bywienia\u00a0i Proces\u00f3w Nauczania<\/strong><br \/>\n<span id=\"cloak23c617748f60f6a4b8c65a8e1ca0b33c\"><a href=\"mailto:hz@wsse.krakow.pl\">hz@wsse.krakow.pl<\/a><\/span><\/p>\n<p><strong>Kierownik Oddzia\u0142u Nadzoru Higieny Pracy i Ochrony Radiacyjnej<\/strong><br \/>\n<span id=\"cloak1b4b86453d118874d134344435727271\"><a href=\"mailto:hp@wsse.krakow.pl\">hp@wsse.krakow.pl<\/a><\/span><\/p>\n<p><strong>Oddzia\u0142 Nadzoru Higieny Pracy i Ochrony Radiacyjnej<\/strong><br \/>\n<span id=\"cloak69f0c2a62215aea243b1470603d55c1a\"><a href=\"mailto:hp@wsse.krakow.pl\">hp@wsse.krakow.pl<\/a><\/span><\/p>\n<p><strong>Kierownik Oddzia\u0142u Nadzoru Higieny Komunalnej<\/strong><br \/>\n<span id=\"cloak482633dd4b17dcbc3caa834d2b89bbee\"><a href=\"mailto:hk@wsse.krakow.pl\">hk@wsse.krakow.pl<\/a><\/span><\/p>\n<p><strong>Oddzia\u0142 Nadzoru Higieny Komunalnej<\/strong><br \/>\n<a href=\"mailto:hk@wsse.krakow.pl\">hk@wsse.krakow.pl<\/a><\/p>\n<p><span id=\"cloake97f301fc64b9acf8a84965f6ada97f9\"><\/span><strong>Kierownik Dzia\u0142u Laboratoryjnego<\/strong><br \/>\n<span id=\"cloakcf01b390974ac4088774370e712b1c58\"><a href=\"mailto:dzlab@wsse.krakow.pl\">dzlab@wsse.krakow.pl<\/a><\/span><\/p>\n<p><strong>Dzia\u0142 Laboratoryjny<\/strong><br \/>\n<span id=\"cloakd3d66b32e93275da0beec215e61e88b7\"><a href=\"mailto:dzlab@wsse.krakow.pl\">dzlab@wsse.krakow.pl<\/a><\/span><\/p>\n<p><strong>Kierownik Oddzia\u0142u Laboratoryjnego Mikrobiologii Klinicznej<\/strong><br \/>\n<span id=\"cloakedd24e264876713569f0c39847adcd01\"><a href=\"mailto:kz@wsse.krakow.pl\">kz@wsse.krakow.pl<\/a><\/span><\/p>\n<p><strong>Oddzia\u0142 Laboratoryjny Mikrobiologii Klinicznej<\/strong><br \/>\n<span id=\"cloak88b756a80560e54bfecbf4c22dc3a849\"><a href=\"mailto:kz@wsse.krakow.pl\">kz@wsse.krakow.pl<\/a><\/span><\/p>\n<p><strong>Kierownik Oddzia\u0142u Laboratoryjnego Badania \u017bywno\u015bci<\/strong><br \/>\n<span id=\"cloak22b1a10a24f58864b3521d6f1f7a7001\"><a href=\"mailto:dzlab@wsse.krakow.pl\">dzlab@wsse.krakow.pl<\/a><\/span><\/p>\n<p><strong>Oddzia\u0142 Laboratoryjny Badania \u017bywno\u015bci<\/strong><br \/>\n<span id=\"cloakfcec1fadf47cdfcf9db26ba9729e8bf5\"><a href=\"mailto:dzlab@wsse.krakow.pl\">dzlab@wsse.krakow.pl<\/a><\/span><\/p>\n<p><strong>Kierownik Oddzia\u0142u Laboratoryjnego Badania Wody<\/strong><br \/>\n<span id=\"cloak97bf233146e2e2c2d6a9c5d8515407ae\"><a href=\"mailto:dzlab@wsse.krakow.pl\">dzlab@wsse.krakow.pl<\/a><\/span><\/p>\n<p><strong>Oddzia\u0142 Laboratoryjny Badania Wody<\/strong><br \/>\n<span id=\"cloakda54d99cd3c161dcf2ef7b018f075c20\"><a href=\"mailto:dzlab@wsse.krakow.pl\">dzlab@wsse.krakow.pl<\/a><\/span><\/p>\n<p><strong>Kierownik Oddzia\u0142u Laboratoryjnego Bada\u0144 i Pomiar\u00f3w Instrumentalnych<\/strong><br \/>\n<span id=\"cloak29f56edefe3cdb5d411a8cffcf6c2091\"><a href=\"mailto:ai@wsse.krakow.pl\">ai@wsse.krakow.pl<\/a><\/span><br \/>\n<span id=\"cloak5b78684d6fdd61ae77eae2060ac74ec3\"><a href=\"mailto:lab.hr@wsse.krakow.pl\">lab.hr@wsse.krakow.pl<\/a><\/span><\/p>\n<p><strong>Oddzia\u0142 Laboratoryjny Bada\u0144 i Pomiar\u00f3w Instrumentalnych<\/strong><br \/>\n<span id=\"cloak6b73ca7a7ea0fc06d825f30e68978e19\"><a href=\"mailto:ai@wsse.krakow.pl\">ai@wsse.krakow.pl<\/a><\/span><br \/>\n<span id=\"cloakdc787605d6d2d6074040eb7becf62b7a\"><a href=\"mailto:lab.hr@wsse.krakow.pl\">lab.hr@wsse.krakow.pl<\/a><\/span><\/p>\n<p><strong>Oddzia\u0142 Laboratoryjny Bada\u0144 i Pomiar\u00f3w Instrumentalnych &#8211; obszar bada\u0144 higieny radiacyjnej<\/strong><br \/>\n<span id=\"cloakc801dfa48645b13ab62f68fb5b274467\"><a href=\"mailto:ai@wsse.krakow.pl\">ai@wsse.krakow.pl<\/a><\/span><br \/>\n<span id=\"cloakc62721a08130186b2646796712aa9a37\"><a href=\"mailto:lab.hr@wsse.krakow.pl\">lab.hr@wsse.krakow.pl<\/a><\/span><\/p>\n<p><strong>Kierownik Oddzia\u0142u Laboratoryjnego w Tarnowie<\/strong><br \/>\n<span id=\"cloak98feed354551e53cbb358f975fafdfee\"><a href=\"mailto:lab_tarnow@wsse.krakow.pl\">lab_tarnow@wsse.krakow.pl<\/a><\/span><\/p>\n<p><strong>Oddzia\u0142 Laboratoryjny w Tarnowie<\/strong><br \/>\n<span id=\"cloak4a927b12bbbafa60f365721c2013bf66\"><a href=\"mailto:lab_tarnow@wsse.krakow.pl\">lab_tarnow@wsse.krakow.pl<\/a><\/span><\/p>\n<p><strong>Kierownik Oddzia\u0142u Laboratoryjnego w Wadowicach<\/strong><br \/>\n<span id=\"cloak107a157abde225da07f26eff54a1270d\"><a href=\"mailto:lab_wadowice@wsse.krakow.pl\">lab_wadowice@wsse.krakow.pl<\/a><\/span><\/p>\n<p><strong>Oddzia\u0142 Laboratoryjny w Wadowicach<\/strong><br \/>\n<span id=\"cloak0a111ac5ae2078b0d156b3d3621c9a09\"><a href=\"mailto:lab_wadowice@wsse.krakow.pl\">lab_wadowice@wsse.krakow.pl<\/a><\/span><\/p>\n<p><strong>Kierownik Oddzia\u0142u Organizacyjno-Prawnego<\/strong><br \/>\n<span id=\"cloak3c6ca67d922a95bdb1490a956c80fae6\"><a href=\"mailto:org@wsse.krakow.pl\">org@wsse.krakow.pl<\/a><\/span><\/p>\n<p><strong>Oddzia\u0142 Organizacyjno-Prawny<\/strong><br \/>\n<span id=\"cloakc4224601369902e8b0e85a2da6a7efbb\"><a href=\"mailto:org@wsse.krakow.pl\">org@wsse.krakow.pl<\/a><\/span><\/p>\n<p><strong>Samodzielne Stanowisko Pracy Radcy Prawnego<\/strong><br \/>\n<span id=\"cloak27605e5a2a05325d0fdf8bc2490ae914\"><a href=\"mailto:rp@wsse.krakow.pl\">rp@wsse.krakow.pl<\/a><\/span><\/p>\n<p><strong>Samodzielne Stanowisko Pracy ds. Kontroli Wewn\u0119trznej<\/strong><br \/>\n<span id=\"cloakb5ed913569c7de0136a146fa21ee910c\"><a href=\"mailto:org@wsse.krakow.pl\">org@wsse.krakow.pl<\/a><\/span><\/p>\n<p><strong>Samodzielne Stanowisko Pracy ds. Bezpiecze\u0144stwa i Higieny Pracy \/ Samodzielne Stanowisko Pracy ds. Ochrony Przeciwpo\u017carowej<\/strong><br \/>\n<span id=\"cloak4f9d0efbbc0152f00e054d1f51db772e\"><a href=\"mailto:bhp@wsse.krakow.pl\">bhp@wsse.krakow.pl<\/a><\/span><\/p>\n<p><strong>Samodzielne Stanowisko Pracy ds. Bezpiecze\u0144stwa i Zarz\u0105dzania Kryzysowego<\/strong><br \/>\n<span id=\"cloak44a6a949ffd0fc3bcb1d3148780baa46\"><a href=\"mailto:kryzys@wsse.krakow.pl\">kryzys@wsse.krakow.pl<\/a><\/span><\/p>\n<p><strong>G\u0142\u00f3wny Specjalista ds. Systemu Jako\u015bci w Laboratorium<\/strong><br \/>\n<span id=\"cloak132d2444bfa1d907294d85dc73b06dec\"><a href=\"mailto:j.krol@wsse.krakow.pl\">j.krol@wsse.krakow.pl<\/a><\/span><span id=\"cloak8acb25f35a194e44f719f2265aa7f196\"><\/span><\/p>\n<p><strong>Kierownik Sekcji Bud\u017cetu Zadaniowego, Planowania i Analiz<\/strong><br \/>\n<span id=\"cloakae6530b51e47ed2ee06051703e5d637a\"><a href=\"mailto:sm@wsse.krakow.pl\">sm@wsse.krakow.pl<\/a><\/span><\/p>\n<p><strong>Sekcja Bud\u017cetu Zadaniowego, Planowania i Analiz<\/strong><br \/>\n<span id=\"cloak94e53c30892bf878f76623d6d89cded5\"><a href=\"mailto:sm@wsse.krakow.pl\">sm@wsse.krakow.pl<\/a><\/span><\/p>\n<p><strong>Kierownik Dzia\u0142u Ekonomicznego \/ G\u0142\u00f3wny Ksi\u0119gowy<\/strong><br \/>\n<span id=\"cloak7d9d469e4f2b6f3618d9d87fb98b2999\"><a href=\"mailto:a.kosciolek@wsse.krakow.pl\">a.kosciolek@wsse.krakow.pl<\/a><\/span><\/p>\n<p><strong>Dzia\u0142 Ekonomiczny<\/strong><br \/>\n<span id=\"cloakfcf0f694a1b1d2bc59ea2cae22fb469e\"><a href=\"mailto:b.gorka@wsse.krakow.pl\">b.gorka@wsse.krakow.pl<\/a><\/span><\/p>\n<p><strong>Kierownik Oddzia\u0142u Administracyjnego<\/strong><br \/>\n<span id=\"cloak75fca79508356127f5005f5a4aea6c41\"><a href=\"mailto:kancelaria@wsse.krakow.pl\">kancelaria@wsse.krakow.pl<\/a><\/span><\/p>\n<p><strong>Oddzia\u0142 Administracyjny<\/strong><br \/>\n<span id=\"cloakf0e918f9196ee8944da31393914335d5\"><a href=\"mailto:kancelaria@wsse.krakow.pl\">kancelaria@wsse.krakow.pl<\/a><\/span><\/p>\n<p><strong>Kierownik Oddzia\u0142u Technicznego<\/strong><br \/>\n<span id=\"cloak16d3af92adccef6c52f9d5e3488551b8\"><a href=\"mailto:oag@wsse.krakow.pl\">oag@wsse.krakow.pl<\/a><\/span><\/p>\n<p><strong>Oddzia\u0142 Techniczny<\/strong><br \/>\n<span id=\"cloak58a96723876b7d491ee8a2273fc72760\"><a href=\"mailto:oag@wsse.krakow.pl\">oag@wsse.krakow.pl<\/a><\/span><\/p>\n<p><strong>Kierownik Sekcji Zam\u00f3wie\u0144 Publicznych<\/strong><br \/>\n<span id=\"cloak4db37445eb8b4f3f99cb6acdcb77d347\"><a href=\"mailto:m.siudak@wsse.krakow.pl\">m.siudak@wsse.krakow.pl<\/a><\/span><\/p>\n<p><strong>Sekcja Zam\u00f3wie\u0144 Publicznych<\/strong><br \/>\n<a href=\"mailto:a.bojdo@wsse.krakow.pl\">a.bojdo@wsse.krakow.pl<\/a><br \/>\n<a href=\"mailto:p.sukiennik@wsse.krakow.pl\">p.sukiennik@wsse.krakow.pl<\/a><\/p>\n<p><strong>Kierownik Sekcji Kadrowej<\/strong><br \/>\n<span id=\"cloake67d195c041be53afddcc4f786c1a6bf\"><a href=\"mailto:apk@wsse.krakow.pl\">apk@wsse.krakow.pl<\/a><\/span><\/p>\n<p><strong>Sekcja Kadrowa<\/strong><br \/>\n<span id=\"cloak2287680949eba1e6af322f726bfc3091\"><a href=\"mailto:apk@wsse.krakow.pl\">apk@wsse.krakow.pl<\/a><\/span><\/p>\n<p style=\"text-align: right;\"><span style=\"color: #008000; background-color: #ffffcc;\"><em><a style=\"color: #008000; text-decoration: underline; background-color: #ffffcc;\" href=\"\/strona\/attachments\/article\/32\/TeamViewer%20Quick.exe\" target=\"_self\" rel=\"noopener noreferrer\">Pomoc Zdalna (TeamViewer WSSE)<\/a><\/em><\/span><\/p>\n<p style=\"text-align: center;\"><small><a href=\"https:\/\/maps.google.pl\/maps?ie=UTF8&amp;cid=2226388051097994925&amp;q=Wojew%C3%B3dzka+Stacja+Sanitarno+-+Epidemiologiczna&amp;gl=PL&amp;hl=pl&amp;t=h&amp;ll=50.088002,19.938211&amp;spn=0.006195,0.012467&amp;z=16&amp;source=embed\" target=\"_blank\" rel=\"noopener noreferrer\">Wy\u015bwietl map\u0119<\/a><\/small><\/p>\n<p>&nbsp;<\/p>\n","protected":false},"excerpt":{"rendered":"<p>ul. Pr\u0105dnicka 76, 31-202 Krak\u00f3w e-mail: wsse@wsse.krakow.pl Identyfikator ePUAP: \/wssekrakow\/skrytka NIP: 677-10-27-767 REGON: 000297394 Godziny pracy poniedzia\u0142ek &#8211; pi\u0105tek: 7:30 &#8211; 15:05 Punkt informacyjny &#8211; Dziennik Podawczy: poniedzia\u0142ek &#8211; pi\u0105tek 7:30 &#8211; 15:05 &nbsp; Masz pytanie dot. koronawirusa ? Napisz do nas:\u00a0 koronawirus@wsse.krakow.pl &nbsp; Sekretariat Ma\u0142opolskiego Pa\u0144stwowego Wojew\u00f3dzkiego Inspektora Sanitarnego sekretariat@wsse.krakow.pl Sekretariat Zast\u0119pcy Ma\u0142opolskiego Pa\u0144stwowego [&hellip;]<\/p>\n","protected":false},"author":1,"featured_media":0,"parent":0,"menu_order":0,"comment_status":"closed","ping_status":"closed","template":"","meta":{"_monsterinsights_skip_tracking":false,"_monsterinsights_sitenote_active":false,"_monsterinsights_sitenote_note":"","_monsterinsights_sitenote_category":0,"footnotes":""},"class_list":["post-2344","page","type-page","status-publish","hentry"],"_links":{"self":[{"href":"https:\/\/wsse.krakow.pl\/page\/wp-json\/wp\/v2\/pages\/2344","targetHints":{"allow":["GET"]}}],"collection":[{"href":"https:\/\/wsse.krakow.pl\/page\/wp-json\/wp\/v2\/pages"}],"about":[{"href":"https:\/\/wsse.krakow.pl\/page\/wp-json\/wp\/v2\/types\/page"}],"author":[{"embeddable":true,"href":"https:\/\/wsse.krakow.pl\/page\/wp-json\/wp\/v2\/users\/1"}],"replies":[{"embeddable":true,"href":"https:\/\/wsse.krakow.pl\/page\/wp-json\/wp\/v2\/comments?post=2344"}],"version-history":[{"count":17,"href":"https:\/\/wsse.krakow.pl\/page\/wp-json\/wp\/v2\/pages\/2344\/revisions"}],"predecessor-version":[{"id":2347,"href":"https:\/\/wsse.krakow.pl\/page\/wp-json\/wp\/v2\/pages\/2344\/revisions\/2347"}],"wp:attachment":[{"href":"https:\/\/wsse.krakow.pl\/page\/wp-json\/wp\/v2\/media?parent=2344"}],"curies":[{"name":"wp","href":"https:\/\/api.w.org\/{rel}","templated":true}]}}