{"id":2409,"date":"2018-02-01T13:12:44","date_gmt":"2018-02-01T12:12:44","guid":{"rendered":"http:\/\/wsse.krakow.pl\/page\/?page_id=2409"},"modified":"2020-02-21T10:42:09","modified_gmt":"2020-02-21T09:42:09","slug":"badania-zywnosci-kosmetykow-oraz-materialow-i-wyrobow-do-kontaktu-z-zywnoscia","status":"publish","type":"page","link":"https:\/\/wsse.krakow.pl\/page\/uslugi-laboratoryjne\/badania-zywnosci-kosmetykow-oraz-materialow-i-wyrobow-do-kontaktu-z-zywnoscia\/","title":{"rendered":"Badania \u017cywno\u015bci, kosmetyk\u00f3w oraz materia\u0142\u00f3w i wyrob\u00f3w do kontaktu z \u017cywno\u015bci\u0105"},"content":{"rendered":"<p><strong>Kierownik Oddzia\u0142u Laboratoryjnego Badania \u017bywno\u015bci<\/strong><br \/>\nmgr Marta Tytko<br \/>\ntel. 12 25 49 478<br \/>\ne-mail: <a href=\"mailto:m.tytko@wsse.krakow.pl\">m.tytko@wsse.krakow.pl<\/a><\/p>\n<hr \/>\n<p>Oddzia\u0142 Laboratoryjny Badania \u017bywno\u015bci wraz z Oddzia\u0142em Laboratoryjnym Bada\u0144 i Pomiar\u00f3w Instrumentalnych wykonuje odp\u0142atne badania \u017cywno\u015bci, materia\u0142\u00f3w i wyrob\u00f3w do kontaktu z \u017cywno\u015bci\u0105 oraz kosmetyk\u00f3w, po wcze\u015bniejszym uzgodnieniu telefonicznym lub mailowym<\/p>\n<ul>\n<li><strong>Badania mikrobiologiczne \u2013 <\/strong> 12 25 49\u00a0520<\/li>\n<li><strong>Badania fizykochemiczne<\/strong> <strong>\u2013 <\/strong> 12 25 49\u00a0473<\/li>\n<li><strong>Badania materia\u0142\u00f3w i wyrob\u00f3w do kontaktu z \u017cywno\u015bci\u0105<\/strong> <strong>\u2013 <\/strong> 12 25 49\u00a0471<\/li>\n<li><strong>Badania kosmetyk\u00f3w \u2013 <\/strong> 12 25 49\u00a0471<\/li>\n<\/ul>\n<p><strong><u><a href=\"https:\/\/wsse.krakow.pl\/page\/wp-content\/uploads\/2018\/05\/Cennik-WSSE-w-Krakowie-\u017cywno\u015b\u0107.pdf\">ZAKRES BADA\u0143 wraz z CENNIKIEM<\/a><\/u><\/strong><\/p>\n<p>&nbsp;<\/p>\n<p><u>PUNKT PRZYJMOWANIA PR\u00d3BEK &#8211; tel. 12 25 49\u00a0402<\/u><\/p>\n<p>badania mikrobiologiczne\u00a0\u00a0\u00a0\u00a0\u00a0\u00a0\u00a0\u00a0\u00a0\u00a0\u00a0\u00a0\u00a0\u00a0\u00a0\u00a0\u00a0\u00a0\u00a0\u00a0\u00a0\u00a0\u00a0\u00a0\u00a0\u00a0\u00a0\u00a0\u00a0\u00a0\u00a0\u00a0\u00a0\u00a0\u00a0\u00a0\u00a0\u00a0\u00a0\u00a0\u00a0\u00a0\u00a0\u00a0\u00a0\u00a0\u00a0\u00a0\u00a0\u00a0\u00a0\u00a0\u00a0\u00a0\u00a0\u00a0\u00a0\u00a0\u00a0\u00a0\u00a0\u00a0\u00a0\u00a0\u00a0\u00a0\u00a0\u00a0\u00a0\u00a0\u00a0\u00a0\u00a0 poniedzia\u0142ek &#8211;\u00a0 \u015broda 7:30 \u2013 14:00<br \/>\nbadanie fizykochemiczne\u00a0\u00a0\u00a0\u00a0\u00a0\u00a0\u00a0\u00a0\u00a0\u00a0\u00a0\u00a0\u00a0\u00a0\u00a0\u00a0\u00a0\u00a0\u00a0\u00a0\u00a0\u00a0\u00a0\u00a0\u00a0\u00a0\u00a0\u00a0\u00a0\u00a0\u00a0\u00a0\u00a0\u00a0\u00a0\u00a0\u00a0\u00a0\u00a0\u00a0\u00a0\u00a0\u00a0\u00a0\u00a0\u00a0\u00a0\u00a0\u00a0\u00a0\u00a0\u00a0\u00a0\u00a0\u00a0\u00a0\u00a0\u00a0\u00a0\u00a0\u00a0\u00a0\u00a0\u00a0\u00a0\u00a0\u00a0\u00a0\u00a0\u00a0\u00a0\u00a0 \u00a0 poniedzia\u0142ek \u2013 pi\u0105tek 7:30 \u2013 14:00<br \/>\nbadania materia\u0142\u00f3w i wyrob\u00f3w do kontaktu z \u017cywno\u015bci\u0105\u00a0\u00a0\u00a0\u00a0\u00a0\u00a0\u00a0\u00a0\u00a0\u00a0 \u00a0 \u00a0\u00a0 poniedzia\u0142ek \u2013 pi\u0105tek 7:30 \u2013 14:00<br \/>\nbadania kosmetyk\u00f3w\u00a0\u00a0\u00a0\u00a0\u00a0\u00a0\u00a0\u00a0\u00a0\u00a0\u00a0\u00a0\u00a0\u00a0\u00a0\u00a0\u00a0\u00a0\u00a0\u00a0\u00a0\u00a0\u00a0\u00a0\u00a0\u00a0\u00a0\u00a0\u00a0\u00a0\u00a0\u00a0\u00a0\u00a0\u00a0\u00a0\u00a0\u00a0\u00a0\u00a0\u00a0\u00a0\u00a0\u00a0\u00a0\u00a0\u00a0\u00a0\u00a0\u00a0\u00a0\u00a0\u00a0\u00a0\u00a0\u00a0\u00a0\u00a0\u00a0\u00a0\u00a0\u00a0\u00a0\u00a0\u00a0\u00a0\u00a0\u00a0\u00a0\u00a0\u00a0\u00a0\u00a0\u00a0\u00a0\u00a0\u00a0\u00a0\u00a0\u00a0\u00a0 poniedzia\u0142ek \u2013 pi\u0105tek 7:30 \u2013 14:00<\/p>\n<p>&nbsp;<\/p>\n<p>Druki zlece\u0144 na badania pr\u00f3bek dost\u0119pne s\u0105 w Punkcie Przyjmowania Pr\u00f3bek oraz do pobrania na stronie<\/p>\n<p><u><a href=\"https:\/\/wsse.krakow.pl\/page\/wp-content\/uploads\/2020\/02\/Zlecenie-na-wykonanie-bada\u0144-mikrobiologicznych-\u017cywnosci.docx\">Zlecenie na wykonanie bada\u0144 mikrobiologicznych \u017cywno\u015bci.docx<\/a><a href=\"http:\/\/wsse.krakow.pl\/page\/wp-content\/uploads\/2018\/02\/Zlecenie-na-wykonanie-bada\u0144-mikrobiologicznych-\u017cywno\u015bci.docx\"><br \/>\n<\/a><\/u><a href=\"https:\/\/wsse.krakow.pl\/page\/wp-content\/uploads\/2020\/02\/Zlecenie-na-wykonanie-bada\u0144-mikrobiologicznych-\u017cywnosci.pdf\">Zlecenie na wykonanie bada\u0144 mikrobiologicznych \u017cywno\u015bci.pdf<\/a><a href=\"http:\/\/wsse.krakow.pl\/page\/wp-content\/uploads\/2018\/02\/Zlecenie-na-wykonanie-bada\u0144-mikrobiologicznych-\u017cywno\u015bci.pdf\"><br \/>\n<\/a><a href=\"https:\/\/wsse.krakow.pl\/page\/wp-content\/uploads\/2020\/02\/Zlecenie-na-wykonanie-bada\u0144-fizykochemicznych-\u017cywnosci.docx\">Zlecenie na wykonanie bada\u0144 fizykochemicznych \u017cywno\u015bci.docx<br \/>\n<\/a><a href=\"https:\/\/wsse.krakow.pl\/page\/wp-content\/uploads\/2020\/02\/Zlecenie-na-wykonanie-bada\u0144-fizykochemicznych-\u017cywnosci.pdf\">Zlecenie na wykonanie bada\u0144 fizykochemicznych \u017cywno\u015bci.pdf<br \/>\n<\/a><a href=\"https:\/\/wsse.krakow.pl\/page\/wp-content\/uploads\/2020\/02\/Zlecenie-na-badania-fizykochemiczne-zywnosci-zakres-elastyczny.docx\">Zlecenie na wykonanie bada\u0144 fizykochemicznych \u017cywno\u015bci zawarto\u015bci metali &#8211; zakres elastyczny.docx<\/a><br \/>\n<a href=\"https:\/\/wsse.krakow.pl\/page\/wp-content\/uploads\/2020\/02\/Zlecenie-na-badania-fizykochemiczne-zywnosci-zakres-elastyczny.pdf\">Zlecenie na wykonanie bada\u0144 fizykochemicznych \u017cywno\u015bci zawarto\u015bci metali &#8211; zakres elastyczny.pdf<\/a><br \/>\n<a href=\"https:\/\/wsse.krakow.pl\/page\/wp-content\/uploads\/2020\/02\/Zlecenie-na-wykonanie-bada\u0144-fizykochemicznych-materia\u0142\u00f3w-i-wyrob\u00f3w-do-kontaktu-z-zywnoscia.docx\">Zlecenie na badania materia\u0142\u00f3w i wyrob\u00f3w do kontaktu z \u017cywno\u015bci\u0105.docx<br \/>\n<\/a><a href=\"https:\/\/wsse.krakow.pl\/page\/wp-content\/uploads\/2020\/02\/Zlecenie-na-wykonanie-bada\u0144-fizykochemicznych-materia\u0142\u00f3w-i-wyrob\u00f3w-do-kontaktu-z-zywnoscia.pdf\">Zlecenie na badania materia\u0142\u00f3w i wyrob\u00f3w do kontaktu z \u017cywno\u015bci\u0105.pdf<\/a><br \/>\n<a href=\"https:\/\/wsse.krakow.pl\/page\/wp-content\/uploads\/2020\/02\/Zlecenie-na-wykonanie-bada\u0144-mikorbiologicznych-kosmetyk\u00f3w.docx\">Zlecenie na wykonanie bada\u0144 mikrobiologicznych kosmetyk\u00f3w.docx<\/a><br \/>\n<a href=\"https:\/\/wsse.krakow.pl\/page\/wp-content\/uploads\/2020\/02\/Zlecenie-na-wykonanie-bada\u0144-mikorbiologicznych-kosmetyk\u00f3w.pdf\">Zlecenie na wykonanie bada\u0144 mikrobiologicznych kosmetyk\u00f3w.pdf<\/a><br \/>\n<a href=\"https:\/\/wsse.krakow.pl\/page\/wp-content\/uploads\/2020\/02\/Zlecenie-na-wykonanie-bada\u0144-fizykochemicznych-kosmetyk\u00f3w.docx\">Zlecenie na wykonanie bada\u0144 fizykochemicznych kosmetyk\u00f3w.docx<\/a><br \/>\n<a href=\"https:\/\/wsse.krakow.pl\/page\/wp-content\/uploads\/2020\/02\/Zlecenie-na-wykonanie-bada\u0144-fizykochemicznych-kosmetyk\u00f3w.pdf\">Zlecenie na wykonanie bada\u0144 fizykochemicznych kosmetyk\u00f3w.pdf<\/a><\/p>\n<p><a href=\"https:\/\/wsse.krakow.pl\/page\/wp-content\/uploads\/2018\/05\/Informacja-dotycz\u0105ca-przetwarzania-danych-osobowych.pdf\">Informacja dotycz\u0105ca przetwarzania danych osobowych<\/a><\/p>\n","protected":false},"excerpt":{"rendered":"<p>Kierownik Oddzia\u0142u Laboratoryjnego Badania \u017bywno\u015bci mgr Marta Tytko tel. 12 25 49 478 e-mail: m.tytko@wsse.krakow.pl Oddzia\u0142 Laboratoryjny Badania \u017bywno\u015bci wraz z Oddzia\u0142em Laboratoryjnym Bada\u0144 i Pomiar\u00f3w Instrumentalnych wykonuje odp\u0142atne badania \u017cywno\u015bci, materia\u0142\u00f3w i wyrob\u00f3w do kontaktu z \u017cywno\u015bci\u0105 oraz kosmetyk\u00f3w, po wcze\u015bniejszym uzgodnieniu telefonicznym lub mailowym Badania mikrobiologiczne \u2013 12 25 49\u00a0520 Badania fizykochemiczne \u2013 [&hellip;]<\/p>\n","protected":false},"author":29,"featured_media":0,"parent":2265,"menu_order":0,"comment_status":"closed","ping_status":"closed","template":"","meta":{"_monsterinsights_skip_tracking":false,"_monsterinsights_sitenote_active":false,"_monsterinsights_sitenote_note":"","_monsterinsights_sitenote_category":0,"footnotes":""},"class_list":["post-2409","page","type-page","status-publish","hentry"],"_links":{"self":[{"href":"https:\/\/wsse.krakow.pl\/page\/wp-json\/wp\/v2\/pages\/2409","targetHints":{"allow":["GET"]}}],"collection":[{"href":"https:\/\/wsse.krakow.pl\/page\/wp-json\/wp\/v2\/pages"}],"about":[{"href":"https:\/\/wsse.krakow.pl\/page\/wp-json\/wp\/v2\/types\/page"}],"author":[{"embeddable":true,"href":"https:\/\/wsse.krakow.pl\/page\/wp-json\/wp\/v2\/users\/29"}],"replies":[{"embeddable":true,"href":"https:\/\/wsse.krakow.pl\/page\/wp-json\/wp\/v2\/comments?post=2409"}],"version-history":[{"count":25,"href":"https:\/\/wsse.krakow.pl\/page\/wp-json\/wp\/v2\/pages\/2409\/revisions"}],"predecessor-version":[{"id":5787,"href":"https:\/\/wsse.krakow.pl\/page\/wp-json\/wp\/v2\/pages\/2409\/revisions\/5787"}],"up":[{"embeddable":true,"href":"https:\/\/wsse.krakow.pl\/page\/wp-json\/wp\/v2\/pages\/2265"}],"wp:attachment":[{"href":"https:\/\/wsse.krakow.pl\/page\/wp-json\/wp\/v2\/media?parent=2409"}],"curies":[{"name":"wp","href":"https:\/\/api.w.org\/{rel}","templated":true}]}}