{"id":2419,"date":"2018-02-01T13:20:22","date_gmt":"2018-02-01T12:20:22","guid":{"rendered":"http:\/\/wsse.krakow.pl\/page\/?page_id=2419"},"modified":"2020-09-09T17:19:51","modified_gmt":"2020-09-09T15:19:51","slug":"wojewodzka-stacja-sanitarno-epidemiologiczna-badania-laboratoryjne","status":"publish","type":"page","link":"https:\/\/wsse.krakow.pl\/page\/uslugi-laboratoryjne\/wojewodzka-stacja-sanitarno-epidemiologiczna-badania-laboratoryjne\/","title":{"rendered":"Wojew\u00f3dzka Stacja Sanitarno-Epidemiologiczna &#8211; Badania laboratoryjne"},"content":{"rendered":"<h4><strong><img loading=\"lazy\" decoding=\"async\" class=\"wp-image-2495 alignright\" src=\"http:\/\/wsse.krakow.pl\/page\/wp-content\/uploads\/2018\/02\/15832101_xl-300x294.jpg\" alt=\"\" width=\"112\" height=\"110\" srcset=\"https:\/\/wsse.krakow.pl\/page\/wp-content\/uploads\/2018\/02\/15832101_xl-300x294.jpg 300w, https:\/\/wsse.krakow.pl\/page\/wp-content\/uploads\/2018\/02\/15832101_xl-150x147.jpg 150w, https:\/\/wsse.krakow.pl\/page\/wp-content\/uploads\/2018\/02\/15832101_xl-768x752.jpg 768w, https:\/\/wsse.krakow.pl\/page\/wp-content\/uploads\/2018\/02\/15832101_xl-1500x1468.jpg 1500w\" sizes=\"auto, (max-width: 112px) 100vw, 112px\" \/><\/strong><\/h4>\n<hr \/>\n<p><strong><span style=\"color: #008000;\">OFERUJEMY PA\u0143STWU:<\/span><br \/>\n<\/strong><\/p>\n<p><a href=\"http:\/\/wsse.krakow.pl\/page\/uslugi-laboratoryjne\/badania-mikrobiologii-klinicznej\/\"><strong>Badania w zakresie mikrobiologii klinicznej<\/strong><\/a><br \/>\n<strong><a href=\"http:\/\/wsse.krakow.pl\/page\/uslugi-laboratoryjne\/badania-radiologiczne\/\">Badania radiologiczne <\/a><\/strong><br \/>\n<strong><a href=\"http:\/\/wsse.krakow.pl\/page\/uslugi-laboratoryjne\/badania-zywnosci-kosmetykow-oraz-materialow-i-wyrobow-do-kontaktu-z-zywnoscia\/\">Badania \u017cywno\u015bci, kosmetyk\u00f3w oraz materia\u0142\u00f3w i wyrob\u00f3w do kontaktu z \u017cywno\u015bci\u0105<\/a><\/strong><\/p>\n<p>&nbsp;<\/p>\n<p><a href=\"http:\/\/wsse.krakow.pl\/page\/wp-content\/uploads\/2018\/01\/Odkazanie-studni-kopanej-odkazanie-wody.pdf\">Informacja dot. odka\u017cania studni kopanej, odka\u017cania wody<\/a><br \/>\n<a href=\"http:\/\/wsse.krakow.pl\/page\/uslugi-laboratoryjne\/wojewodzka-stacja-sanitarno-epidemiologiczna-badania-laboratoryjne\/informacja-dotyczaca-badania-kleszczy\/\">Informacja dot. badania KLESZCZY<\/a><br \/>\n<a href=\"https:\/\/wsse.krakow.pl\/page\/uslugi-laboratoryjne\/wojewodzka-stacja-sanitarno-epidemiologiczna-badania-laboratoryjne\/porady-grzyboznawcy\/\">Porady GRZYBOZNAWCY<\/a><\/p>\n<p>&nbsp;<\/p>\n<hr \/>\n<h6><span style=\"color: #008000;\"><strong>DRUKI DO POBRANIA:<\/strong><\/span><\/h6>\n<p><strong>Mikrobiologia kliniczna<\/strong><br \/>\n<a href=\"https:\/\/wsse.krakow.pl\/page\/wp-content\/uploads\/2020\/07\/Za\u0142\u0105cznik-nr-1-wyd.-4.-Zlecenie-na-badanie-sanitarno-epidemiologiczne-1.docx\">Zlecenie na badanie sanitarno-epidemiologiczne<\/a><br \/>\n<a href=\"https:\/\/wsse.krakow.pl\/page\/wp-content\/uploads\/2020\/07\/Za\u0142\u0105cznik-nr-3-wyd.3-Zlecenie-pozosta\u0142e-badania.docx\">Zlecenie \u2013 pozosta\u0142e badania<\/a><br \/>\n<a href=\"https:\/\/wsse.krakow.pl\/page\/wp-content\/uploads\/2020\/07\/Za\u0142\u0105cznik-nr-6-wyd.-3-Zlecenie-na-wykonanie-odpisu-Sprawozdania-z-bada\u0144.docx\">Zlecenie na wykonanie odpisu Sprawozdania z bada\u0144<\/a><br \/>\n<a href=\"https:\/\/wsse.krakow.pl\/page\/wp-content\/uploads\/2020\/07\/Za\u0142\u0105cznik-nr-5-wyd.2-Zalecenia-pobieranie-transport-i-przechowywanie-pr\u00f3bek-do-bada\u0144-z-zakresu-mikrobiologii-klinicznej.docx\">Wytyczne dot. pobierania, transportu i przechowywania pr\u00f3bek do badan z zakresu mikrobiologii klinicznej<br \/>\n<\/a><a href=\"https:\/\/wsse.krakow.pl\/page\/wp-content\/uploads\/2020\/07\/Za\u0142\u0105cznik-nr-4-wyd.-4-Zlecenie-na-badanie-w-kierunku-biologicznej-kontroli-skuteczno\u015bci-procesu-sterylizacji.docx\">Zlecenie na badanie w kierunku biologicznej kontroli skuteczno\u015bci procesu sterylizacji<br \/>\n<\/a><a href=\"https:\/\/wsse.krakow.pl\/page\/wp-content\/uploads\/2018\/05\/Informacja-dotycz\u0105ca-przetwarzania-danych-osobowych.pdf\">Informacja dotycz\u0105ca przetwarzania danych osobowych &#8211; badanie sporali<\/a><br \/>\n<a href=\"https:\/\/wsse.krakow.pl\/page\/wp-content\/uploads\/2018\/05\/informacja-dotycz\u0105c\u0105-przetwarzania-danych-osobowych-materia\u0142-kliniczny-pacjenta.pdf\">Informacja dotycz\u0105c\u0105 przetwarzania danych osobowych &#8211; materia\u0142 kliniczny pacjenta<\/a><\/p>\n<p><strong>\u017bywno\u015b\u0107<\/strong><br \/>\n<u><a href=\"https:\/\/wsse.krakow.pl\/page\/wp-content\/uploads\/2020\/02\/Zlecenie-na-wykonanie-bada\u0144-mikrobiologicznych-\u017cywnosci.docx\">Zlecenie na wykonanie bada\u0144 mikrobiologicznych \u017cywno\u015bci.docx<\/a><a href=\"http:\/\/wsse.krakow.pl\/page\/wp-content\/uploads\/2018\/02\/Zlecenie-na-wykonanie-bada\u0144-mikrobiologicznych-\u017cywno\u015bci.docx\"><br \/>\n<\/a><\/u><a href=\"https:\/\/wsse.krakow.pl\/page\/wp-content\/uploads\/2020\/02\/Zlecenie-na-wykonanie-bada\u0144-mikrobiologicznych-\u017cywnosci.pdf\">Zlecenie na wykonanie bada\u0144 mikrobiologicznych \u017cywno\u015bci.pdf<\/a><a href=\"https:\/\/wsse.krakow.pl\/page\/wp-content\/uploads\/2018\/06\/Zlecenie-na-wykonanie-bada\u0144-mikrobiologicznych-\u017cywno\u015bci.pdf\"><br \/>\n<\/a><a href=\"https:\/\/wsse.krakow.pl\/page\/wp-content\/uploads\/2020\/02\/Zlecenie-na-wykonanie-bada\u0144-fizykochemicznych-\u017cywnosci.docx\">Zlecenie na wykonanie bada\u0144 fizykochemicznych \u017cywno\u015bci.docx<br \/>\n<\/a><a href=\"https:\/\/wsse.krakow.pl\/page\/wp-content\/uploads\/2020\/02\/Zlecenie-na-wykonanie-bada\u0144-fizykochemicznych-\u017cywnosci.pdf\">Zlecenie na wykonanie bada\u0144 fizykochemicznych \u017cywno\u015bci.pdf<\/a><br \/>\n<a href=\"https:\/\/wsse.krakow.pl\/page\/wp-content\/uploads\/2020\/02\/Zlecenie-na-badania-fizykochemiczne-zywnosci-zakres-elastyczny.docx\">Zlecenie na wykonanie bada\u0144 fizykochemicznych \u017cywno\u015bci zawarto\u015bci metali &#8211; zakres elastyczny.docx<\/a><br \/>\n<a href=\"https:\/\/wsse.krakow.pl\/page\/wp-content\/uploads\/2020\/02\/Zlecenie-na-badania-fizykochemiczne-zywnosci-zakres-elastyczny.pdf\">Zlecenie na wykonanie bada\u0144 fizykochemicznych \u017cywno\u015bci zawarto\u015bci metali &#8211; zakres elastyczny.pdf<\/a><br \/>\n<a href=\"https:\/\/wsse.krakow.pl\/page\/wp-content\/uploads\/2020\/02\/Zlecenie-na-wykonanie-bada\u0144-fizykochemicznych-materia\u0142\u00f3w-i-wyrob\u00f3w-do-kontaktu-z-zywnoscia.docx\">Zlecenie na badania materia\u0142\u00f3w i wyrob\u00f3w do kontaktu z \u017cywno\u015bci\u0105.docx<br \/>\n<\/a><a href=\"https:\/\/wsse.krakow.pl\/page\/wp-content\/uploads\/2020\/02\/Zlecenie-na-wykonanie-bada\u0144-fizykochemicznych-materia\u0142\u00f3w-i-wyrob\u00f3w-do-kontaktu-z-zywnoscia.pdf\">Zlecenie na badania materia\u0142\u00f3w i wyrob\u00f3w do kontaktu z \u017cywno\u015bci\u0105.pdf<\/a><br \/>\n<a href=\"https:\/\/wsse.krakow.pl\/page\/wp-content\/uploads\/2020\/02\/Zlecenie-na-wykonanie-bada\u0144-mikorbiologicznych-kosmetyk\u00f3w.docx\">Zlecenie na wykonanie bada\u0144 mikrobiologicznych kosmetyk\u00f3w.docx<\/a><br \/>\n<a href=\"https:\/\/wsse.krakow.pl\/page\/wp-content\/uploads\/2020\/02\/Zlecenie-na-wykonanie-bada\u0144-mikorbiologicznych-kosmetyk\u00f3w.pdf\">Zlecenie na wykonanie bada\u0144 mikrobiologicznych kosmetyk\u00f3w.pdf<\/a><br \/>\n<a href=\"https:\/\/wsse.krakow.pl\/page\/wp-content\/uploads\/2020\/02\/Zlecenie-na-wykonanie-bada\u0144-fizykochemicznych-kosmetyk\u00f3w.docx\">Zlecenie na wykonanie bada\u0144 fizykochemicznych kosmetyk\u00f3w.docx<\/a><br \/>\n<a href=\"https:\/\/wsse.krakow.pl\/page\/wp-content\/uploads\/2020\/02\/Zlecenie-na-wykonanie-bada\u0144-fizykochemicznych-kosmetyk\u00f3w.pdf\">Zlecenie na wykonanie bada\u0144 fizykochemicznych kosmetyk\u00f3w.pdf<\/a><br \/>\n<a href=\"https:\/\/wsse.krakow.pl\/page\/wp-content\/uploads\/2018\/05\/Informacja-dotycz\u0105ca-przetwarzania-danych-osobowych.pdf\">Informacja dotycz\u0105ca przetwarzania danych osobowych<\/a><\/p>\n<p><strong>Radiologia<\/strong><br \/>\n<a href=\"https:\/\/wsse.krakow.pl\/page\/wp-content\/uploads\/2020\/02\/Zlecenie-na-pomiary-dozymetryczne.docx.docx\">Zlecenie na pomiary dozymetryczne.docx<\/a><br \/>\n<a href=\"https:\/\/wsse.krakow.pl\/page\/wp-content\/uploads\/2020\/02\/Zlecenie-na-pomiary-dozymetryczne.pdf.pdf\">Zlecenie na pomiary dozymetryczne.pdf<\/a><a href=\"http:\/\/wsse.krakow.pl\/page\/wp-content\/uploads\/2018\/02\/Zlecenie-na-pomiary-dozymetryczne.pdf\"><br \/>\n<\/a><a href=\"http:\/\/wsse.krakow.pl\/page\/wp-content\/uploads\/2019\/07\/Zlecenie-na-badanie-radiologiczne-produkt\u00f3w-rolno-spo\u017cywczych.docx\">Zlecenie na badanie produkt\u00f3w rolno-spo\u017cywczych w zakresie higieny radiacyjnej.docx<\/a><br \/>\n<a href=\"http:\/\/wsse.krakow.pl\/page\/wp-content\/uploads\/2019\/07\/Zlecenie-na-badanie-radiologiczne-produkt\u00f3w-rolno-spo\u017cywczych.pdf\">Zlecenie na badanie produkt\u00f3w rolno-spo\u017cywczych w zakresie higieny radiacyjnej.pdf<\/a><br \/>\n<a href=\"http:\/\/wsse.krakow.pl\/page\/wp-content\/uploads\/2019\/08\/Zlecenie-na-badanie-pr\u00f3bek-wody-w-zakresie-higieny-radiacyjnej.docx\">Zlecenie na badanie pr\u00f3bek wody w zakresie higieny radiacyjnej.docx<\/a><br \/>\n<a href=\"http:\/\/wsse.krakow.pl\/page\/wp-content\/uploads\/2019\/08\/Zlecenie-na-badanie-pr\u00f3bek-wody-w-zakresie-higieny-radiacyjnej.pdf\">Zlecenie na badanie pr\u00f3bek wody w zakresie higieny radiacyjnej.pdf<\/a><br \/>\n<a href=\"https:\/\/wsse.krakow.pl\/page\/wp-content\/uploads\/2018\/05\/Informacja-dotycz\u0105ca-przetwarzania-danych-osobowych.pdf\">Informacja dotycz\u0105ca przetwarzania danych osobowych<\/a><\/p>\n","protected":false},"excerpt":{"rendered":"<p>OFERUJEMY PA\u0143STWU: Badania w zakresie mikrobiologii klinicznej Badania radiologiczne Badania \u017cywno\u015bci, kosmetyk\u00f3w oraz materia\u0142\u00f3w i wyrob\u00f3w do kontaktu z \u017cywno\u015bci\u0105 &nbsp; Informacja dot. odka\u017cania studni kopanej, odka\u017cania wody Informacja dot. badania KLESZCZY Porady GRZYBOZNAWCY &nbsp; DRUKI DO POBRANIA: Mikrobiologia kliniczna Zlecenie na badanie sanitarno-epidemiologiczne Zlecenie \u2013 pozosta\u0142e badania Zlecenie na wykonanie odpisu Sprawozdania z bada\u0144 [&hellip;]<\/p>\n","protected":false},"author":29,"featured_media":0,"parent":2265,"menu_order":0,"comment_status":"closed","ping_status":"closed","template":"","meta":{"_monsterinsights_skip_tracking":false,"_monsterinsights_sitenote_active":false,"_monsterinsights_sitenote_note":"","_monsterinsights_sitenote_category":0,"footnotes":""},"class_list":["post-2419","page","type-page","status-publish","hentry"],"_links":{"self":[{"href":"https:\/\/wsse.krakow.pl\/page\/wp-json\/wp\/v2\/pages\/2419","targetHints":{"allow":["GET"]}}],"collection":[{"href":"https:\/\/wsse.krakow.pl\/page\/wp-json\/wp\/v2\/pages"}],"about":[{"href":"https:\/\/wsse.krakow.pl\/page\/wp-json\/wp\/v2\/types\/page"}],"author":[{"embeddable":true,"href":"https:\/\/wsse.krakow.pl\/page\/wp-json\/wp\/v2\/users\/29"}],"replies":[{"embeddable":true,"href":"https:\/\/wsse.krakow.pl\/page\/wp-json\/wp\/v2\/comments?post=2419"}],"version-history":[{"count":51,"href":"https:\/\/wsse.krakow.pl\/page\/wp-json\/wp\/v2\/pages\/2419\/revisions"}],"predecessor-version":[{"id":8884,"href":"https:\/\/wsse.krakow.pl\/page\/wp-json\/wp\/v2\/pages\/2419\/revisions\/8884"}],"up":[{"embeddable":true,"href":"https:\/\/wsse.krakow.pl\/page\/wp-json\/wp\/v2\/pages\/2265"}],"wp:attachment":[{"href":"https:\/\/wsse.krakow.pl\/page\/wp-json\/wp\/v2\/media?parent=2419"}],"curies":[{"name":"wp","href":"https:\/\/api.w.org\/{rel}","templated":true}]}}