{"id":2428,"date":"2018-02-01T13:41:30","date_gmt":"2018-02-01T12:41:30","guid":{"rendered":"http:\/\/wsse.krakow.pl\/page\/?page_id=2428"},"modified":"2019-03-18T09:59:42","modified_gmt":"2019-03-18T08:59:42","slug":"oddzial-laboratoryjny-w-tarnowie","status":"publish","type":"page","link":"https:\/\/wsse.krakow.pl\/page\/uslugi-laboratoryjne\/oddzial-laboratoryjny-w-tarnowie\/","title":{"rendered":"Oddzia\u0142 Laboratoryjny w Tarnowie &#8211; Badania Laboratoryjne"},"content":{"rendered":"<p><strong>Kierownik Oddzia\u0142u Laboratoryjnego \u00a0w Tarnowie<br \/>\n<\/strong>mgr in\u017c. Joanna Peciak<br \/>\ntel. 12 25 49 571<br \/>\ne-mail: <a href=\"mailto:j.peciak@wsse.krakow.pl\">j.peciak@wsse.krakow.pl<\/a><\/p>\n<hr \/>\n<p style=\"text-align: justify;\">Oddzia\u0142 Laboratoryjny w Tarnowie wykonuje badania \u017cywno\u015bci, wody oraz badania zakresie mikrobiologii klinicznej , po wcze\u015bniejszym uzgodnieniu telefonicznym lub mailowym<\/p>\n<p>&nbsp;<\/p>\n<ul>\n<li><strong>Badania \u017cywno\u015bci \u2013 <\/strong>12 25 49\u00a0571 <a href=\"https:\/\/wsse.krakow.pl\/page\/wp-content\/uploads\/2018\/05\/Cennik-dla-Oddzia\u0142u-Lab-w-Tarnowie-\u017cywno\u015b\u0107.pdf\">ZAKRES BADA\u0143 wraz z CENNIKIEM<\/a><\/li>\n<li><strong>Badania wody<\/strong> <strong>\u2013 <\/strong>12 25 49\u00a0571 <a href=\"https:\/\/wsse.krakow.pl\/page\/wp-content\/uploads\/2018\/05\/Cennik-dla-Oddzia\u0142u-Lab-w-Tarnowie-woda.pdf\">ZAKRES BADA\u0143 wraz z CENNIKIEM<\/a><\/li>\n<li><strong>Badania w zakresie mikrobiologii klinicznej<\/strong> <strong>\u2013 <\/strong>12 25 49\u00a0571 <a href=\"http:\/\/wsse.krakow.pl\/page\/wp-content\/uploads\/2019\/03\/CENNIK-US\u0141UG-NA-ZLECENIE-mikrobiologia-kliniczna-2019-LZT.pdf\">ZAKRES BADA\u0143 wraz z CENNIKIEM<\/a><\/li>\n<\/ul>\n<p>&nbsp;<\/p>\n<p><u>PUNKT PRZYJMOWANIA PR\u00d3BEK <\/u><\/p>\n<p>badania wody\u00a0\u00a0\u00a0\u00a0\u00a0\u00a0\u00a0\u00a0\u00a0\u00a0\u00a0\u00a0\u00a0\u00a0\u00a0\u00a0\u00a0\u00a0\u00a0\u00a0\u00a0\u00a0\u00a0\u00a0\u00a0\u00a0\u00a0\u00a0\u00a0\u00a0\u00a0\u00a0\u00a0\u00a0\u00a0\u00a0\u00a0\u00a0\u00a0\u00a0\u00a0\u00a0\u00a0\u00a0\u00a0\u00a0\u00a0\u00a0\u00a0 \u00a0\u00a0\u00a0\u00a0\u00a0\u00a0\u00a0\u00a0\u00a0\u00a0\u00a0\u00a0\u00a0\u00a0\u00a0\u00a0\u00a0\u00a0\u00a0\u00a0\u00a0\u00a0\u00a0\u00a0\u00a0\u00a0\u00a0\u00a0\u00a0\u00a0\u00a0\u00a0\u00a0\u00a0\u00a0\u00a0\u00a0\u00a0\u00a0\u00a0\u00a0\u00a0\u00a0\u00a0\u00a0\u00a0 poniedzia\u0142ek \u2013 \u015broda 7:30 \u2013 12:00<br \/>\nbadania \u017cywno\u015bci\u00a0\u00a0\u00a0\u00a0\u00a0\u00a0\u00a0\u00a0\u00a0\u00a0\u00a0\u00a0\u00a0\u00a0\u00a0\u00a0\u00a0\u00a0\u00a0\u00a0\u00a0\u00a0\u00a0\u00a0\u00a0\u00a0\u00a0\u00a0\u00a0\u00a0\u00a0\u00a0\u00a0\u00a0\u00a0\u00a0\u00a0\u00a0\u00a0\u00a0\u00a0\u00a0 \u00a0\u00a0\u00a0\u00a0\u00a0\u00a0\u00a0\u00a0\u00a0\u00a0\u00a0\u00a0\u00a0\u00a0\u00a0 \u00a0\u00a0\u00a0\u00a0\u00a0\u00a0\u00a0\u00a0\u00a0\u00a0\u00a0\u00a0\u00a0\u00a0\u00a0\u00a0\u00a0\u00a0\u00a0\u00a0\u00a0\u00a0\u00a0\u00a0\u00a0\u00a0\u00a0\u00a0\u00a0\u00a0 poniedzia\u0142ek \u2013 pi\u0105tek 7:30 \u2013 15:00<\/p>\n","protected":false},"excerpt":{"rendered":"<p>Kierownik Oddzia\u0142u Laboratoryjnego \u00a0w Tarnowie mgr in\u017c. Joanna Peciak tel. 12 25 49 571 e-mail: j.peciak@wsse.krakow.pl Oddzia\u0142 Laboratoryjny w Tarnowie wykonuje badania \u017cywno\u015bci, wody oraz badania zakresie mikrobiologii klinicznej , po wcze\u015bniejszym uzgodnieniu telefonicznym lub mailowym &nbsp; Badania \u017cywno\u015bci \u2013 12 25 49\u00a0571 ZAKRES BADA\u0143 wraz z CENNIKIEM Badania wody \u2013 12 25 49\u00a0571 ZAKRES [&hellip;]<\/p>\n","protected":false},"author":29,"featured_media":0,"parent":2265,"menu_order":0,"comment_status":"closed","ping_status":"closed","template":"","meta":{"_monsterinsights_skip_tracking":false,"_monsterinsights_sitenote_active":false,"_monsterinsights_sitenote_note":"","_monsterinsights_sitenote_category":0,"footnotes":""},"class_list":["post-2428","page","type-page","status-publish","hentry"],"_links":{"self":[{"href":"https:\/\/wsse.krakow.pl\/page\/wp-json\/wp\/v2\/pages\/2428","targetHints":{"allow":["GET"]}}],"collection":[{"href":"https:\/\/wsse.krakow.pl\/page\/wp-json\/wp\/v2\/pages"}],"about":[{"href":"https:\/\/wsse.krakow.pl\/page\/wp-json\/wp\/v2\/types\/page"}],"author":[{"embeddable":true,"href":"https:\/\/wsse.krakow.pl\/page\/wp-json\/wp\/v2\/users\/29"}],"replies":[{"embeddable":true,"href":"https:\/\/wsse.krakow.pl\/page\/wp-json\/wp\/v2\/comments?post=2428"}],"version-history":[{"count":12,"href":"https:\/\/wsse.krakow.pl\/page\/wp-json\/wp\/v2\/pages\/2428\/revisions"}],"predecessor-version":[{"id":3983,"href":"https:\/\/wsse.krakow.pl\/page\/wp-json\/wp\/v2\/pages\/2428\/revisions\/3983"}],"up":[{"embeddable":true,"href":"https:\/\/wsse.krakow.pl\/page\/wp-json\/wp\/v2\/pages\/2265"}],"wp:attachment":[{"href":"https:\/\/wsse.krakow.pl\/page\/wp-json\/wp\/v2\/media?parent=2428"}],"curies":[{"name":"wp","href":"https:\/\/api.w.org\/{rel}","templated":true}]}}