{"id":2437,"date":"2018-02-01T13:52:42","date_gmt":"2018-02-01T12:52:42","guid":{"rendered":"http:\/\/wsse.krakow.pl\/page\/?page_id=2437"},"modified":"2020-10-14T10:44:05","modified_gmt":"2020-10-14T08:44:05","slug":"oddzial-laboratoryjny-w-wadowicach-badania-laboratoryjne","status":"publish","type":"page","link":"https:\/\/wsse.krakow.pl\/page\/uslugi-laboratoryjne\/oddzial-laboratoryjny-w-wadowicach-badania-laboratoryjne\/","title":{"rendered":"Oddzia\u0142 Laboratoryjny w Wadowicach &#8211; Badania Laboratoryjne"},"content":{"rendered":"<p><img loading=\"lazy\" decoding=\"async\" class=\"wp-image-5634 alignleft\" src=\"https:\/\/wsse.krakow.pl\/page\/wp-content\/uploads\/2020\/01\/exclamation-40026-1-300x300.png\" alt=\"\" width=\"109\" height=\"109\" srcset=\"https:\/\/wsse.krakow.pl\/page\/wp-content\/uploads\/2020\/01\/exclamation-40026-1-300x300.png 300w, https:\/\/wsse.krakow.pl\/page\/wp-content\/uploads\/2020\/01\/exclamation-40026-1-1500x1500.png 1500w, https:\/\/wsse.krakow.pl\/page\/wp-content\/uploads\/2020\/01\/exclamation-40026-1-150x150.png 150w, https:\/\/wsse.krakow.pl\/page\/wp-content\/uploads\/2020\/01\/exclamation-40026-1-768x768.png 768w, https:\/\/wsse.krakow.pl\/page\/wp-content\/uploads\/2020\/01\/exclamation-40026-1-1536x1536.png 1536w, https:\/\/wsse.krakow.pl\/page\/wp-content\/uploads\/2020\/01\/exclamation-40026-1.png 1920w\" sizes=\"auto, (max-width: 109px) 100vw, 109px\" \/>Oddzia\u0142 Laboratoryjny w Wadowicach informuje, i\u017c w zwi\u0105zku z zapewnieniem ci\u0105g\u0142o\u015bci realizacji dzia\u0142a\u0144 statutowych <strong>wstrzymane zostanie przyjmowanie pr\u00f3bek wody od klient\u00f3w indywidualnych od 19 pa\u017adziernika 2020 r do odwo\u0142ania.<\/strong><br \/>\nDo bada\u0144 b\u0119d\u0105 przyjmowane tylko pr\u00f3bki wody od os\u00f3b prowadz\u0105cych dzia\u0142alno\u015b\u0107 gospodarcz\u0105 oraz inwestor\u00f3w oddaj\u0105cych budynki do u\u017cytkowania<\/p>\n<p>&nbsp;<\/p>\n<hr \/>\n<p><strong>Kierownik Oddzia\u0142u Laboratoryjnego w Wadowicach<br \/>\n<\/strong>mgr in\u017c. Aneta Znajdek<br \/>\ntel. 12 25 49 591<br \/>\ne-mail: <a href=\"mailto:a.znajdek@wsse.krakow.pl\">a.znajdek@wsse.krakow.pl<\/a><\/p>\n<hr \/>\n<p style=\"text-align: justify;\">Oddzia\u0142 Laboratoryjny w Wadowicach wykonuje odp\u0142atnie badania \u017cywno\u015bci i wody, po wcze\u015bniejszym uzgodnieniu telefonicznym lub mailowym<\/p>\n<ul>\n<li><strong>Badania \u017cywno\u015bci \u2013 <\/strong>12 25 49\u00a0594 <a href=\"https:\/\/wsse.krakow.pl\/page\/wp-content\/uploads\/2018\/05\/Cennik-dla-Oddzia\u0142u-Lab-w-Wadowicach-\u017cywno\u015b\u0107.pdf\">ZAKRES BADA\u0143 wraz z CENNIKIEM<\/a><\/li>\n<li><strong>Badania wody<\/strong> <strong>\u2013 <\/strong>12 25 49\u00a0594 <a href=\"https:\/\/wsse.krakow.pl\/page\/wp-content\/uploads\/2018\/05\/Cennik-dla-Oddzia\u0142u-Lab-w-Wadowicach-woda.pdf\">ZAKRES BADA\u0143 wraz z CENNIKIEM<\/a><\/li>\n<\/ul>\n<p><u>PUNKT PRZYJMOWANIA PR\u00d3BEK &#8211; tel. 12 25 49\u00a0594<\/u><\/p>\n<p>poniedzia\u0142ek \u2013 pi\u0105tek \u00a0\u00a0 7:30 \u2013 15:05<\/p>\n<p>&nbsp;<\/p>\n<p>Druki zlece\u0144 na badania pr\u00f3bek dost\u0119pne s\u0105 w Punkcie Przyjmowania Pr\u00f3bek oraz do pobrania na stronie:<\/p>\n<p><a href=\"https:\/\/wsse.krakow.pl\/page\/wp-content\/uploads\/2020\/02\/Zlecenie-na-badanie-pr\u00f3bek-wody.docx.docx\">Zlecenie na badanie pr\u00f3bek wody.docx<\/a><br \/>\n<a href=\"https:\/\/wsse.krakow.pl\/page\/wp-content\/uploads\/2020\/02\/Zlecenie-na-badanie-pr\u00f3bek-wody.pdf.pdf\">Zlecenie na badanie pr\u00f3bek wody.pdf<\/a><br \/>\n<a href=\"https:\/\/wsse.krakow.pl\/page\/wp-content\/uploads\/2020\/02\/Zlecenie-na-badanie-mikrobiologiczne-lub-fizykochemiczne-pr\u00f3bek-\u017cywno\u015bci.docx.docx\">Zlecenie na badanie mikrobiologiczne lub fizykochemiczne pr\u00f3bek \u017cywno\u015bci.docx<\/a><br \/>\n<a href=\"https:\/\/wsse.krakow.pl\/page\/wp-content\/uploads\/2020\/02\/Zlecenie-na-badanie-mikrobiologiczne-lub-fizykochemiczne-pr\u00f3bek-\u017cywno\u015bci.pdf.pdf\">Zlecenie na badanie mikrobiologiczne lub fizykochemiczne pr\u00f3bek \u017cywno\u015bci.pdf<\/a><\/p>\n","protected":false},"excerpt":{"rendered":"<p>Oddzia\u0142 Laboratoryjny w Wadowicach informuje, i\u017c w zwi\u0105zku z zapewnieniem ci\u0105g\u0142o\u015bci realizacji dzia\u0142a\u0144 statutowych wstrzymane zostanie przyjmowanie pr\u00f3bek wody od klient\u00f3w indywidualnych od 19 pa\u017adziernika 2020 r do odwo\u0142ania. Do bada\u0144 b\u0119d\u0105 przyjmowane tylko pr\u00f3bki wody od os\u00f3b prowadz\u0105cych dzia\u0142alno\u015b\u0107 gospodarcz\u0105 oraz inwestor\u00f3w oddaj\u0105cych budynki do u\u017cytkowania &nbsp; Kierownik Oddzia\u0142u Laboratoryjnego w Wadowicach mgr in\u017c. [&hellip;]<\/p>\n","protected":false},"author":29,"featured_media":0,"parent":2265,"menu_order":0,"comment_status":"closed","ping_status":"closed","template":"","meta":{"_monsterinsights_skip_tracking":false,"_monsterinsights_sitenote_active":false,"_monsterinsights_sitenote_note":"","_monsterinsights_sitenote_category":0,"footnotes":""},"class_list":["post-2437","page","type-page","status-publish","hentry"],"_links":{"self":[{"href":"https:\/\/wsse.krakow.pl\/page\/wp-json\/wp\/v2\/pages\/2437","targetHints":{"allow":["GET"]}}],"collection":[{"href":"https:\/\/wsse.krakow.pl\/page\/wp-json\/wp\/v2\/pages"}],"about":[{"href":"https:\/\/wsse.krakow.pl\/page\/wp-json\/wp\/v2\/types\/page"}],"author":[{"embeddable":true,"href":"https:\/\/wsse.krakow.pl\/page\/wp-json\/wp\/v2\/users\/29"}],"replies":[{"embeddable":true,"href":"https:\/\/wsse.krakow.pl\/page\/wp-json\/wp\/v2\/comments?post=2437"}],"version-history":[{"count":12,"href":"https:\/\/wsse.krakow.pl\/page\/wp-json\/wp\/v2\/pages\/2437\/revisions"}],"predecessor-version":[{"id":9331,"href":"https:\/\/wsse.krakow.pl\/page\/wp-json\/wp\/v2\/pages\/2437\/revisions\/9331"}],"up":[{"embeddable":true,"href":"https:\/\/wsse.krakow.pl\/page\/wp-json\/wp\/v2\/pages\/2265"}],"wp:attachment":[{"href":"https:\/\/wsse.krakow.pl\/page\/wp-json\/wp\/v2\/media?parent=2437"}],"curies":[{"name":"wp","href":"https:\/\/api.w.org\/{rel}","templated":true}]}}