{"id":2444,"date":"2018-02-01T14:14:26","date_gmt":"2018-02-01T13:14:26","guid":{"rendered":"http:\/\/wsse.krakow.pl\/page\/?page_id=2444"},"modified":"2020-02-12T13:39:16","modified_gmt":"2020-02-12T12:39:16","slug":"badania-radiologiczne","status":"publish","type":"page","link":"https:\/\/wsse.krakow.pl\/page\/uslugi-laboratoryjne\/badania-radiologiczne\/","title":{"rendered":"Badania radiologiczne"},"content":{"rendered":"<p><strong>Kierownik Oddzia\u0142u Laboratoryjnego Bada\u0144 i Pomiar\u00f3w Instrumentalnych<br \/>\n<\/strong>mgr Grzegorz \u015alusarczyk<br \/>\ntel. 12 25 49 526<br \/>\ne-mail: <a href=\"mailto:g.slusarczyk@wsse.krakow.pl\">g.slusarczyk@wsse.krakow.pl<\/a><\/p>\n<hr \/>\n<p>Oddzia\u0142 Laboratoryjny Bada\u0144 i Pomiar\u00f3w Instrumentalnych wykonuje odp\u0142atne badania radiologiczne, po wcze\u015bniejszym uzgodnieniu telefonicznym lub mailowym i wype\u0142nieniu zlecenia.<br \/>\ntel. 12 25 49\u00a0459<br \/>\ne-mail: <a href=\"mailto:lab.hr@wsse.krakow.pl\">lab.hr@wsse.krakow.pl<\/a><\/p>\n<p>&nbsp;<\/p>\n<p>Laboratorium wykonuje odp\u0142atne badania radiologiczne:<\/p>\n<ul>\n<li><strong>Pomiar mocy dawki promieniowania rtg w \u015brodowisku pracy i \u015brodowisku og\u00f3lnym \/ skuteczno\u015b\u0107 os\u0142on sta\u0142ych dla aparatu rtg \u00a0<\/strong><\/li>\n<li><strong>Pomiar rozk\u0142adu mocy dawki promieniowania rtg wok\u00f3\u0142 aparatu rtg<\/strong><\/li>\n<li><strong>Oznaczanie zawarto\u015bci Cs-137 w \u017cywno\u015bci <\/strong><\/li>\n<li><strong>Oznaczanie zawarto\u015bci Cs-137 w wodzie <\/strong><\/li>\n<li><strong>Oznaczanie zawarto\u015bci trytu w wodzie <\/strong><\/li>\n<\/ul>\n<p><strong><a href=\"https:\/\/wsse.krakow.pl\/page\/wp-content\/uploads\/2018\/05\/Cennik-WSSE-w-Krakowie-radiologia.pdf\">ZAKRES BADA\u0143 wraz z CENNIKIEM<\/a><\/strong><\/p>\n<p>&nbsp;<\/p>\n<p>Druki zlecenia na badania do pobrania:<\/p>\n<p><a href=\"https:\/\/wsse.krakow.pl\/page\/wp-content\/uploads\/2020\/02\/Zlecenie-na-pomiary-dozymetryczne.docx.docx\">Zlecenie na pomiary dozymetryczne.docx<\/a><br \/>\n<a href=\"https:\/\/wsse.krakow.pl\/page\/wp-content\/uploads\/2020\/02\/Zlecenie-na-pomiary-dozymetryczne.pdf.pdf\">Zlecenie na pomiary dozymetryczne.pdf<\/a><br \/>\n<a href=\"http:\/\/wsse.krakow.pl\/page\/wp-content\/uploads\/2019\/07\/Zlecenie-na-badanie-radiologiczne-produkt\u00f3w-rolno-spo\u017cywczych.docx\">Zlecenie na badanie produkt\u00f3w rolno-spo\u017cywczych w zakresie higieny radiacyjnej.docx<\/a><br \/>\n<a href=\"http:\/\/wsse.krakow.pl\/page\/wp-content\/uploads\/2019\/07\/Zlecenie-na-badanie-radiologiczne-produkt\u00f3w-rolno-spo\u017cywczych.pdf\">Zlecenie na badanie produkt\u00f3w rolno-spo\u017cywczych w zakresie higieny radiacyjnej.pdf<\/a><br \/>\n<a href=\"http:\/\/wsse.krakow.pl\/page\/wp-content\/uploads\/2019\/08\/Zlecenie-na-badanie-pr\u00f3bek-wody-w-zakresie-higieny-radiacyjnej.docx\">Zlecenie na badanie pr\u00f3bek wody w zakresie higieny radiacyjnej.docx<\/a><br \/>\n<a href=\"http:\/\/wsse.krakow.pl\/page\/wp-content\/uploads\/2019\/08\/Zlecenie-na-badanie-pr\u00f3bek-wody-w-zakresie-higieny-radiacyjnej.pdf\">Zlecenie na badanie pr\u00f3bek wody w zakresie higieny radiacyjnej.pdf<\/a><\/p>\n<p><a href=\"https:\/\/wsse.krakow.pl\/page\/wp-content\/uploads\/2018\/05\/Informacja-dotycz\u0105ca-przetwarzania-danych-osobowych.pdf\">Informacja dotycz\u0105ca przetwarzania danych osobowych<\/a><\/p>\n<p style=\"text-align: justify;\">Na pro\u015bb\u0119 klienta mo\u017ce zosta\u0107 przes\u0142ana oferta cenowa dotycz\u0105ca konkretnego rodzaju badania. W zapytaniu ofertowym prosimy o podanie szczeg\u00f3\u0142owych informacji o rodzaju mierzonych urz\u0105dze\u0144 (nazwa, typ).<\/p>\n<p style=\"text-align: justify;\">Je\u017celi faktura ma zosta\u0107 wystawiona na inny adres, ni\u017c adres Zlecaj\u0105cego, prosimy o podanie tej informacji w zleceniu.<\/p>\n","protected":false},"excerpt":{"rendered":"<p>Kierownik Oddzia\u0142u Laboratoryjnego Bada\u0144 i Pomiar\u00f3w Instrumentalnych mgr Grzegorz \u015alusarczyk tel. 12 25 49 526 e-mail: g.slusarczyk@wsse.krakow.pl Oddzia\u0142 Laboratoryjny Bada\u0144 i Pomiar\u00f3w Instrumentalnych wykonuje odp\u0142atne badania radiologiczne, po wcze\u015bniejszym uzgodnieniu telefonicznym lub mailowym i wype\u0142nieniu zlecenia. tel. 12 25 49\u00a0459 e-mail: lab.hr@wsse.krakow.pl &nbsp; Laboratorium wykonuje odp\u0142atne badania radiologiczne: Pomiar mocy dawki promieniowania rtg w \u015brodowisku [&hellip;]<\/p>\n","protected":false},"author":29,"featured_media":0,"parent":2265,"menu_order":0,"comment_status":"closed","ping_status":"closed","template":"","meta":{"_monsterinsights_skip_tracking":false,"_monsterinsights_sitenote_active":false,"_monsterinsights_sitenote_note":"","_monsterinsights_sitenote_category":0,"footnotes":""},"class_list":["post-2444","page","type-page","status-publish","hentry"],"_links":{"self":[{"href":"https:\/\/wsse.krakow.pl\/page\/wp-json\/wp\/v2\/pages\/2444","targetHints":{"allow":["GET"]}}],"collection":[{"href":"https:\/\/wsse.krakow.pl\/page\/wp-json\/wp\/v2\/pages"}],"about":[{"href":"https:\/\/wsse.krakow.pl\/page\/wp-json\/wp\/v2\/types\/page"}],"author":[{"embeddable":true,"href":"https:\/\/wsse.krakow.pl\/page\/wp-json\/wp\/v2\/users\/29"}],"replies":[{"embeddable":true,"href":"https:\/\/wsse.krakow.pl\/page\/wp-json\/wp\/v2\/comments?post=2444"}],"version-history":[{"count":23,"href":"https:\/\/wsse.krakow.pl\/page\/wp-json\/wp\/v2\/pages\/2444\/revisions"}],"predecessor-version":[{"id":5681,"href":"https:\/\/wsse.krakow.pl\/page\/wp-json\/wp\/v2\/pages\/2444\/revisions\/5681"}],"up":[{"embeddable":true,"href":"https:\/\/wsse.krakow.pl\/page\/wp-json\/wp\/v2\/pages\/2265"}],"wp:attachment":[{"href":"https:\/\/wsse.krakow.pl\/page\/wp-json\/wp\/v2\/media?parent=2444"}],"curies":[{"name":"wp","href":"https:\/\/api.w.org\/{rel}","templated":true}]}}