{"id":2463,"date":"2018-02-02T08:07:44","date_gmt":"2018-02-02T07:07:44","guid":{"rendered":"http:\/\/wsse.krakow.pl\/page\/?page_id=2463"},"modified":"2020-07-15T07:01:54","modified_gmt":"2020-07-15T05:01:54","slug":"badania-mikrobiologii-klinicznej","status":"publish","type":"page","link":"https:\/\/wsse.krakow.pl\/page\/uslugi-laboratoryjne\/badania-mikrobiologii-klinicznej\/","title":{"rendered":"Badania w zakresie mikrobiologii klinicznej"},"content":{"rendered":"<p><strong>Kierownik Oddzia\u0142u Laboratoryjnego Mikrobiologii Klinicznej<\/strong><br \/>\ndr Agnieszka Starowicz<br \/>\ntel. 12 25 49 492<br \/>\ne-mail: <a href=\"mailto:a.starowicz@wsse.krakow.pl\">a.starowicz@wsse.krakow.pl<\/a><\/p>\n<hr \/>\n<p>Oddzia\u0142 Laboratoryjny Mikrobiologii Klinicznej wykonuje odp\u0142atne badania w kierunku bakteriologicznym, wirusologicznym oraz paso\u017cyt\u00f3w jelitowych.<\/p>\n<p>Laboratorium zarejestrowane jest w\u00a0Krajowej Izbie Diagnost\u00f3w Laboratoryjnych.<br \/>\nWyniki bada\u0144 autoryzowane s\u0105 wy\u0142\u0105cznie przez diagnost\u00f3w laboratoryjnych.<\/p>\n<ul>\n<li><a href=\"http:\/\/wsse.krakow.pl\/page\/laboratoryjne-badanie-sanitarno-epidemiologiczne\/\"><strong><u>Bad<\/u><\/strong><strong><u>ania na nosicielstwo (<\/u><\/strong><strong><u>badania sanitarno-epidemiologiczne) <\/u><\/strong><\/a><strong>\u2013 <\/strong> 12 25 49\u00a0409; 12 25 49\u00a0499<br \/>\n<a href=\"http:\/\/wsse.krakow.pl\/page\/laboratoryjne-badanie-sanitarno-epidemiologiczne\/\">dawna ksi\u0105\u017ceczka sanepidowska<\/a><\/li>\n<li><strong>Badania w kierunku paso\u017cyt\u00f3w jelitowych \u2013 <\/strong> 12 25 49\u00a0584<\/li>\n<li><strong>Badania wirusologiczne \u2013 <\/strong> 12 25 49\u00a0485<\/li>\n<li><strong>Testy Sporal do kontroli biologicznej skuteczno\u015bci procesu sterylizacji \u2013 <\/strong> 12 25 49\u00a0583<\/li>\n<\/ul>\n<p><strong><a href=\"http:\/\/wsse.krakow.pl\/page\/wp-content\/uploads\/2019\/03\/CENNIK-US\u0141UG-NA-ZLECENIE-mikrobiologia-kliniczna-2019-LM.pdf\">ZAKRES BADA\u0143 wraz z CENNIKIEM<\/a><\/strong><\/p>\n<p>&nbsp;<\/p>\n<p><span style=\"text-decoration: underline;\">PUNKT PRZYJMOWANIA PR\u00d3BEK &#8211; tel. 12 25 49\u00a0409<\/span><\/p>\n<p>badania sanitarno-epidemiologiczne (badania na nosicielstwo) \u00a0 \u00a0 \u00a0 \u00a0 \u00a0 \u00a0 \u00a0 \u00a0\u00a0\u00a0\u00a0\u00a0\u00a0\u00a0\u00a0 poniedzia\u0142ek &#8211;\u00a0 \u015broda \u00a0 \u00a0 7:30 \u2013 11:00<br \/>\nbadanie w kierunku paso\u017cyt\u00f3w jelitowych\u00a0\u00a0\u00a0\u00a0\u00a0\u00a0\u00a0\u00a0\u00a0\u00a0\u00a0\u00a0\u00a0\u00a0\u00a0\u00a0\u00a0\u00a0\u00a0\u00a0\u00a0\u00a0\u00a0\u00a0\u00a0\u00a0\u00a0\u00a0\u00a0\u00a0\u00a0\u00a0\u00a0\u00a0 \u00a0 \u00a0 \u00a0 \u00a0 \u00a0 \u00a0 \u00a0 \u00a0 \u00a0 \u00a0 \u00a0 \u00a0 \u00a0\u00a0\u00a0 poniedzia\u0142ek \u2013 pi\u0105tek\u00a0 \u00a0 7:30 \u2013 13:00<br \/>\nbadania wirusologiczne\u00a0\u00a0\u00a0\u00a0\u00a0\u00a0\u00a0\u00a0\u00a0\u00a0\u00a0\u00a0\u00a0\u00a0\u00a0\u00a0\u00a0\u00a0\u00a0\u00a0\u00a0\u00a0\u00a0\u00a0\u00a0\u00a0\u00a0\u00a0\u00a0\u00a0\u00a0\u00a0\u00a0\u00a0\u00a0\u00a0\u00a0\u00a0\u00a0\u00a0\u00a0\u00a0\u00a0\u00a0\u00a0\u00a0\u00a0\u00a0\u00a0\u00a0\u00a0\u00a0\u00a0\u00a0\u00a0\u00a0\u00a0\u00a0\u00a0\u00a0\u00a0\u00a0\u00a0\u00a0\u00a0\u00a0\u00a0\u00a0\u00a0\u00a0\u00a0\u00a0 \u00a0 \u00a0 \u00a0\u00a0\u00a0\u00a0\u00a0\u00a0\u00a0\u00a0\u00a0\u00a0\u00a0\u00a0\u00a0\u00a0\u00a0 \u00a0 \u00a0\u00a0 poniedzia\u0142ek \u2013 pi\u0105tek \u00a0\u00a0 7:30 \u2013 14:00<br \/>\nTesty Sporal\u00a0\u00a0\u00a0\u00a0\u00a0\u00a0\u00a0\u00a0\u00a0\u00a0\u00a0\u00a0\u00a0\u00a0\u00a0\u00a0\u00a0\u00a0\u00a0\u00a0\u00a0\u00a0\u00a0\u00a0\u00a0\u00a0\u00a0\u00a0\u00a0\u00a0\u00a0\u00a0\u00a0\u00a0\u00a0\u00a0\u00a0\u00a0\u00a0\u00a0\u00a0\u00a0\u00a0\u00a0\u00a0\u00a0\u00a0\u00a0\u00a0\u00a0\u00a0\u00a0\u00a0\u00a0\u00a0\u00a0\u00a0\u00a0\u00a0\u00a0\u00a0\u00a0\u00a0\u00a0\u00a0\u00a0\u00a0\u00a0\u00a0\u00a0\u00a0\u00a0\u00a0\u00a0\u00a0\u00a0\u00a0\u00a0\u00a0\u00a0\u00a0\u00a0\u00a0\u00a0\u00a0\u00a0\u00a0\u00a0\u00a0\u00a0\u00a0\u00a0\u00a0 \u00a0 \u00a0 \u00a0 \u00a0 \u00a0 \u00a0 \u00a0 \u00a0 \u00a0 \u00a0\u00a0\u00a0 \u00a0\u00a0 poniedzia\u0142ek \u2013 \u015broda \u00a0 \u00a0 12:00 \u2013 14:00<br \/>\n.\u00a0 \u00a0 \u00a0 \u00a0 \u00a0 \u00a0 \u00a0 \u00a0 \u00a0 \u00a0 \u00a0 \u00a0 \u00a0 \u00a0 \u00a0 \u00a0 \u00a0 \u00a0 \u00a0 \u00a0 \u00a0 \u00a0 \u00a0 \u00a0 \u00a0 \u00a0 \u00a0 \u00a0 \u00a0 \u00a0 \u00a0 \u00a0 \u00a0 \u00a0 \u00a0 \u00a0 \u00a0 \u00a0 \u00a0 \u00a0 \u00a0 \u00a0 \u00a0 \u00a0 \u00a0 \u00a0 \u00a0 \u00a0 \u00a0 \u00a0 \u00a0 \u00a0 \u00a0 \u00a0 \u00a0 \u00a0 \u00a0 \u00a0 \u00a0 \u00a0 \u00a0 \u00a0 \u00a0 \u00a0 \u00a0 \u00a0 \u00a0 \u00a0 \u00a0\u00a0\u00a0 \u00a0czwartek \u2013 pi\u0105tek \u00a0\u00a0\u00a0\u00a0\u00a0 \u00a0\u00a0\u00a0 7:30 \u2013 13:00<\/p>\n<p><span style=\"text-decoration: underline;\">WYDAWANIE WYNIK\u00d3W &#8211; tel. 12 25 49\u00a0583<\/span><\/p>\n<p>poniedzia\u0142ek \u2013 \u015broda \u00a0\u00a0\u00a0 12:00 \u2013 15:00<br \/>\nczwartek \u2013 pi\u0105tek \u00a0\u00a0\u00a0\u00a0\u00a0\u00a0\u00a0\u00a0\u00a0 7:30 \u2013 15:00<\/p>\n<p>&nbsp;<\/p>\n<p>Druki zlecenia na badania do pobrania:<\/p>\n<p><a href=\"https:\/\/wsse.krakow.pl\/page\/wp-content\/uploads\/2013\/08\/Zlecenie-na-badanie-sanitarno-epidemiologiczne.pdf\">Zlecenie na badanie sanitarno-epidemiologiczne<\/a><br \/>\n<a href=\"https:\/\/wsse.krakow.pl\/page\/wp-content\/uploads\/2020\/07\/Za\u0142\u0105cznik-nr-3-wyd.3-Zlecenie-pozosta\u0142e-badania.docx\">Zlecenie &#8211; pozosta\u0142e badania<\/a><br \/>\n<a href=\"https:\/\/wsse.krakow.pl\/page\/wp-content\/uploads\/2020\/07\/Za\u0142\u0105cznik-nr-6-wyd.-3-Zlecenie-na-wykonanie-odpisu-Sprawozdania-z-bada\u0144.docx\">Zlecenie na wykonanie odpisu Sprawozdania z bada\u0144<\/a><br \/>\n<a href=\"https:\/\/wsse.krakow.pl\/page\/wp-content\/uploads\/2020\/07\/Za\u0142\u0105cznik-nr-5-wyd.2-Zalecenia-pobieranie-transport-i-przechowywanie-pr\u00f3bek-do-bada\u0144-z-zakresu-mikrobiologii-klinicznej.docx\">Wytyczne dot. pobierania, transportu i przechowywania pr\u00f3bek do badan z zakresu mikrobiologii klinicznej<br \/>\n<\/a><a href=\"https:\/\/wsse.krakow.pl\/page\/wp-content\/uploads\/2020\/07\/Za\u0142\u0105cznik-nr-4-wyd.-4-Zlecenie-na-badanie-w-kierunku-biologicznej-kontroli-skuteczno\u015bci-procesu-sterylizacji.docx\">Zlecenie na badanie w kierunku biologicznej kontroli skuteczno\u015bci procesu sterylizacji<br \/>\n<\/a><a href=\"https:\/\/wsse.krakow.pl\/page\/wp-content\/uploads\/2018\/05\/Informacja-dotycz\u0105ca-przetwarzania-danych-osobowych.pdf\">Informacja dotycz\u0105ca przetwarzania danych osobowych &#8211; badanie sporali<\/a><br \/>\n<a href=\"https:\/\/wsse.krakow.pl\/page\/wp-content\/uploads\/2018\/05\/informacja-dotycz\u0105c\u0105-przetwarzania-danych-osobowych-materia\u0142-kliniczny-pacjenta.pdf\">Informacja dotycz\u0105c\u0105 przetwarzania danych osobowych &#8211; materia\u0142 kliniczny pacjenta<\/a><\/p>\n<p>&nbsp;<\/p>\n<p>&nbsp;<\/p>\n","protected":false},"excerpt":{"rendered":"<p>Kierownik Oddzia\u0142u Laboratoryjnego Mikrobiologii Klinicznej dr Agnieszka Starowicz tel. 12 25 49 492 e-mail: a.starowicz@wsse.krakow.pl Oddzia\u0142 Laboratoryjny Mikrobiologii Klinicznej wykonuje odp\u0142atne badania w kierunku bakteriologicznym, wirusologicznym oraz paso\u017cyt\u00f3w jelitowych. Laboratorium zarejestrowane jest w\u00a0Krajowej Izbie Diagnost\u00f3w Laboratoryjnych. Wyniki bada\u0144 autoryzowane s\u0105 wy\u0142\u0105cznie przez diagnost\u00f3w laboratoryjnych. Badania na nosicielstwo (badania sanitarno-epidemiologiczne) \u2013 12 25 49\u00a0409; 12 25 [&hellip;]<\/p>\n","protected":false},"author":29,"featured_media":0,"parent":2265,"menu_order":0,"comment_status":"closed","ping_status":"closed","template":"","meta":{"_monsterinsights_skip_tracking":false,"_monsterinsights_sitenote_active":false,"_monsterinsights_sitenote_note":"","_monsterinsights_sitenote_category":0,"footnotes":""},"class_list":["post-2463","page","type-page","status-publish","hentry"],"_links":{"self":[{"href":"https:\/\/wsse.krakow.pl\/page\/wp-json\/wp\/v2\/pages\/2463","targetHints":{"allow":["GET"]}}],"collection":[{"href":"https:\/\/wsse.krakow.pl\/page\/wp-json\/wp\/v2\/pages"}],"about":[{"href":"https:\/\/wsse.krakow.pl\/page\/wp-json\/wp\/v2\/types\/page"}],"author":[{"embeddable":true,"href":"https:\/\/wsse.krakow.pl\/page\/wp-json\/wp\/v2\/users\/29"}],"replies":[{"embeddable":true,"href":"https:\/\/wsse.krakow.pl\/page\/wp-json\/wp\/v2\/comments?post=2463"}],"version-history":[{"count":27,"href":"https:\/\/wsse.krakow.pl\/page\/wp-json\/wp\/v2\/pages\/2463\/revisions"}],"predecessor-version":[{"id":7983,"href":"https:\/\/wsse.krakow.pl\/page\/wp-json\/wp\/v2\/pages\/2463\/revisions\/7983"}],"up":[{"embeddable":true,"href":"https:\/\/wsse.krakow.pl\/page\/wp-json\/wp\/v2\/pages\/2265"}],"wp:attachment":[{"href":"https:\/\/wsse.krakow.pl\/page\/wp-json\/wp\/v2\/media?parent=2463"}],"curies":[{"name":"wp","href":"https:\/\/api.w.org\/{rel}","templated":true}]}}