{"id":2502,"date":"2018-02-05T08:39:21","date_gmt":"2018-02-05T07:39:21","guid":{"rendered":"http:\/\/wsse.krakow.pl\/page\/?page_id=2502"},"modified":"2021-02-12T12:21:01","modified_gmt":"2021-02-12T11:21:01","slug":"faq","status":"publish","type":"page","link":"https:\/\/wsse.krakow.pl\/page\/faq\/","title":{"rendered":"FAQ"},"content":{"rendered":"<h3 style=\"text-align: center;\"><span style=\"color: #ff0000;\">UWAGA: WA\u017bNA INFORMACJA!<\/span><\/h3>\n<h3 style=\"text-align: center;\"><span style=\"color: #ff0000;\"><strong>Od 29 pa\u017adziernika 2020 r.<\/strong> niniejsza strona jest <strong>STRON\u0104 ARCHIWALN\u0104!<\/strong><\/span><\/h3>\n<h5 style=\"text-align: center;\"><span style=\"color: #ff0000;\">Prawid\u0142owy adres strony WSSE w Krakowie:<\/span><\/h5>\n<h1 style=\"text-align: center;\"><span style=\"color: #ff0000;\"><a style=\"color: #ff0000;\" href=\"https:\/\/www.gov.pl\/web\/wsse-krakow\/badania-na-nosicielstwo\"><strong>https:\/\/www.gov.pl\/web\/wsse-krakow\/<\/strong><\/a><\/span><\/h1>\n<hr \/>\n<h1 class=\"blubox-jck\">Najcz\u0119\u015bciej zadawane pytania<\/h1>\n<ul>\n<li><a href=\"#Jak_uzyskac_odpis_wyniku_badania\">Jak uzyska\u0107 odpis wyniku badania?<\/a><\/li>\n<li><a href=\"#Jak_wyk_badania_do_celow_sanit-epid\">Jak wykona\u0107 badania do cel\u00f3w sanitarno-epidemiologicznych?<\/a><\/li>\n<li><a href=\"#Czy_Lab_WSSE_bada_kleszcze_w_kierunku_Boreliozy\">Czy Laboratorium WSSE bada kleszcze w kierunku Boreliozy?<\/a><\/li>\n<li><a href=\"#Czy_Borelioza_mozna_sie_zakazic\">Czy Borelioz\u0105 mo\u017cna si\u0119 zakazi\u0107 od chorego cz\u0142owieka?<\/a><\/li>\n<li><a href=\"#Jakie_sa_ceny_badan_na_pasozyty\">Jakie s\u0105 ceny bada\u0144 na paso\u017cyty? W jakich odst\u0119pach czasu trzeba przynosi\u0107 pr\u00f3bki? Czy mo\u017cna zrobi\u0107 takie badanie bez skierowania lekarza?<\/a><\/li>\n<li><a href=\"#Jak_nalezy_przygotowac_pomieszczenie_do_pomiaru\">Jak nale\u017cy przygotowa\u0107 pomieszczenie do pomiaru skuteczno\u015bci os\u0142on sta\u0142ych?<\/a><\/li>\n<li><a href=\"#Jak_dlugo_trwa_pomiar_skutecznosci\">Jak d\u0142ugo trwa pomiar skuteczno\u015bci os\u0142on sta\u0142ych?<\/a><\/li>\n<li><a href=\"#Czy_mozna_zbadac_zakupiony_srodek_spozywczy\">Czy mo\u017cna zbada\u0107 zakupiony \u015brodek spo\u017cywczy, kt\u00f3ry ma np. chemiczny zapach \u2013 czy nie jest szkodliwy dla zdrowia?<\/a><\/li>\n<li><a href=\"#Co_zrobic_gdy_w_zakupionych_srodkach_spozywczych\">Co zrobi\u0107 gdy w zakupionych \u015brodkach spo\u017cywczych znajdziemy cia\u0142o obce lub inne zanieczyszczenia (np. szkodniki zbo\u017cowo-m\u0105czne) lub gdy zakupiony produkt jest (zdaniem Klienta) zepsuty?<\/a><\/li>\n<li><a href=\"#Czy_jest_wymagany_atest_PZH_na_piasek\">Czy jest wymagany atest PZH na piasek do piaskownicy znajduj\u0105cej si\u0119 na terenie przedszkola?<\/a><\/li>\n<li><a href=\"#Jakie_dokumenty_o_stanie_zdrowia\">Jakie dokumenty o stanie zdrowia powinna posiada\u0107 osoba zatrudniona na obozie\/kolonii\/ jako wychowawca-opiekun?<\/a><\/li>\n<li><a href=\"http:\/\/wsse.krakow.pl\/page\/jakie-wymagania-nalezy-spelnic-by-otworzyc-zlobek-lub-klub-dzieciecy\/\">Jakie wymagania nale\u017cy spe\u0142ni\u0107 by otworzy\u0107 \u017c\u0142obek lub klub dzieci\u0119cy?<\/a><\/li>\n<li><a href=\"http:\/\/wsse.krakow.pl\/page\/jak-postepowac-w-przypadku-wystepowania-wszawicy-w-placowkach-oswiatowych\/\">Jak post\u0119powa\u0107 w przypadku wyst\u0119powania wszawicy w plac\u00f3wkach o\u015bwiatowych?<\/a><\/li>\n<\/ul>\n<h3 style=\"text-align: center;\"><span style=\"color: #ff0000;\">UWAGA: WA\u017bNA INFORMACJA!<\/span><\/h3>\n<h3 style=\"text-align: center;\"><span style=\"color: #ff0000;\"><strong>Od 29 pa\u017adziernika 2020 r.<\/strong> niniejsza strona jest <strong>STRON\u0104 ARCHIWALN\u0104!<\/strong><\/span><\/h3>\n<h5 style=\"text-align: center;\"><span style=\"color: #ff0000;\">Prawid\u0142owy adres strony WSSE w Krakowie:<\/span><\/h5>\n<h1 style=\"text-align: center;\"><span style=\"color: #ff0000;\"><a style=\"color: #ff0000;\" href=\"https:\/\/www.gov.pl\/web\/wsse-krakow\/badania-na-nosicielstwo\"><strong>https:\/\/www.gov.pl\/web\/wsse-krakow\/<\/strong><\/a><\/span><\/h1>\n<hr \/>\n<h2 class=\"lightbulb-jck\"><strong>Oddzia\u0142 Laboratoryjny Mikrobiologii Klinicznej<\/strong><\/h2>\n<p><a name=\"Jak_uzyskac_odpis_wyniku_badania\"><\/a><\/p>\n<p><strong>Jak uzyska\u0107 odpis wyniku badania?<\/strong><br \/>\nIstnieje mo\u017cliwo\u015b\u0107 uzyskania duplikatu (odpisu wynik\u00f3w\u00a0 bada\u0144) pod warunkiem, \u017ce badania by\u0142y wykonywane w laboratorium w WSSE w Krakowie przy ul. Pr\u0105dnickiej 76, po 2005 roku.<\/p>\n<p>Nale\u017cy poda\u0107 dane tzn.:<br \/>\n\u2013 Imi\u0119 i Nazwisko (je\u015bli zainteresowany w mi\u0119dzyczasie zmieni\u0142 nazwisko prosz\u0119 poda\u0107 nazwisko, na kt\u00f3re by\u0142o wykonywane badanie),<br \/>\n\u2013 nr PESEL,<br \/>\n\u2013 adres zamieszkania\u00a0 (na kt\u00f3ry zainteresowany wykonywa\u0142 badania ) oraz<br \/>\n\u2013 rok, w kt\u00f3rym\u00a0 wykonywano badania.<\/p>\n<p>Koszt duplikatu wyniku badania \u2013 6 z\u0142otych.<\/p>\n<p>Zam\u00f3wienie na odpis wyniku nale\u017cy z\u0142o\u017cy\u0107 osobi\u015bcie (Punkt Wydawania Wynik\u00f3w, parter budynku WSSE w Krakowie). Dopuszcza si\u0119 zg\u0142oszenie e-mailem adres: <a href=\"mailto:kz@wsse.krakow.pl\">kz@wsse.krakow.pl<\/a><\/p>\n<p>&nbsp;<\/p>\n<p><a name=\"Jak_wyk_badania_do_celow_sanit-epid\"><\/a><\/p>\n<p><strong>Jak wykona\u0107 badania do cel\u00f3w sanitarno-epidemiologicznych?<\/strong><\/p>\n<p><span id=\"OBJ_PREFIX_DWT58_com_zimbra_url\" class=\"Object\"><span id=\"OBJ_PREFIX_DWT62_com_zimbra_url\" class=\"Object-hover\"><a class=\"newWindow\" title=\"Otwarcie w nowym oknie\" href=\"http:\/\/wsse.krakow.pl\/page\/laboratoryjne-badanie-sanitarno-epidemiologiczne\/\" target=\"_blank\" rel=\"noopener noreferrer\">http:\/\/wsse.krakow.pl\/page\/laboratoryjne-badanie-sanitarno-epidemiologiczne\/<\/a><\/span><\/span><\/p>\n<p><a name=\"Czy_Lab_WSSE_bada_kleszcze_w_kierunku_Boreliozy\"><\/a><\/p>\n<p>&nbsp;<\/p>\n<p><strong>Czy Laboratorium WSSE bada kleszcze w kierunku Boreliozy?<\/strong><\/p>\n<p>Nie. Badamy tylko ludzi na obecno\u015b\u0107 przeciwcia\u0142 przeciwko Borrelia w dw\u00f3ch klasach IgG i IgM dwoma metodami: ELISA i Western blot (test potwierdzenia).<\/p>\n<p><a name=\"Czy_Borelioza_mozna_sie_zakazic\"><\/a><\/p>\n<p>&nbsp;<\/p>\n<p><strong>Czy Borelioz\u0105 mo\u017cna si\u0119 zakazi\u0107 od chorego cz\u0142owieka?<\/strong><\/p>\n<p>Nie. Borelioz\u0119 przenosz\u0105 kleszcze i tylko one mog\u0105 zaka\u017ca\u0107 ludzi<strong>.<\/strong><\/p>\n<p><a name=\"Jakie_sa_ceny_badan_na_pasozyty\"><\/a><\/p>\n<p>&nbsp;<\/p>\n<p><strong>Jakie s\u0105 ceny bada\u0144 na paso\u017cyty? W jakich odst\u0119pach czasu trzeba przynosi\u0107 pr\u00f3bki? Czy mo\u017cna zrobi\u0107 takie badanie bez skierowania lekarza?<\/strong><\/p>\n<div>\n<p>Badanie w kierunku paso\u017cyt\u00f3w jelitowych <span id=\"OBJ_PREFIX_DWT60_com_zimbra_date\" class=\"Object\"><span id=\"OBJ_PREFIX_DWT64_com_zimbra_date\" class=\"Object\">cz<\/span><\/span>\u0142owieka obejmuje 3-krotne badanie pr\u00f3bek ka\u0142u i wymaz\u00f3w oko\u0142oodbytniczych (metody mikroskopowe). Pr\u00f3bk\u0119 ka\u0142u i wymazu oko\u0142oodbytniczego nale\u017cy dostarcza\u0107 co 3-4 dni. Cena 1 badania ka\u0142u i wymazu oko\u0142oodbytniczego wynosi 17,00z\u0142,\u00a0 3-ch bada\u0144 51,00z\u0142. Skierowanie od lekarza nie jest wymagane. Poza og\u00f3lnym badaniem parazytologicznym, opisanym powy\u017cej, w kt\u00f3rym r\u00f3wnie\u017c szukamy lamblii mo\u017cna wykona\u0107 badanie metod\u0105 ELISA ukierunkowane tylko na lamblie. Badanie to wykonywane jest jednorazowo, a jego koszt wynosi 62,00z\u0142.<\/p>\n<\/div>\n<div>\n<p>Po wymaz\u00f3wki niezb\u0119dne do wykonania wymazu oko\u0142oodbytniczego nale\u017cy zg\u0142osi\u0107 si\u0119 do Punktu Przyjmowania Pr\u00f3bek w WSSE, w kt\u00f3rym mo\u017cna uzyska\u0107 dodatkowe informacje.<\/p>\n<div><\/div>\n<\/div>\n<h2 class=\"lightbulb-jck\"><strong>Oddzia\u0142 Laboratoryjny Bada\u0144 i Pomiar\u00f3w Instrumentalnych (Badania Radiacyjne)<\/strong><\/h2>\n<p><a name=\"Jak_nalezy_przygotowac_pomieszczenie_do_pomiaru\"><\/a><\/p>\n<p><strong>Jak nale\u017cy przygotowa\u0107 pomieszczenie do pomiaru skuteczno\u015bci os\u0142on sta\u0142ych?<\/strong><\/p>\n<p>Podczas pomiaru skuteczno\u015bci os\u0142on sta\u0142ych nale\u017cy udost\u0119pni\u0107 pracownikowi Laboratorium wszystkie pomieszczenia przylegaj\u0105ce do pracowni rtg, w tym pomieszczenia nad i pod pracowni\u0105, nawet je\u015bli s\u0105 to mieszkania prywatne. W tym celu nale\u017cy powiadomi\u0107 s\u0105siad\u00f3w o planowanych pomiarach, w celu zapewnienia dost\u0119pno\u015bci do lokali przez nich zajmowanych. Aparat rtg musi obs\u0142ugiwa\u0107 osoba do tego upowa\u017cniona.<\/p>\n<p><a name=\"Jak_dlugo_trwa_pomiar_skutecznosci\"><\/a><\/p>\n<p>&nbsp;<\/p>\n<p><strong>Jak d\u0142ugo trwa pomiar skuteczno\u015bci os\u0142on sta\u0142ych?<\/strong><\/p>\n<p>W zale\u017cno\u015bci od usytuowania aparatu i liczby pion\u00f3w pomiarowych, ca\u0142kowity czas pomiaru wynosi do 0,5 h do 1,0 h.<\/p>\n<h2 class=\"lightbulb-jck\"><strong>Oddzia\u0142 Laboratoryjny Badania \u017bywno\u015bci<\/strong><\/h2>\n<p><a name=\"Czy_mozna_zbadac_zakupiony_srodek_spozywczy\"><\/a><\/p>\n<p><strong>Czy mo\u017cna zbada\u0107 zakupiony \u015brodek spo\u017cywczy, kt\u00f3ry ma np. chemiczny zapach \u2013 czy nie jest szkodliwy dla zdrowia?<\/strong><\/p>\n<p>Nie ma badania, kt\u00f3re da\u0142oby odpowied\u017a na tak zadane pytanie. Laboratorium musi wiedzie\u0107, w jakim kierunku przeprowadzi\u0107 badanie; ka\u017cde badanie przeprowadzane jest\u00a0\u00a0 w jakim\u015b konkretnym kierunku (jest inne pocz\u0105wszy od przygotowania pr\u00f3bki po wykonanie oznaczenia). Laboratorium nie posiada urz\u0105dzenia diagnostycznego, w kt\u00f3r\u0105 w\u0142o\u017cy pr\u00f3bk\u0119 i otrzyma odpowied\u017a, jaki jest jej sk\u0142ad. Niejednokrotnie wykonuj\u0105c badania w kilku kierunkach \u2013 nie uzyskamy odpowiedzi, co jeszcze mo\u017ce w pr\u00f3bce si\u0119 znajdowa\u0107. Mo\u017ce si\u0119 w niej znajdowa\u0107 sk\u0142adnik \/ zanieczyszczenie, kt\u00f3rego nie badali\u015bmy lub nie mamy mo\u017cliwo\u015bci zbada\u0107.<\/p>\n<p><strong>Badania takie s\u0105 odp\u0142atne.<\/strong><\/p>\n<p><a name=\"Co_zrobic_gdy_w_zakupionych_srodkach_spozywczych\"><\/a><\/p>\n<p>&nbsp;<\/p>\n<p><strong>Co zrobi\u0107, gdy w zakupionych \u015brodkach spo\u017cywczych znajdziemy cia\u0142o obce lub inne zanieczyszczenia (np. szkodniki zbo\u017cowo-m\u0105czne) lub gdy zakupiony produkt jest (zdaniem Klienta) zepsuty?<\/strong><\/p>\n<p>Nale\u017cy zg\u0142osi\u0107 si\u0119 z podejrzanym \u015brodkiem spo\u017cywczym do Oddzia\u0142u Nadzoru Higieny \u017bywno\u015bci WSSE (pok\u00f3j nr 103 \u2013 105) lub do Nadzoru Higieny \u017bywno\u015bci PSSE w\u0142a\u015bciwej dla miejsca zamieszkania. Pr\u00f3bka taka mo\u017ce by\u0107 przyj\u0119ta do bada\u0144 w ramach skargi na jako\u015b\u0107 zdrowotn\u0105 \u015brodka spo\u017cywczego.<\/p>\n<p>W przypadku skargi uzasadnionej badanie takie jest bezp\u0142atne.<\/p>\n<h2><\/h2>\n<h2 class=\"lightbulb-jck\"><strong>Oddzia\u0142u Nadzoru Higieny \u017bywno\u015bci, \u017bywienia i Proces\u00f3w Nauczania<\/strong><\/h2>\n<p><a name=\"Czy_jest_wymagany_atest_PZH_na_piasek\"><\/a><\/p>\n<p><strong>Czy jest wymagany atest PZH na piasek do piaskownicy znajduj\u0105cej si\u0119 na terenie przedszkola?<\/strong><\/p>\n<p>Piaskownica jako jeden z element\u00f3w tzw. \u201ema\u0142ej architektury\u201d nale\u017cy do obiekt\u00f3w budowlanych, a one podlegaj\u0105 rygorom art. 5 prawa budowlanego. Korzystanie z piaskownicy powinno zapewni\u0107 bezpiecze\u0144stwo u\u017cytkowania.<\/p>\n<p>Organy Pa\u0144stwowej Inspekcji Sanitarnej sprawuj\u0105 nadz\u00f3r nad stanem sanitarnym piaskownic na mocy nast\u0119puj\u0105cych akt\u00f3w prawnych:<\/p>\n<ol>\n<li>Ustawa o Pa\u0144stwowej Inspekcji Sanitarnej z dnia 14 marca 1985r. (tekst jednolity Dz. U. z 2011 r. Nr 212, poz.1263), zgodnie z kt\u00f3r\u0105 Pa\u0144stwowa Inspekcja Sanitarna ma prawo do bie\u017c\u0105cego nadzoru sanitarnego nad urz\u0105dzeniami u\u017cyteczno\u015bci publicznej ( art. 1 i 4).<\/li>\n<li>Ustawa z dnia 6 wrze\u015bnia 2001r. o chorobach zaka\u017anych i zaka\u017ceniach (Dz. U. Nr 126, poz. 1384, z po\u017an. zm.), zgodnie z kt\u00f3r\u0105 u\u017cytkownicy nieruchomo\u015bci obowi\u0105zani s\u0105 utrzymywa\u0107 je w stanie sanitarnym nienaruszaj\u0105cym wymaga\u0144 higienicznych i zdrowotnych, w tym w szczeg\u00f3lno\u015bci niestwarzaj\u0105cym zagro\u017cenia przeniesienia chor\u00f3b zaka\u017anych i zaka\u017ce\u0144 (art. 13).<\/li>\n<li>Ustawa z dnia 13 wrze\u015bnia 1996 r. o utrzymaniu czysto\u015bci i porz\u0105dku w gminach (Dz. U. 2012 nr 0 poz. 391), zgodnie kt\u00f3r\u0105 w\u0142a\u015bciciele nieruchomo\u015bci zapewniaj\u0105 utrzymanie czysto\u015bci i porz\u0105dku przez m.in. uprz\u0105tanie zanieczyszcze\u0144 z cz\u0119\u015bci nieruchomo\u015bci s\u0142u\u017c\u0105cych do u\u017cytku publicznego (art. 5).<\/li>\n<\/ol>\n<p>Ponadto w\u0142a\u015bciwym by\u0142oby wykonywali zabezpiecze\u0144, kt\u00f3re uniemo\u017cliwia\u0142yby lub utrudnia\u0142yby dost\u0119p do piaskownic okolicznym zwierz\u0119tom, natomiast nie ma takiego nakazu prawnego.<\/p>\n<p>Piasek do piaskownic nie musi posiada\u0107 \u017cadnych specjalnych certyfikat\u00f3w! Norma m\u00f3wi jedynie o tym, by mia\u0142 odpowiedni\u0105 grubo\u015b\u0107 ziarna, tj. 0,2 \u2013 2 mmi nie zawiera\u0107 cz\u0105stek py\u0142owych i i\u0142owych. Piasek rzeczny nie nadaje si\u0119 do stosowania na placach zabaw ze wzgl\u0119du na jego w\u0105tpliw\u0105 czysto\u015b\u0107 \u2013 najlepiej stosowa\u0107 piasek kopany, z niskim wska\u017anikiem cz\u0105stek i\u0142owych.<\/p>\n<p><em>Autor: Ma\u0142gorzata Frankowska<\/em><br \/>\n<em> Data aktualizacji: 01.07.2013<\/em><\/p>\n<p><a name=\"Jakie_dokumenty_o_stanie_zdrowia\"><\/a><\/p>\n<p>&nbsp;<\/p>\n<p><strong>Jakie dokumenty o stanie zdrowia powinna posiada\u0107 osoba zatrudniona na obozie\/kolonii\/ jako wychowawca-opiekun?<\/strong><\/p>\n<p>Stan prawny dot. obowi\u0105zkowych bada\u0144, czerwiec 2013 r.<\/p>\n<p>Dotychczas nie zosta\u0142o wydane rozporz\u0105dzenie w sprawie obowi\u0105zkowych bada\u0144 sanitarno-epidemiologicznych, kt\u00f3re mog\u0142oby stanowi\u0107 realizacj\u0119 upowa\u017cnienia ustawowego zawartego w art. 10 ust. 2 ustawy z dnia 5 grudnia 2008 r. o zapobieganiu oraz zwalczaniu zaka\u017ce\u0144 i chor\u00f3b zaka\u017anych u ludzi, zgodnie z kt\u00f3rym minister w\u0142a\u015bciwy do spraw zdrowia okre\u015bli m.in. rodzaje prac, przy wykonywaniu kt\u00f3rych istnieje mo\u017cliwo\u015b\u0107 przeniesienia zaka\u017cenia lub choroby zaka\u017anej na inne osoby.<\/p>\n<p>Dz.U. 2006 nr 133 poz. 939 2012.01.02<\/p>\n<p>Rozporz\u0105dzenie Ministra Zdrowia z dnia 10 lipca 2006 r. w sprawie wykazu prac, przy wykonywaniu kt\u00f3rych istnieje mo\u017cliwo\u015b\u0107 przeniesienia zaka\u017cenia na inne osoby (nieobowi\u0105zuj\u0105cy \u2013 uchylona podstawa prawna)<\/p>\n<p>Dz.U. 2006 nr 25 poz. 191 2012.01.02<\/p>\n<p>Rozporz\u0105dzenie Ministra Zdrowia z dnia 2 lutego 2006 r. w sprawie bada\u0144 do cel\u00f3w sanitarno-epidemiologicznych (nieobowi\u0105zuj\u0105cy \u2013 uchylona podstawa prawna)<\/p>\n<p>Generalnie wszyscy pracownicy (pracownik \u2013 osoba fizyczna zatrudniona na podstawie umowy o prac\u0119, powo\u0142ania, wyboru, mianowania lub sp\u00f3\u0142dzielczej umowy o prac\u0119) poddawani s\u0105 badaniom profilaktycznym wymienionym w\u00a0Kodeksie pracy, takim jak badania: wst\u0119pne, okresowe i\u00a0kontrolne. Problematyka tych bada\u0144 zosta\u0142a okre\u015blona przepisami art. 229 K.p. oraz rozporz\u0105dzenia Ministra Zdrowia i\u00a0Opieki Spo\u0142ecznej z\u00a0dnia 30 maja 1996\u00a0r. w\u00a0sprawie przeprowadzania bada\u0144 lekarskich pracownik\u00f3w, zakresu profilaktycznej opieki zdrowotnej nad pracownikami oraz orzecze\u0144 lekarskich wydawanych do\u00a0cel\u00f3w przewidzianych w Kodeksie pracy (Dz. U. nr\u00a069, poz.\u00a0332 z\u00a0p\u00f3\u017an. zm.).<\/p>\n<p>Obecnie brak regulacji prawnych dot. bada\u0144 dla opiekun\u00f3w\/wychowawc\u00f3w kolonijnych.<\/p>\n<p><em>Autor: Ma\u0142gorzata Frankowska<\/em><br \/>\n<em> Data aktualizacji: 01.07.2013<\/em><\/p>\n","protected":false},"excerpt":{"rendered":"<p>UWAGA: WA\u017bNA INFORMACJA! Od 29 pa\u017adziernika 2020 r. niniejsza strona jest STRON\u0104 ARCHIWALN\u0104! Prawid\u0142owy adres strony WSSE w Krakowie: https:\/\/www.gov.pl\/web\/wsse-krakow\/ Najcz\u0119\u015bciej zadawane pytania Jak uzyska\u0107 odpis wyniku badania? Jak wykona\u0107 badania do cel\u00f3w sanitarno-epidemiologicznych? Czy Laboratorium WSSE bada kleszcze w kierunku Boreliozy? Czy Borelioz\u0105 mo\u017cna si\u0119 zakazi\u0107 od chorego cz\u0142owieka? Jakie s\u0105 ceny bada\u0144 na [&hellip;]<\/p>\n","protected":false},"author":1,"featured_media":0,"parent":0,"menu_order":0,"comment_status":"closed","ping_status":"closed","template":"","meta":{"_monsterinsights_skip_tracking":false,"_monsterinsights_sitenote_active":false,"_monsterinsights_sitenote_note":"","_monsterinsights_sitenote_category":0,"footnotes":""},"class_list":["post-2502","page","type-page","status-publish","hentry"],"_links":{"self":[{"href":"https:\/\/wsse.krakow.pl\/page\/wp-json\/wp\/v2\/pages\/2502","targetHints":{"allow":["GET"]}}],"collection":[{"href":"https:\/\/wsse.krakow.pl\/page\/wp-json\/wp\/v2\/pages"}],"about":[{"href":"https:\/\/wsse.krakow.pl\/page\/wp-json\/wp\/v2\/types\/page"}],"author":[{"embeddable":true,"href":"https:\/\/wsse.krakow.pl\/page\/wp-json\/wp\/v2\/users\/1"}],"replies":[{"embeddable":true,"href":"https:\/\/wsse.krakow.pl\/page\/wp-json\/wp\/v2\/comments?post=2502"}],"version-history":[{"count":15,"href":"https:\/\/wsse.krakow.pl\/page\/wp-json\/wp\/v2\/pages\/2502\/revisions"}],"predecessor-version":[{"id":9570,"href":"https:\/\/wsse.krakow.pl\/page\/wp-json\/wp\/v2\/pages\/2502\/revisions\/9570"}],"wp:attachment":[{"href":"https:\/\/wsse.krakow.pl\/page\/wp-json\/wp\/v2\/media?parent=2502"}],"curies":[{"name":"wp","href":"https:\/\/api.w.org\/{rel}","templated":true}]}}