{"id":3967,"date":"2019-03-15T13:33:19","date_gmt":"2019-03-15T12:33:19","guid":{"rendered":"http:\/\/wsse.krakow.pl\/page\/?page_id=3967"},"modified":"2019-03-15T13:43:34","modified_gmt":"2019-03-15T12:43:34","slug":"informacja-dotyczaca-badania-kleszczy","status":"publish","type":"page","link":"https:\/\/wsse.krakow.pl\/page\/uslugi-laboratoryjne\/wojewodzka-stacja-sanitarno-epidemiologiczna-badania-laboratoryjne\/informacja-dotyczaca-badania-kleszczy\/","title":{"rendered":"Informacja dotycz\u0105ca BADANIA KLESZCZY"},"content":{"rendered":"<p>Wojew\u00f3dzka Stacja Sanitarno-Epidemiologiczna w Krakowie, ani \u017cadna z Powiatowych Stacji Sanitarno-Epidemiologicznych na terenie wojew\u00f3dztwa ma\u0142opolskiego <strong>NIE PROWADZ\u0104 BADA\u0143 DIAGNOSTYCZNYCH KLESZCZY<\/strong> w kierunku obecno\u015bci chorobotw\u00f3rczych patogen\u00f3w, np.: kr\u0119tk\u00f3w borelii.<\/p>\n<p>Badania kleszczy pod k\u0105tem obecno\u015bci patogen\u00f3w chorobotw\u00f3rczych przeprowadzaj\u0105 niekt\u00f3re laboratoria komercyjne.<\/p>\n","protected":false},"excerpt":{"rendered":"<p>Wojew\u00f3dzka Stacja Sanitarno-Epidemiologiczna w Krakowie, ani \u017cadna z Powiatowych Stacji Sanitarno-Epidemiologicznych na terenie wojew\u00f3dztwa ma\u0142opolskiego NIE PROWADZ\u0104 BADA\u0143 DIAGNOSTYCZNYCH KLESZCZY w kierunku obecno\u015bci chorobotw\u00f3rczych patogen\u00f3w, np.: kr\u0119tk\u00f3w borelii. Badania kleszczy pod k\u0105tem obecno\u015bci patogen\u00f3w chorobotw\u00f3rczych przeprowadzaj\u0105 niekt\u00f3re laboratoria komercyjne.<\/p>\n","protected":false},"author":29,"featured_media":0,"parent":2419,"menu_order":0,"comment_status":"closed","ping_status":"closed","template":"","meta":{"_monsterinsights_skip_tracking":false,"_monsterinsights_sitenote_active":false,"_monsterinsights_sitenote_note":"","_monsterinsights_sitenote_category":0,"footnotes":""},"class_list":["post-3967","page","type-page","status-publish","hentry"],"_links":{"self":[{"href":"https:\/\/wsse.krakow.pl\/page\/wp-json\/wp\/v2\/pages\/3967","targetHints":{"allow":["GET"]}}],"collection":[{"href":"https:\/\/wsse.krakow.pl\/page\/wp-json\/wp\/v2\/pages"}],"about":[{"href":"https:\/\/wsse.krakow.pl\/page\/wp-json\/wp\/v2\/types\/page"}],"author":[{"embeddable":true,"href":"https:\/\/wsse.krakow.pl\/page\/wp-json\/wp\/v2\/users\/29"}],"replies":[{"embeddable":true,"href":"https:\/\/wsse.krakow.pl\/page\/wp-json\/wp\/v2\/comments?post=3967"}],"version-history":[{"count":3,"href":"https:\/\/wsse.krakow.pl\/page\/wp-json\/wp\/v2\/pages\/3967\/revisions"}],"predecessor-version":[{"id":3974,"href":"https:\/\/wsse.krakow.pl\/page\/wp-json\/wp\/v2\/pages\/3967\/revisions\/3974"}],"up":[{"embeddable":true,"href":"https:\/\/wsse.krakow.pl\/page\/wp-json\/wp\/v2\/pages\/2419"}],"wp:attachment":[{"href":"https:\/\/wsse.krakow.pl\/page\/wp-json\/wp\/v2\/media?parent=3967"}],"curies":[{"name":"wp","href":"https:\/\/api.w.org\/{rel}","templated":true}]}}