{"id":4717,"date":"2008-07-26T12:13:09","date_gmt":"2008-07-26T10:13:09","guid":{"rendered":"https:\/\/wsse.krakow.pl\/page\/?page_id=4717"},"modified":"2019-10-17T10:22:34","modified_gmt":"2019-10-17T08:22:34","slug":"100-lecie-dzialalnosci-sluzb-sanitarnych","status":"publish","type":"page","link":"https:\/\/wsse.krakow.pl\/page\/wojewodzka-stacja-sanitarno-epidemiologiczna-w-krakowie\/100-lecie-dzialalnosci-sluzb-sanitarnych\/","title":{"rendered":"Konferencja &#8222;&#8221;Zdrowie najwy\u017cszym dobrem i celem &#8211; historia i efekty 100 lat dzia\u0142alno\u015bci s\u0142u\u017cb sanitarnych w Ma\u0142opolsce&#8221;, 30 wrze\u015bnia 2019 r. Kopalnia Soli \u201eWieliczka\u201d"},"content":{"rendered":"<p>Z okazji obchod\u00f3w Jubileuszu 100-lecia S\u0142u\u017cb Sanitarnych w Polsce 30 wrze\u015bnia 2019 roku w Kopalni Soli Wieliczka odby\u0142a si\u0119 okoliczno\u015bciowa, uroczysta konferencja nt<em>.: <strong>,,Zdrowie najwy\u017cszym dobrem i celem &#8211; historia i efekty 100 lat dzia\u0142alno\u015bci s\u0142u\u017cb sanitarno-epidemiologicznych w Ma\u0142opolsce\u201d. <\/strong><\/em>Wydarzenie by\u0142o okazj\u0105 do przypomnienia historii, podsumowania obecnej dzia\u0142alno\u015bci, a tak\u017ce podkre\u015blenia wagi wyzwa\u0144, kt\u00f3re stoj\u0105 przed wsp\u00f3\u0142czesnymi s\u0142u\u017cbami sanitarnymi.<\/p>\n<p><strong>Wsp\u00f3\u0142organizatorem tej uroczystej konferencji byli Prezydenci Miast i\u00a0Starostowie Powiatowi wojew\u00f3dztwa ma\u0142opolskiego.<\/strong><\/p>\n<p><em>\u00a0<\/em>Patronat nad konferencj\u0105 obj\u0119li Pan Minister Jaros\u0142aw Pinkas \u2013 G\u0142\u00f3wny Inspektor Sanitarny, Pan Piotr \u0106wik \u2013 Wojewoda Ma\u0142opolski oraz Pan Witold Koz\u0142owski \u2013 Marsza\u0142ek Wojew\u00f3dztwa Ma\u0142opolskiego.<\/p>\n<p>Uroczystego otwarcia dokona\u0142 Pan Jaros\u0142aw Foremny \u2013 Ma\u0142opolski Pa\u0144stwowy Wojew\u00f3dzki Inspektor Sanitarny, nast\u0119pnie g\u0142os zabrali:<\/p>\n<ul>\n<li>Pan Konrad Dziobek \u2013 Sekretarz Narodowej Rady Rozwoju przy Prezydencie Andrzeju Dudzie oraz Doradca Prezydenta,<\/li>\n<li>Pani J\u00f3zefa Szczurek \u017belazko \u2013 Sekretarz Stanu w Ministerstwie Zdrowa,<\/li>\n<li>Pan Jaros\u0142aw Pinkas \u2013 G\u0142\u00f3wny Inspektor Sanitarny,<\/li>\n<li>Piotr \u0106wik \u2013 Wojewoda Ma\u0142opolski,<\/li>\n<li>Pan senator Jerzy Fedorowicz,<\/li>\n<li>Pani pose\u0142 Urszula Rusecka,<\/li>\n<li>Pani pose\u0142 Lidia G\u0105dek.<\/li>\n<\/ul>\n<p>W imieniu Pana Andrzeja Adamczyka \u2013 Ministra Infrastruktury list odczyta\u0142 Tomasz Tomala \u2013 Szef Gabinetu Politycznego Ministra Infrastruktury. Nast\u0119pnie Pan Profesor Jan Duda odczyta\u0142 list w imieniu Pana Witolda Koz\u0142owskiego \u2013 Marsza\u0142ka Wojew\u00f3dztwa Ma\u0142opolskiego.<\/p>\n<p>Opr\u00f3cz ww. znakomitych go\u015bci spotkanie u\u015bwietni\u0142a tak\u017ce obecno\u015b\u0107 przedstawicieli ma\u0142opolskich parlamentarzyst\u00f3w, G\u0142\u00f3wnego Inspektoratu Sanitarnego, przedstawicieli wojew\u00f3dzkich i powiatowych w\u0142adz samorz\u0105dowych, zespolonych s\u0142u\u017cb i inspekcji, podmiot\u00f3w leczniczych, pracownik\u00f3w Pa\u0144stwowej Inspekcji Sanitarnej.<\/p>\n<p>Kolejnym elementem konferencji by\u0142 wyk\u0142ad pt. ,,<em>Co by\u0142o przed wielkim wybuchem? Pocz\u0105tki, rola i zadania <\/em>\u00a0<em>Pa\u0144stwowego Centralnego Zak\u0142adu Epidemiologicznego do 1919 r.\u201d<\/em> kt\u00f3ry wyg\u0142osi\u0142 dr Grzegorz Juszczyk dyrektor Pa\u0144stwowego Zak\u0142adu Higieny Narodowego Instytutu Zdrowia Publicznego.<\/p>\n<p>100-letni\u0105 histori\u0119 s\u0142u\u017cby sanitarno-epidemiologicznej w odrodzonej Polsce, ze szczeg\u00f3lnym uwzgl\u0119dnieniem roli Ma\u0142opolski, przedstawi\u0142 Jaros\u0142aw Foremny \u2013 Ma\u0142opolski Pa\u0144stwowy Wojew\u00f3dzki Inspektor Sanitarny.<\/p>\n<p>Po cz\u0119\u015bci naukowej Pan Jaros\u0142aw Pinkas G\u0142\u00f3wny \u2013 Inspektor Sanitarny oraz Pan Piotr \u0106wik \u2013 Wojewoda Ma\u0142opolski w imieniu Prezydenta RP wr\u0119czyli odznaczenia pa\u0144stwowe najbardziej zas\u0142u\u017conym pracownikom Pa\u0144stwowej Inspekcji Sanitarnej, kt\u00f3rzy swoim zaanga\u017cowaniem, sumienn\u0105, wieloletni\u0105 prac\u0105 aktywnie rozwijali i\u00a0rozwijaj\u0105 dzia\u0142alno\u015b\u0107 s\u0142u\u017cb sanitarnych w Ma\u0142opolsce.<\/p>\n<p>Konferencja zako\u0144czy\u0142a si\u0119 koncertem w wykonaniu Reprezentacyjnej Orkiestry G\u00f3rniczej \u201eKopalni Soli Wieliczka\u201d.<\/p>\n<p>Podsumowaniem konferencji oraz dzia\u0142alno\u015bci s\u0142u\u017cb sanitarnych niech b\u0119d\u0105 s\u0142owa wypowiedziane przez \u00a0Pana Piotra \u0106wika \u2013 Wojewody Ma\u0142opolskiego: <em>,,O\u00a0dzia\u0142alno\u015bci s\u0142u\u017cb sanitarno-epidemiologicznych s\u0142ycha\u0107 rzadko, co oznacza, \u017ce dzia\u0142aj\u0105 one dobrze. Bardzo si\u0119 ciesz\u0119 z obecno\u015bci na tej konferencji, kt\u00f3ra jest podsumowaniem d\u0142ugiej i ciekawej historii instytucji tak wa\u017cnej bo dotycz\u0105cej zdrowia Polak\u00f3w. \u017bycz\u0119 dalszych sukces\u00f3w w realizacji stawianych sobie cel\u00f3w\u201d <\/em>oraz s\u0142owa Pana Jaros\u0142awa Pinkasa \u2013 G\u0142\u00f3wnego Inspektora Sanitarnego: <em>,,Jak b\u0119dzie wygl\u0105da\u0142o nast\u0119pne sto lat? B\u0119dziemy mieli jeszcze wi\u0119cej zada\u0144. Bo Inspekcja Sanitarna towarzyszy obywatelom codziennie i zapewnia bezpiecze\u0144stwo zdrowotne Polakom\u201d.<\/em> <em>\u00a0<\/em><\/p>\n<p><strong>Dzi\u0119kujemy wszystkim uczestnikom za przyj\u0119cie zaproszenia i zaszczycenie nas swoj\u0105 obecno\u015bci\u0105 !!!<\/strong><\/p>\n<div class=\"rl-gallery-container rl-loading\" id=\"rl-gallery-container-1\" data-gallery_id=\"4904\"> <div class=\"rl-gallery rl-basicgrid-gallery rl-hover-effect-3\" id=\"rl-gallery-1\" data-gallery_no=\"1\"> <div class=\"rl-gallery-item\"><a href=\"https:\/\/wsse.krakow.pl\/page\/wp-content\/uploads\/2019\/10\/DSC_0963-1500x998.jpg\" title=\"\" data-rl_title=\"\" class=\"rl-gallery-link\" data-rl_caption=\"\" data-rel=\"lightbox-gallery-1\"><img loading=\"lazy\" decoding=\"async\" src=\"https:\/\/wsse.krakow.pl\/page\/wp-content\/uploads\/2019\/10\/DSC_0963-300x200.jpg\" width=\"300\" height=\"200\" alt=\"\" \/><\/a><\/div><div class=\"rl-gallery-item\"><a href=\"https:\/\/wsse.krakow.pl\/page\/wp-content\/uploads\/2019\/10\/DSC_0907-1500x998.jpg\" title=\"\" data-rl_title=\"\" class=\"rl-gallery-link\" data-rl_caption=\"\" data-rel=\"lightbox-gallery-1\"><img loading=\"lazy\" decoding=\"async\" src=\"https:\/\/wsse.krakow.pl\/page\/wp-content\/uploads\/2019\/10\/DSC_0907-300x200.jpg\" width=\"300\" height=\"200\" alt=\"\" \/><\/a><\/div><div class=\"rl-gallery-item\"><a href=\"https:\/\/wsse.krakow.pl\/page\/wp-content\/uploads\/2019\/10\/DSC_0914-1500x998.jpg\" title=\"\" data-rl_title=\"\" class=\"rl-gallery-link\" data-rl_caption=\"\" data-rel=\"lightbox-gallery-1\"><img loading=\"lazy\" decoding=\"async\" src=\"https:\/\/wsse.krakow.pl\/page\/wp-content\/uploads\/2019\/10\/DSC_0914-300x200.jpg\" width=\"300\" height=\"200\" alt=\"\" \/><\/a><\/div><div class=\"rl-gallery-item\"><a href=\"https:\/\/wsse.krakow.pl\/page\/wp-content\/uploads\/2019\/10\/DSC_0930-1500x998.jpg\" title=\"\" data-rl_title=\"\" class=\"rl-gallery-link\" data-rl_caption=\"\" data-rel=\"lightbox-gallery-1\"><img loading=\"lazy\" decoding=\"async\" src=\"https:\/\/wsse.krakow.pl\/page\/wp-content\/uploads\/2019\/10\/DSC_0930-300x200.jpg\" width=\"300\" height=\"200\" alt=\"\" \/><\/a><\/div><div class=\"rl-gallery-item\"><a href=\"https:\/\/wsse.krakow.pl\/page\/wp-content\/uploads\/2019\/10\/DSC_0962-1500x998.jpg\" title=\"\" data-rl_title=\"\" class=\"rl-gallery-link\" data-rl_caption=\"\" data-rel=\"lightbox-gallery-1\"><img loading=\"lazy\" decoding=\"async\" src=\"https:\/\/wsse.krakow.pl\/page\/wp-content\/uploads\/2019\/10\/DSC_0962-300x200.jpg\" width=\"300\" height=\"200\" alt=\"\" \/><\/a><\/div><div class=\"rl-gallery-item\"><a href=\"https:\/\/wsse.krakow.pl\/page\/wp-content\/uploads\/2019\/10\/DSC_1129-1500x998.jpg\" title=\"\" data-rl_title=\"\" class=\"rl-gallery-link\" data-rl_caption=\"\" data-rel=\"lightbox-gallery-1\"><img loading=\"lazy\" decoding=\"async\" src=\"https:\/\/wsse.krakow.pl\/page\/wp-content\/uploads\/2019\/10\/DSC_1129-300x200.jpg\" width=\"300\" height=\"200\" alt=\"\" \/><\/a><\/div><div class=\"rl-gallery-item\"><a href=\"https:\/\/wsse.krakow.pl\/page\/wp-content\/uploads\/2019\/10\/DSC_0831-1500x998.jpg\" title=\"\" data-rl_title=\"\" class=\"rl-gallery-link\" data-rl_caption=\"\" data-rel=\"lightbox-gallery-1\"><img loading=\"lazy\" decoding=\"async\" src=\"https:\/\/wsse.krakow.pl\/page\/wp-content\/uploads\/2019\/10\/DSC_0831-300x200.jpg\" width=\"300\" height=\"200\" alt=\"\" \/><\/a><\/div><div class=\"rl-gallery-item\"><a href=\"https:\/\/wsse.krakow.pl\/page\/wp-content\/uploads\/2019\/10\/DSC_0840-1500x998.jpg\" title=\"\" data-rl_title=\"\" class=\"rl-gallery-link\" data-rl_caption=\"\" data-rel=\"lightbox-gallery-1\"><img loading=\"lazy\" decoding=\"async\" src=\"https:\/\/wsse.krakow.pl\/page\/wp-content\/uploads\/2019\/10\/DSC_0840-300x200.jpg\" width=\"300\" height=\"200\" alt=\"\" \/><\/a><\/div><div class=\"rl-gallery-item\"><a href=\"https:\/\/wsse.krakow.pl\/page\/wp-content\/uploads\/2019\/10\/DSC_0890-1500x998.jpg\" title=\"\" data-rl_title=\"\" class=\"rl-gallery-link\" data-rl_caption=\"\" data-rel=\"lightbox-gallery-1\"><img loading=\"lazy\" decoding=\"async\" src=\"https:\/\/wsse.krakow.pl\/page\/wp-content\/uploads\/2019\/10\/DSC_0890-300x200.jpg\" width=\"300\" height=\"200\" alt=\"\" \/><\/a><\/div><div class=\"rl-gallery-item\"><a href=\"https:\/\/wsse.krakow.pl\/page\/wp-content\/uploads\/2019\/10\/DSC_0947-1500x998.jpg\" title=\"\" data-rl_title=\"\" class=\"rl-gallery-link\" data-rl_caption=\"\" data-rel=\"lightbox-gallery-1\"><img loading=\"lazy\" decoding=\"async\" src=\"https:\/\/wsse.krakow.pl\/page\/wp-content\/uploads\/2019\/10\/DSC_0947-300x200.jpg\" width=\"300\" height=\"200\" alt=\"\" \/><\/a><\/div><div class=\"rl-gallery-item\"><a href=\"https:\/\/wsse.krakow.pl\/page\/wp-content\/uploads\/2019\/10\/DSC_0967-1500x998.jpg\" title=\"\" data-rl_title=\"\" class=\"rl-gallery-link\" data-rl_caption=\"\" data-rel=\"lightbox-gallery-1\"><img loading=\"lazy\" decoding=\"async\" src=\"https:\/\/wsse.krakow.pl\/page\/wp-content\/uploads\/2019\/10\/DSC_0967-300x200.jpg\" width=\"300\" height=\"200\" alt=\"\" \/><\/a><\/div><div class=\"rl-gallery-item\"><a href=\"https:\/\/wsse.krakow.pl\/page\/wp-content\/uploads\/2019\/10\/DSC_0974-1500x998.jpg\" title=\"\" data-rl_title=\"\" class=\"rl-gallery-link\" data-rl_caption=\"\" data-rel=\"lightbox-gallery-1\"><img loading=\"lazy\" decoding=\"async\" src=\"https:\/\/wsse.krakow.pl\/page\/wp-content\/uploads\/2019\/10\/DSC_0974-300x200.jpg\" width=\"300\" height=\"200\" alt=\"\" \/><\/a><\/div><div class=\"rl-gallery-item\"><a href=\"https:\/\/wsse.krakow.pl\/page\/wp-content\/uploads\/2019\/10\/DSC_0987-1500x998.jpg\" title=\"\" data-rl_title=\"\" class=\"rl-gallery-link\" data-rl_caption=\"\" data-rel=\"lightbox-gallery-1\"><img loading=\"lazy\" decoding=\"async\" src=\"https:\/\/wsse.krakow.pl\/page\/wp-content\/uploads\/2019\/10\/DSC_0987-300x200.jpg\" width=\"300\" height=\"200\" alt=\"\" \/><\/a><\/div><div class=\"rl-gallery-item\"><a href=\"https:\/\/wsse.krakow.pl\/page\/wp-content\/uploads\/2019\/10\/DSC_0989-1500x998.jpg\" title=\"\" data-rl_title=\"\" class=\"rl-gallery-link\" data-rl_caption=\"\" data-rel=\"lightbox-gallery-1\"><img loading=\"lazy\" decoding=\"async\" src=\"https:\/\/wsse.krakow.pl\/page\/wp-content\/uploads\/2019\/10\/DSC_0989-300x200.jpg\" width=\"300\" height=\"200\" alt=\"\" \/><\/a><\/div><div class=\"rl-gallery-item\"><a href=\"https:\/\/wsse.krakow.pl\/page\/wp-content\/uploads\/2019\/10\/DSC_1012-1500x998.jpg\" title=\"\" data-rl_title=\"\" class=\"rl-gallery-link\" data-rl_caption=\"\" data-rel=\"lightbox-gallery-1\"><img loading=\"lazy\" decoding=\"async\" src=\"https:\/\/wsse.krakow.pl\/page\/wp-content\/uploads\/2019\/10\/DSC_1012-300x200.jpg\" width=\"300\" height=\"200\" alt=\"\" \/><\/a><\/div><div class=\"rl-gallery-item\"><a href=\"https:\/\/wsse.krakow.pl\/page\/wp-content\/uploads\/2019\/10\/DSC_1016-998x1500.jpg\" title=\"\" data-rl_title=\"\" class=\"rl-gallery-link\" data-rl_caption=\"\" data-rel=\"lightbox-gallery-1\"><img loading=\"lazy\" decoding=\"async\" src=\"https:\/\/wsse.krakow.pl\/page\/wp-content\/uploads\/2019\/10\/DSC_1016-200x300.jpg\" width=\"200\" height=\"300\" alt=\"\" \/><\/a><\/div><div class=\"rl-gallery-item\"><a href=\"https:\/\/wsse.krakow.pl\/page\/wp-content\/uploads\/2019\/10\/DSC_1024-1500x998.jpg\" title=\"\" data-rl_title=\"\" class=\"rl-gallery-link\" data-rl_caption=\"\" data-rel=\"lightbox-gallery-1\"><img loading=\"lazy\" decoding=\"async\" src=\"https:\/\/wsse.krakow.pl\/page\/wp-content\/uploads\/2019\/10\/DSC_1024-300x200.jpg\" width=\"300\" height=\"200\" alt=\"\" \/><\/a><\/div><div class=\"rl-gallery-item\"><a href=\"https:\/\/wsse.krakow.pl\/page\/wp-content\/uploads\/2019\/10\/DSC_1038-1500x998.jpg\" title=\"\" data-rl_title=\"\" class=\"rl-gallery-link\" data-rl_caption=\"\" data-rel=\"lightbox-gallery-1\"><img loading=\"lazy\" decoding=\"async\" src=\"https:\/\/wsse.krakow.pl\/page\/wp-content\/uploads\/2019\/10\/DSC_1038-300x200.jpg\" width=\"300\" height=\"200\" alt=\"\" \/><\/a><\/div><div class=\"rl-gallery-item\"><a href=\"https:\/\/wsse.krakow.pl\/page\/wp-content\/uploads\/2019\/10\/DSC_1051-1500x998.jpg\" title=\"\" data-rl_title=\"\" class=\"rl-gallery-link\" data-rl_caption=\"\" data-rel=\"lightbox-gallery-1\"><img loading=\"lazy\" decoding=\"async\" src=\"https:\/\/wsse.krakow.pl\/page\/wp-content\/uploads\/2019\/10\/DSC_1051-300x200.jpg\" width=\"300\" height=\"200\" alt=\"\" \/><\/a><\/div><div class=\"rl-gallery-item\"><a href=\"https:\/\/wsse.krakow.pl\/page\/wp-content\/uploads\/2019\/10\/DSC_1058-998x1500.jpg\" title=\"\" data-rl_title=\"\" class=\"rl-gallery-link\" data-rl_caption=\"\" data-rel=\"lightbox-gallery-1\"><img loading=\"lazy\" decoding=\"async\" src=\"https:\/\/wsse.krakow.pl\/page\/wp-content\/uploads\/2019\/10\/DSC_1058-200x300.jpg\" width=\"200\" height=\"300\" alt=\"\" \/><\/a><\/div><div class=\"rl-gallery-item\"><a href=\"https:\/\/wsse.krakow.pl\/page\/wp-content\/uploads\/2019\/10\/DSC_1069-1500x998.jpg\" title=\"\" data-rl_title=\"\" class=\"rl-gallery-link\" data-rl_caption=\"\" data-rel=\"lightbox-gallery-1\"><img loading=\"lazy\" decoding=\"async\" src=\"https:\/\/wsse.krakow.pl\/page\/wp-content\/uploads\/2019\/10\/DSC_1069-300x200.jpg\" width=\"300\" height=\"200\" alt=\"\" \/><\/a><\/div> <\/div> <\/div>\n<p style=\"text-align: justify;\">W 2019 roku s\u0142u\u017cby sanitarne w Polsce, jak wiele innych filar\u00f3w naszej pa\u0144stwowo\u015bci, obchodz\u0105 wyj\u0105tkowy jubileusz<strong> 100-lecia swojego istnienia<\/strong>.<\/p>\n<p style=\"text-align: justify;\">Historia naszej s\u0142u\u017cby ma sw\u00f3j pocz\u0105tek w powstaniu II Rzeczpospolitej. Ju\u017c w roku 1917 na ziemiach polskich wraz z organizacj\u0105 polskiej s\u0142u\u017cby zdrowia podj\u0119to te\u017c dzia\u0142ania zmierzaj\u0105ce do utworzenia pierwszych w wolnej Polsce s\u0142u\u017cb sanitarno-epidemiologicznych. Uwie\u0144czeniem tych prac by\u0142o utworzenie 21 listopada 1918 r. <em>Pa\u0144stwowego Centralnego Zak\u0142adu Epidemiologicznego<\/em> \u2013 przemianowanego p\u00f3\u017aniej na Pa\u0144stwowy Zak\u0142ad Higieny oraz uchwalenie przez Sejm Ustawodawczy dnia <strong>19 lipca 1919 r. <em>Zasadniczej Ustawy Sanitarnej<\/em> <\/strong>\u00a0(Dz. Ustaw Nr 63 poz. 371), kt\u00f3rej wykonanie powierzono Ministrowi Zdrowia Publicznego. W tym miejscu, pragn\u0119 nadmieni\u0107, \u017ce w moim przekonaniu (nie prawnika a urz\u0119dnika pa\u0144stwowego oraz higienisty i epidemiologa) ustawa ta jest doskona\u0142ym przyk\u0142adem niezwykle potrzebnego, wizjonerskiego, ale przede wszystkim dobrego aktu legislacyjnego, o czym \u015bwiadcz\u0105 przyj\u0119te w niej ponadczasowe postanowienia i rozwi\u0105zania \u2013 zapisane jedynie w 11 artyku\u0142ach \u2013 wybiegaj\u0105ce poza \u00f3wczesne czasy i niezmiennie aktualne do dnia dzisiejszego. Jako przyk\u0142ad podam tylko zapisy dotycz\u0105ce opieki sanitarno-lekarskiej nad dzie\u0107mi, nadz\u00f3r nad personelem medycznym, szkolnictwem, ochron\u0105 powietrza, wyrobem i sprzeda\u017c\u0105 oraz produkcj\u0105 kosmetyk\u00f3w, a tak\u017ce nad \u015brodkami spo\u017cywczymi i przedmiotami u\u017cytku oraz dopuszczaniem na rynek krajowy \u015brodk\u00f3w leczniczych.<\/p>\n<p style=\"text-align: justify;\">Rozwijaj\u0105ca si\u0119 dynamicznie Polska i rosn\u0105ce potrzeby jej obywateli spowodowa\u0142y, \u017ce w latach 30-tych ubieg\u0142ego wieku, utworzono 13 filii \u201ewarszawskiego\u201d Pa\u0144stwowego Zak\u0142adu Higieny, w tym t\u0119 <strong>najbli\u017csz\u0105 nam Ma\u0142opolanom \u2013 <\/strong>w Krakowie. Od samego pocz\u0105tku swojego istnienia ka\u017cda z filii w swojej strukturze organizacyjnej posiada\u0142a trzy oddzia\u0142y: bakteriologiczny, badania \u017cywno\u015bci i przedmiot\u00f3w u\u017cytku oraz badania wody. Te struktury sanitarne <strong>przetrwa\u0142y lata okupacji<\/strong>, bowiem nawet niemieckie w\u0142adze okupacyjne w obawie przed chorobami zaka\u017anymi nie mia\u0142y w\u0105tpliwo\u015bci dotycz\u0105cych celowo\u015bci i skuteczno\u015bci ich dzia\u0142alno\u015bci sanitarnej \u00a0i przeciwepidemicznej. W latach powojennych s\u0142u\u017cby sanitarne odbudowywa\u0142y si\u0119 bior\u0105c czynny udzia\u0142 w zwalczaniu wielkich epidemii (m.in. duru brzusznego, gru\u017alicy oraz b\u0142onicy).<\/p>\n<p style=\"text-align: justify;\">W roku 1952 na bazie filii wojew\u00f3dzkich Pa\u0144stwowego Zak\u0142adu Higieny utworzone zosta\u0142y wojew\u00f3dzkie stacje sanitarno-epidemiologiczne &#8211; <strong>w tym r\u00f3wnie\u017c krakowska<\/strong>.<\/p>\n<p style=\"text-align: justify;\">Zadania Pa\u0144stwowej Inspekcji Sanitarnej wytyczone prawie 100 lat temu nie wiele straci\u0142y na aktualno\u015bci, <strong>a dodatkowo pojawi\u0142y si\u0119 nowe, wynikaj\u0105ce z potrzeb i zagro\u017ce\u0144 cywilizacyjnych obecnego \u015bwiata, w tym zagro\u017cenia bioterroryzmem, promieniowaniem radiacyjnym, ha\u0142asem czy cho\u0107by \u015brodkami zast\u0119pczymi (tzw. dopalacze) i chyba najwa\u017cniejsze \u2013 wzrastaj\u0105c\u0105 liczb\u0105 chor\u00f3b niezaka\u017anych.<\/strong><\/p>\n<p style=\"text-align: justify;\">Przez te wszystkie lata Pa\u0144stwowa Inspekcja Sanitarna by\u0142a \u201ez lud\u017ami i dla ludzi\u201d. Dba\u0142a i dba o zdrowie naszych dziadk\u00f3w, rodzic\u00f3w, nas samych i naszych dzieci oraz wnuk\u00f3w, towarzyszy nam <strong>od dnia narodzin<\/strong>, przez ca\u0142e nasze \u017cycie, <strong>a nawet po \u015bmierci<\/strong>, bowiem nasza s\u0142u\u017cba celem zapewnienia bezpiecze\u0144stwa epidemiologicznego zajmuje si\u0119 nie tylko nadzorem sanitarnym nad pomieszczeniami u\u017cyteczno\u015bci publicznej (w tym \u017c\u0142obk\u00f3w, przedszkoli, szk\u00f3\u0142, szpitali), zak\u0142adami pracy, prowadzi sprawy z zakresu chor\u00f3b zawodowych, ochrony przeciwepidemicznej, radiacyjnej, nadzoruje wodoci\u0105gi i jako\u015b\u0107 wody do spo\u017cycia przez ludzi, \u017cywno\u015b\u0107, wykonuje badania sanitarne, nadzoruje szczepienia, walczy ze \u015brodkami psychoaktywnymi, ale tak\u017ce sprawuje nadz\u00f3r nad cmentarzami, ekshumacjami i transportem zw\u0142ok. Potrafimy skutecznie dotrze\u0107 do obywateli z programami edukacyjnymi i profilaktycznymi. To w\u0142a\u015bnie my uczymy zdrowych nawyk\u00f3w i unikania r\u00f3\u017cnorakich zagro\u017ce\u0144 zdrowotnych. Ponadto, nasze wieloletnie do\u015bwiadczenie i wiedza, kt\u00f3re przekazujemy sobie w kolejnych pokoleniach pracownik\u00f3w naszej s\u0142u\u017cby sprawiaj\u0105, \u017ce wielokrotnie skutecznie uczestniczymy m.in. w rozwi\u0105zywaniu sytuacji kryzysowych w ramach wsp\u00f3\u0142dzia\u0142ania s\u0142u\u017cb zespolonych w wojew\u00f3dztwie i powiatach.<\/p>\n<p style=\"text-align: justify;\">Maj\u0105c na uwadze te wszystkie lata w s\u0142u\u017cbie dla zapewnienie mo\u017cliwie najwy\u017cszego bezpiecze\u0144stwa epidemiologicznego i szeroko poj\u0119tej ochrony zdrowia mieszka\u0144c\u00f3w Ma\u0142opolski, a tak\u017ce poprawy ich warunk\u00f3w \u017cycia, nauczania, wychowania i pracy Pa\u0144stwowa Inspekcja Sanitarna wojew\u00f3dztwa ma\u0142opolskiego planuje uczci\u0107 t\u0119 rocznic\u0119 okoliczno\u015bciow\u0105, uroczyst\u0105<strong> konferencj\u0105 <\/strong>nt.: <em>Zdrowie najwy\u017cszym dobrem i celem &#8211; historia i efekty 100 lat dzia\u0142alno\u015bci s\u0142u\u017cb sanitarno-epidemiologicznych w Ma\u0142opolsce<\/em>, kt\u00f3ra odb\u0119dzie si\u0119 w dniu 30 wrze\u015bnia 2019 r. w Kopalni Soli \u201eWieliczka\u201d. Patronat nad nasz\u0105 konferencj\u0105 obj\u0119li osobi\u015bcie Pan Minister Jaros\u0142aw Pinkas \u2013 G\u0142\u00f3wny Inspektor Sanitarny, Pan Piotr \u0106wik \u2013 Wojewoda Ma\u0142opolski oraz Pan Witold Koz\u0142owski \u2013 Marsza\u0142ek Wojew\u00f3dztwa Ma\u0142opolskiego.<\/p>\n<p style=\"text-align: justify;\">Wydarzeniem tym pragniemy zwie\u0144czy\u0107 obchody jubileuszu na terenie naszego wojew\u00f3dztwa oraz wr\u0119czy\u0107 zas\u0142u\u017conym pracownikom Pa\u0144stwowej Inspekcji Sanitarnej przyznane odznaczenia. W\u015br\u00f3d zaproszonych go\u015bci planowany jest udzia\u0142 m.in. pochodz\u0105cych z Ma\u0142opolski ministr\u00f3w i\/lub os\u00f3b z kierownictwa resort\u00f3w: zdrowia, sprawiedliwo\u015bci, infrastruktury, nauki i szkolnictwa wy\u017cszego, spraw wewn\u0119trznych i administracji, G\u0142\u00f3wnego Inspektora Sanitarnego, G\u0142\u00f3wnego Inspektora Sanitarnego MSWiA, ma\u0142opolskich parlamentarzyst\u00f3w, Dyrektora Narodowego Instytutu Zdrowia Publicznego &#8211; Pa\u0144stwowego Zak\u0142adu Higieny oraz przedstawicieli wojew\u00f3dzkich i powiatowych w\u0142adz samorz\u0105dowych, a tak\u017ce zespolonych s\u0142u\u017cb i inspekcji oraz instytucjonalnych, ma\u0142opolskich przyjaci\u00f3\u0142 naszej s\u0142u\u017cby.<\/p>\n<p>Szczeg\u00f3\u0142owy program konferencji znajd\u0105 Pa\u0144stwo <a href=\"https:\/\/wsse.krakow.pl\/page\/wp-content\/uploads\/2019\/09\/Program-konferencji-1.pdf\">tutaj.<\/a><\/p>\n<p><a href=\"https:\/\/wsse.krakow.pl\/page\/wp-content\/uploads\/2019\/09\/Stopka-Konferencja-20.09.2019-z-Miechowem.png\" data-rel=\"lightbox-image-21\" data-rl_title=\"\" data-rl_caption=\"\" title=\"\"><img loading=\"lazy\" decoding=\"async\" class=\"alignnone size-full wp-image-4796\" src=\"https:\/\/wsse.krakow.pl\/page\/wp-content\/uploads\/2019\/09\/Stopka-Konferencja-20.09.2019-z-Miechowem.png\" alt=\"\" width=\"1237\" height=\"697\" srcset=\"https:\/\/wsse.krakow.pl\/page\/wp-content\/uploads\/2019\/09\/Stopka-Konferencja-20.09.2019-z-Miechowem.png 1237w, https:\/\/wsse.krakow.pl\/page\/wp-content\/uploads\/2019\/09\/Stopka-Konferencja-20.09.2019-z-Miechowem-150x85.png 150w, https:\/\/wsse.krakow.pl\/page\/wp-content\/uploads\/2019\/09\/Stopka-Konferencja-20.09.2019-z-Miechowem-300x169.png 300w, https:\/\/wsse.krakow.pl\/page\/wp-content\/uploads\/2019\/09\/Stopka-Konferencja-20.09.2019-z-Miechowem-768x433.png 768w\" sizes=\"auto, (max-width: 1237px) 100vw, 1237px\" \/><\/a><\/p>\n","protected":false},"excerpt":{"rendered":"<p>Z okazji obchod\u00f3w Jubileuszu 100-lecia S\u0142u\u017cb Sanitarnych w Polsce 30 wrze\u015bnia 2019 roku w Kopalni Soli Wieliczka odby\u0142a si\u0119 okoliczno\u015bciowa, uroczysta konferencja nt.: ,,Zdrowie najwy\u017cszym dobrem i celem &#8211; historia i efekty 100 lat dzia\u0142alno\u015bci s\u0142u\u017cb sanitarno-epidemiologicznych w Ma\u0142opolsce\u201d. Wydarzenie by\u0142o okazj\u0105 do przypomnienia historii, podsumowania obecnej dzia\u0142alno\u015bci, a tak\u017ce podkre\u015blenia wagi wyzwa\u0144, kt\u00f3re stoj\u0105 [&hellip;]<\/p>\n","protected":false},"author":1,"featured_media":0,"parent":2344,"menu_order":0,"comment_status":"closed","ping_status":"closed","template":"","meta":{"_monsterinsights_skip_tracking":false,"_monsterinsights_sitenote_active":false,"_monsterinsights_sitenote_note":"","_monsterinsights_sitenote_category":0,"footnotes":""},"class_list":["post-4717","page","type-page","status-publish","hentry"],"_links":{"self":[{"href":"https:\/\/wsse.krakow.pl\/page\/wp-json\/wp\/v2\/pages\/4717","targetHints":{"allow":["GET"]}}],"collection":[{"href":"https:\/\/wsse.krakow.pl\/page\/wp-json\/wp\/v2\/pages"}],"about":[{"href":"https:\/\/wsse.krakow.pl\/page\/wp-json\/wp\/v2\/types\/page"}],"author":[{"embeddable":true,"href":"https:\/\/wsse.krakow.pl\/page\/wp-json\/wp\/v2\/users\/1"}],"replies":[{"embeddable":true,"href":"https:\/\/wsse.krakow.pl\/page\/wp-json\/wp\/v2\/comments?post=4717"}],"version-history":[{"count":23,"href":"https:\/\/wsse.krakow.pl\/page\/wp-json\/wp\/v2\/pages\/4717\/revisions"}],"predecessor-version":[{"id":4722,"href":"https:\/\/wsse.krakow.pl\/page\/wp-json\/wp\/v2\/pages\/4717\/revisions\/4722"}],"up":[{"embeddable":true,"href":"https:\/\/wsse.krakow.pl\/page\/wp-json\/wp\/v2\/pages\/2344"}],"wp:attachment":[{"href":"https:\/\/wsse.krakow.pl\/page\/wp-json\/wp\/v2\/media?parent=4717"}],"curies":[{"name":"wp","href":"https:\/\/api.w.org\/{rel}","templated":true}]}}