{"id":6202,"date":"2020-03-20T09:52:30","date_gmt":"2020-03-20T08:52:30","guid":{"rendered":"https:\/\/wsse.krakow.pl\/page\/?page_id=6202"},"modified":"2020-05-14T14:01:38","modified_gmt":"2020-05-14T12:01:38","slug":"przydatne-strony-dotyczace-koronawirusa","status":"publish","type":"page","link":"https:\/\/wsse.krakow.pl\/page\/przydatne-strony-dotyczace-koronawirusa\/","title":{"rendered":"Przydatne strony dotycz\u0105ce koronawirusa"},"content":{"rendered":"<p><strong>\u015awiatowa Organizacja Zdrowia<\/strong>: <a href=\"http:\/\/www.who.int\/emergencies\/diseases\/novel-coronavirus-2019\">www.who.int\/emergencies\/diseases\/novel-coronavirus-2019<\/a><\/p>\n<p><strong>Ministerstwo Spraw Wewn\u0119trznych i Administracji<\/strong>: <a href=\"http:\/\/www.gov.pl\/web\/mswia\">www.gov.pl\/web\/mswia<\/a><\/p>\n<p><strong>Ministerstwo Zdrowia: <\/strong><a href=\"http:\/\/www.gov.pl\/web\/zdrowie\">www.gov.pl\/web\/zdrowie<\/a><\/p>\n<p><strong>G\u0142\u00f3wny Inspektorat Sanitarny<\/strong>: <a href=\"http:\/\/www.gis.gov.pl\">www.gis.gov.pl<\/a><\/p>\n<p><strong>Ma\u0142opolski Urz\u0105d Wojew\u00f3dzki<\/strong>: <a href=\"http:\/\/www.malopolska.uw.gov.pl\/index.aspx\">www.malopolska.uw.gov.pl\/index.aspx<\/a><\/p>\n<p><strong>Aktualne informacje i zalecenia dot. koronawirusa: <\/strong><a href=\"http:\/\/www.gov.pl\/web\/koronawirus\">www.gov.pl\/web\/koronawirus<\/a><\/p>\n<p><strong>Najcz\u0119\u015bciej pojawiaj\u0105ce si\u0119 pytania i odpowiedzi na temat koronawirusa: <\/strong><a href=\"http:\/\/www.gov.pl\/web\/koronawirus\/pytania-i-odpowiedzi\">www.gov.pl\/web\/koronawirus\/pytania-i-odpowiedzi<\/a><\/p>\n<p><strong>Aplikacja &#8222;Kwarantanna domowa&#8221; : \u00a0<\/strong><a href=\"http:\/\/www.gov.pl\/web\/koronawirus\/kwarantanna-domowa\">www.gov.pl\/web\/koronawirus\/kwarantanna-domowa<strong>\u00a0<\/strong><\/a><\/p>\n<p><a href=\"http:\/\/www.gov.pl\/web\/cyfryzacja\/aplikacja-kwarantanna-domowa--ruszyl-proces-jej-udostepniania\">www.gov.pl\/web\/cyfryzacja\/aplikacja-kwarantanna-domowa&#8211;ruszyl-proces-jej-udostepniania<\/a><\/p>\n<p><strong>Rz\u0105dowe Centrum Legislacji<\/strong>:\u00a0 <a href=\"https:\/\/www.rcl.gov.pl\/?q=content\/teksty-ujednolicone-aktow-prawnych\">https:\/\/www.rcl.gov.pl\/?q=content\/teksty-ujednolicone-aktow-prawnych<\/a><\/p>\n<p>&nbsp;<\/p>\n","protected":false},"excerpt":{"rendered":"<p>\u015awiatowa Organizacja Zdrowia: www.who.int\/emergencies\/diseases\/novel-coronavirus-2019 Ministerstwo Spraw Wewn\u0119trznych i Administracji: www.gov.pl\/web\/mswia Ministerstwo Zdrowia: www.gov.pl\/web\/zdrowie G\u0142\u00f3wny Inspektorat Sanitarny: www.gis.gov.pl Ma\u0142opolski Urz\u0105d Wojew\u00f3dzki: www.malopolska.uw.gov.pl\/index.aspx Aktualne informacje i zalecenia dot. koronawirusa: www.gov.pl\/web\/koronawirus Najcz\u0119\u015bciej pojawiaj\u0105ce si\u0119 pytania i odpowiedzi na temat koronawirusa: www.gov.pl\/web\/koronawirus\/pytania-i-odpowiedzi Aplikacja &#8222;Kwarantanna domowa&#8221; : \u00a0www.gov.pl\/web\/koronawirus\/kwarantanna-domowa\u00a0 www.gov.pl\/web\/cyfryzacja\/aplikacja-kwarantanna-domowa&#8211;ruszyl-proces-jej-udostepniania Rz\u0105dowe Centrum Legislacji:\u00a0 https:\/\/www.rcl.gov.pl\/?q=content\/teksty-ujednolicone-aktow-prawnych &nbsp;<\/p>\n","protected":false},"author":45,"featured_media":0,"parent":0,"menu_order":0,"comment_status":"closed","ping_status":"closed","template":"","meta":{"_monsterinsights_skip_tracking":false,"_monsterinsights_sitenote_active":false,"_monsterinsights_sitenote_note":"","_monsterinsights_sitenote_category":0,"footnotes":""},"class_list":["post-6202","page","type-page","status-publish","hentry"],"_links":{"self":[{"href":"https:\/\/wsse.krakow.pl\/page\/wp-json\/wp\/v2\/pages\/6202","targetHints":{"allow":["GET"]}}],"collection":[{"href":"https:\/\/wsse.krakow.pl\/page\/wp-json\/wp\/v2\/pages"}],"about":[{"href":"https:\/\/wsse.krakow.pl\/page\/wp-json\/wp\/v2\/types\/page"}],"author":[{"embeddable":true,"href":"https:\/\/wsse.krakow.pl\/page\/wp-json\/wp\/v2\/users\/45"}],"replies":[{"embeddable":true,"href":"https:\/\/wsse.krakow.pl\/page\/wp-json\/wp\/v2\/comments?post=6202"}],"version-history":[{"count":12,"href":"https:\/\/wsse.krakow.pl\/page\/wp-json\/wp\/v2\/pages\/6202\/revisions"}],"predecessor-version":[{"id":7106,"href":"https:\/\/wsse.krakow.pl\/page\/wp-json\/wp\/v2\/pages\/6202\/revisions\/7106"}],"wp:attachment":[{"href":"https:\/\/wsse.krakow.pl\/page\/wp-json\/wp\/v2\/media?parent=6202"}],"curies":[{"name":"wp","href":"https:\/\/api.w.org\/{rel}","templated":true}]}}