{"id":7078,"date":"2020-05-14T10:25:16","date_gmt":"2020-05-14T08:25:16","guid":{"rendered":"https:\/\/wsse.krakow.pl\/page\/?page_id=7078"},"modified":"2020-07-01T14:33:44","modified_gmt":"2020-07-01T12:33:44","slug":"malopolska-tarcza-kryzysowa-pakiet-medyczny","status":"publish","type":"page","link":"https:\/\/wsse.krakow.pl\/page\/realizowane-projekty\/malopolska-tarcza-kryzysowa-pakiet-medyczny\/","title":{"rendered":"Ma\u0142opolska Tarcza Antykryzysowa &#8211; Pakiet Medyczny"},"content":{"rendered":"<h5><a href=\"https:\/\/wsse.krakow.pl\/page\/wp-content\/uploads\/2020\/05\/EFS_kolor.jpg\" data-rel=\"lightbox-image-0\" data-rl_title=\"\" data-rl_caption=\"\" title=\"\"><img loading=\"lazy\" decoding=\"async\" class=\"alignnone size-full wp-image-7083\" src=\"https:\/\/wsse.krakow.pl\/page\/wp-content\/uploads\/2020\/05\/EFS_kolor.jpg\" alt=\"\" width=\"2357\" height=\"139\" srcset=\"https:\/\/wsse.krakow.pl\/page\/wp-content\/uploads\/2020\/05\/EFS_kolor.jpg 2357w, https:\/\/wsse.krakow.pl\/page\/wp-content\/uploads\/2020\/05\/EFS_kolor-300x18.jpg 300w, https:\/\/wsse.krakow.pl\/page\/wp-content\/uploads\/2020\/05\/EFS_kolor-1500x88.jpg 1500w, https:\/\/wsse.krakow.pl\/page\/wp-content\/uploads\/2020\/05\/EFS_kolor-150x9.jpg 150w, https:\/\/wsse.krakow.pl\/page\/wp-content\/uploads\/2020\/05\/EFS_kolor-768x45.jpg 768w, https:\/\/wsse.krakow.pl\/page\/wp-content\/uploads\/2020\/05\/EFS_kolor-1536x91.jpg 1536w, https:\/\/wsse.krakow.pl\/page\/wp-content\/uploads\/2020\/05\/EFS_kolor-2048x121.jpg 2048w\" sizes=\"auto, (max-width: 2357px) 100vw, 2357px\" \/><\/a><\/h5>\n<p>&nbsp;<\/p>\n<p style=\"text-align: center;\"><strong>Regionalny Program Operacyjny Wojew\u00f3dztwa Ma\u0142opolskiego na lata 2014-2020<br \/>\n9 O\u015b Priorytetowa Region Sp\u00f3jny Spo\u0142ecznie<br \/>\nDzia\u0142anie 9.2 Us\u0142ugi Spo\u0142eczne i Zdrowotne<br \/>\nPoddzia\u0142anie 9.2.1 Us\u0142ugi Spo\u0142eczne i Zdrowotne w Regionie<br \/>\nLider: Wojew\u00f3dztwo Ma\u0142opolskie &#8211; Biuro Inwestycji Strategicznych<\/strong><\/p>\n<p>&nbsp;<\/p>\n<p style=\"text-align: center;\"><strong>Wojew\u00f3dzka Stacja Sanitarno-Epidemiologiczna w Krakowie<\/strong> podpisa\u0142a z Wojew\u00f3dztwem Ma\u0142opolskim umow\u0119 partnersk\u0105 na rzecz wsp\u00f3lnej realizacji projektu pn. <strong><em>&#8222;Ma\u0142opolska Tarcza Antykryzysowa &#8211; Pakiet Medyczny&#8221;<\/em><\/strong>.<\/p>\n<p><strong>G\u0142\u00f3wnym celem projektu<\/strong> jest rozw\u00f3j us\u0142ug zdrowotnych w zakresie <strong>zwalczania epidemii COVID-19 na terenie wojew\u00f3dztwa ma\u0142opolskiego<\/strong>. Dzia\u0142ania koncentruj\u0105 si\u0119 na udzielaniu wsparcia partnerom i obejmuj\u0105 w szczeg\u00f3lno\u015bci:<\/p>\n<ul>\n<li>zakup i dzier\u017caw\u0119 niezb\u0119dnej aparatury medycznej i diagnostycznej,<\/li>\n<li>zakup \u015brodk\u00f3w ochrony osobistej,<\/li>\n<li>zakup specjalistycznych \u015brodk\u00f3w transportu sanitarnego wraz z aparatur\u0105 medyczn\u0105,<\/li>\n<li>zakup odczynnik\u00f3w oraz materia\u0142\u00f3w medycznych,<\/li>\n<li>zakup \u015brodk\u00f3w do dezynfekcji oraz urz\u0105dze\u0144 do dezynfekcji,<\/li>\n<li>zakup test\u00f3w na obecno\u015b\u0107 koronawirusa SARS -CoV-2,<\/li>\n<li>zakup i monta\u017c tymczasowych obiekt\u00f3w kubaturowych,<\/li>\n<li>finansowanie us\u0142ug transportu sanitarnego zwi\u0105zanych z ograniczeniem skutk\u00f3w epidemii.<\/li>\n<\/ul>\n<p><strong>W\u00a0ramach projektu WSSE planuje:<\/strong><\/p>\n<ul>\n<li style=\"list-style-type: none;\">\n<ul>\n<li>zakup niezb\u0119dnego sprz\u0119tu i wyposa\u017cenia laboratoryjnego<\/li>\n<li>zakup 3 specjalistycznych samochod\u00f3w ch\u0142odni<\/li>\n<li>zakup test\u00f3w do oznaczania wirusa SARS-CoV-2<\/li>\n<li>zabezpieczenie 2 zespo\u0142\u00f3w transportu sanitarnego do pobierania wymaz\u00f3w<\/li>\n<\/ul>\n<\/li>\n<\/ul>\n<p>Z efekt\u00f3w projektu skorzystaj\u0105 przede wszyscy mieszka\u0144cy wojew\u00f3dztwa ma\u0142opolskiego i osoby przebywaj\u0105ce tymczasowo na jego terenie, w tych grupach tak\u017ce personel medyczny.<\/p>\n<p>&nbsp;<\/p>\n<p style=\"text-align: center;\"><strong>Warto\u015b\u0107 dofinansowania dla Wojew\u00f3dzkiej Stacji Sanitarno-Epidemiologicznej:\u00a0 <\/strong><strong>3 500 000 z\u0142<\/strong><\/p>\n<p style=\"text-align: center;\"><strong>Warto\u015b\u0107 ca\u0142ego projektu:\u00a0 114\u00a0061 350,00 z\u0142<\/strong><\/p>\n<p style=\"text-align: center;\"><strong>Inwestycja jest wsp\u00f3\u0142finansowana ze \u015brodk\u00f3w Europejskiego Funduszu Spo\u0142ecznego w ramach Regionalnego Programu Operacyjnego Wojew\u00f3dztwa Ma\u0142opolskiego na lata 2014-2020.<\/strong><\/p>\n<p style=\"text-align: center;\">(85% Europejski Fundusz Spo\u0142eczny, 15% Bud\u017cet Pa\u0144stwa)<\/p>\n<p style=\"text-align: center;\"><strong>Termin realizacji: 1.04.2020-31.12.2020<\/strong><\/p>\n","protected":false},"excerpt":{"rendered":"<p>&nbsp; Regionalny Program Operacyjny Wojew\u00f3dztwa Ma\u0142opolskiego na lata 2014-2020 9 O\u015b Priorytetowa Region Sp\u00f3jny Spo\u0142ecznie Dzia\u0142anie 9.2 Us\u0142ugi Spo\u0142eczne i Zdrowotne Poddzia\u0142anie 9.2.1 Us\u0142ugi Spo\u0142eczne i Zdrowotne w Regionie Lider: Wojew\u00f3dztwo Ma\u0142opolskie &#8211; Biuro Inwestycji Strategicznych &nbsp; Wojew\u00f3dzka Stacja Sanitarno-Epidemiologiczna w Krakowie podpisa\u0142a z Wojew\u00f3dztwem Ma\u0142opolskim umow\u0119 partnersk\u0105 na rzecz wsp\u00f3lnej realizacji projektu pn. &#8222;Ma\u0142opolska [&hellip;]<\/p>\n","protected":false},"author":45,"featured_media":0,"parent":7047,"menu_order":1,"comment_status":"closed","ping_status":"closed","template":"","meta":{"_monsterinsights_skip_tracking":false,"_monsterinsights_sitenote_active":false,"_monsterinsights_sitenote_note":"","_monsterinsights_sitenote_category":0,"footnotes":""},"class_list":["post-7078","page","type-page","status-publish","hentry"],"_links":{"self":[{"href":"https:\/\/wsse.krakow.pl\/page\/wp-json\/wp\/v2\/pages\/7078","targetHints":{"allow":["GET"]}}],"collection":[{"href":"https:\/\/wsse.krakow.pl\/page\/wp-json\/wp\/v2\/pages"}],"about":[{"href":"https:\/\/wsse.krakow.pl\/page\/wp-json\/wp\/v2\/types\/page"}],"author":[{"embeddable":true,"href":"https:\/\/wsse.krakow.pl\/page\/wp-json\/wp\/v2\/users\/45"}],"replies":[{"embeddable":true,"href":"https:\/\/wsse.krakow.pl\/page\/wp-json\/wp\/v2\/comments?post=7078"}],"version-history":[{"count":15,"href":"https:\/\/wsse.krakow.pl\/page\/wp-json\/wp\/v2\/pages\/7078\/revisions"}],"predecessor-version":[{"id":7082,"href":"https:\/\/wsse.krakow.pl\/page\/wp-json\/wp\/v2\/pages\/7078\/revisions\/7082"}],"up":[{"embeddable":true,"href":"https:\/\/wsse.krakow.pl\/page\/wp-json\/wp\/v2\/pages\/7047"}],"wp:attachment":[{"href":"https:\/\/wsse.krakow.pl\/page\/wp-json\/wp\/v2\/media?parent=7078"}],"curies":[{"name":"wp","href":"https:\/\/api.w.org\/{rel}","templated":true}]}}