{"id":8879,"date":"2020-09-09T16:36:22","date_gmt":"2020-09-09T14:36:22","guid":{"rendered":"https:\/\/wsse.krakow.pl\/page\/?page_id=8879"},"modified":"2020-10-21T21:31:47","modified_gmt":"2020-10-21T19:31:47","slug":"porady-grzyboznawcy","status":"publish","type":"page","link":"https:\/\/wsse.krakow.pl\/page\/uslugi-laboratoryjne\/wojewodzka-stacja-sanitarno-epidemiologiczna-badania-laboratoryjne\/porady-grzyboznawcy\/","title":{"rendered":"Porady GRZYBOZNAWCY"},"content":{"rendered":"<p>Grzyboznawca Wojew\u00f3dzkiej Stacji Sanitarno-Epidemiologicznej w Krakowie udziela porad grzybowych w zakresie okre\u015blania przynale\u017cno\u015bci gatunkowej grzyb\u00f3w:<\/p>\n<ul>\n<li><strong>poniedzia\u0142ek &#8211; pi\u0105tek<\/strong> \u00a0 <strong>w godz. 7<sup>00<\/sup>\u00a0 do 8<sup>00 <\/sup><\/strong><\/li>\n<li><strong>poniedzia\u0142ek &#8211; pi\u0105tek<\/strong> \u00a0 <strong>w godz. 12<sup>00<\/sup>\u00a0 do 14<sup>00 <\/sup><\/strong><\/li>\n<\/ul>\n<p>&nbsp;<\/p>\n<hr \/>\n<p><span style=\"color: #ff0000;\">W zwi\u0105zku z panuj\u0105c\u0105 epidemi\u0105 uprzejmie informujemy, i\u017c w celu zachowania dystansu spo\u0142ecznego, porady grzybowe b\u0119d\u0105 udzielane pojedynczym osobom.<br \/>\n<\/span><span style=\"color: #ff0000;\">Po wej\u015bciu do budynku nale\u017cy zakry\u0107 usta i nos przy pomocy maski, maseczki lub przy\u0142bicy oraz zdezynfekowa\u0107 d\u0142onie lub za\u0142o\u017cy\u0107 r\u0119kawiczki jednorazowe.<\/span><\/p>\n","protected":false},"excerpt":{"rendered":"<p>Grzyboznawca Wojew\u00f3dzkiej Stacji Sanitarno-Epidemiologicznej w Krakowie udziela porad grzybowych w zakresie okre\u015blania przynale\u017cno\u015bci gatunkowej grzyb\u00f3w: poniedzia\u0142ek &#8211; pi\u0105tek \u00a0 w godz. 700\u00a0 do 800 poniedzia\u0142ek &#8211; pi\u0105tek \u00a0 w godz. 1200\u00a0 do 1400 &nbsp; W zwi\u0105zku z panuj\u0105c\u0105 epidemi\u0105 uprzejmie informujemy, i\u017c w celu zachowania dystansu spo\u0142ecznego, porady grzybowe b\u0119d\u0105 udzielane pojedynczym osobom. Po wej\u015bciu [&hellip;]<\/p>\n","protected":false},"author":29,"featured_media":0,"parent":2419,"menu_order":0,"comment_status":"closed","ping_status":"closed","template":"","meta":{"_monsterinsights_skip_tracking":false,"_monsterinsights_sitenote_active":false,"_monsterinsights_sitenote_note":"","_monsterinsights_sitenote_category":0,"footnotes":""},"class_list":["post-8879","page","type-page","status-publish","hentry"],"_links":{"self":[{"href":"https:\/\/wsse.krakow.pl\/page\/wp-json\/wp\/v2\/pages\/8879","targetHints":{"allow":["GET"]}}],"collection":[{"href":"https:\/\/wsse.krakow.pl\/page\/wp-json\/wp\/v2\/pages"}],"about":[{"href":"https:\/\/wsse.krakow.pl\/page\/wp-json\/wp\/v2\/types\/page"}],"author":[{"embeddable":true,"href":"https:\/\/wsse.krakow.pl\/page\/wp-json\/wp\/v2\/users\/29"}],"replies":[{"embeddable":true,"href":"https:\/\/wsse.krakow.pl\/page\/wp-json\/wp\/v2\/comments?post=8879"}],"version-history":[{"count":6,"href":"https:\/\/wsse.krakow.pl\/page\/wp-json\/wp\/v2\/pages\/8879\/revisions"}],"predecessor-version":[{"id":9435,"href":"https:\/\/wsse.krakow.pl\/page\/wp-json\/wp\/v2\/pages\/8879\/revisions\/9435"}],"up":[{"embeddable":true,"href":"https:\/\/wsse.krakow.pl\/page\/wp-json\/wp\/v2\/pages\/2419"}],"wp:attachment":[{"href":"https:\/\/wsse.krakow.pl\/page\/wp-json\/wp\/v2\/media?parent=8879"}],"curies":[{"name":"wp","href":"https:\/\/api.w.org\/{rel}","templated":true}]}}